{"id":8734,"date":"2021-05-17T11:15:48","date_gmt":"2021-05-17T09:15:48","guid":{"rendered":"https:\/\/www.lavillak.com\/tourismus\/escapades-ludiques\/"},"modified":"2021-05-20T11:27:26","modified_gmt":"2021-05-20T09:27:26","slug":"spielerische-ausfluege-im-elsass","status":"publish","type":"page","link":"https:\/\/www.lavillak.com\/de\/tourismus\/spielerische-ausfluege-im-elsass\/","title":{"rendered":"Spielerische Ausfl\u00fcge im Elsass"},"content":{"rendered":"<p><!-- flzn:zn_pagebanner --><\/p>\n<header id=\"flzn-pagebanner-1\" class=\"zone zn-pagebanner\">\n<div class=\"zone-block zn-pagebanner-block pdd-top pdd-bottom-off alignfull va-center\">\n<div class=\"row zn-pagebanner-row has-bg-imgs\">\n<div class=\"columns zn-pagebanner-col-content large-12\">\n<div class=\"columns-inner\">\n<div class=\"zn-pagebanner-content\"><\/div>\n<\/p><\/div>\n<\/p><\/div>\n<\/p><\/div>\n<\/p><\/div>\n<\/header>\n<p><!-- \/flzn:zn_pagebanner --><br \/>\n<!-- flzn:zn_text_img --><\/p>\n<div id=\"flzn-textimg-1\" class=\"zone zn-textimg\">\n<div class=\"zone-block zn-textimg-block alignwide va-center\">\n<div class=\"row mw-content-zone\">\n<div class=\"columns large-12\">\n<div class=\"row with-nice-alignment zn-textimg-row va-center\" data-equalizer data-equalize-on=\"large\">\n<div class=\"columns large-6 zn-textimg-colimg\" data-equalizer-watch>\n<div class=\"columns-inner zn-textimg-col-inner\">\n<div class=\"zn-textimg-imgs\">\n<div class=\"zn-textimg-imgbox\" title=\"\">\n<figure class=\"zn-textimg-figure\">\n\t\t\t\t\t\t\t\t\t<img decoding=\"async\" class=\"zn-textimg-img\" src=\"https:\/\/www.lavillak.com\/wp-inside\/uploads\/2021\/05\/sortie-famille-europa-park.jpg\" alt=\"Sortie en famille \u00e0 Europa-Park\"\/><br \/>\n\t\t\t\t\t\t\t\t\t\t\t\t\t\t\t\t\t<\/figure>\n<\/p><\/div>\n<\/p><\/div>\n<\/p><\/div>\n<\/p><\/div>\n<div class=\"columns large-6 zn-textimg-coldesc\" data-equalizer-watch>\n<div class=\"columns-inner zn-textimg-descbox\">\n<div class=\"zn-textimg-desc wig-content\">\n<h2>Freizeitparks die Sie nicht verpassen d\u00fcrfen (Elsass, Deutschland und Schweiz)<\/h2>\n<p><strong>Europa Park<\/strong><\/p>\n<p>Zur wahrhaftigen Institution geworden, ist dieser saisonale Freizeitpark der meist besuchte im deutschsprachigen Raum. Er bietet Karusselle und Bahnen f\u00fcr alle Altersklassen und Vorlieben, verteilt auf 95 ha. Sie werden mit Freude durch die verschiedenen, nach Themenbereichen geschm\u00fcckten Quartiere spazieren.<br \/>\nIn Rust, Deutschland (95km) \u2013 mit dem Auto erreichbar.<br \/>\nInternetseite des Europaparks:\u00a0<a href=\"http:\/\/www.europapark.de\/fr\">http:\/\/www.europapark.de\/<\/a><\/p>\n<\/div><\/div>\n<\/p><\/div>\n<\/p><\/div>\n<\/p><\/div>\n<\/p><\/div>\n<\/div>\n<\/div>\n<p><!-- \/flzn:zn_text_img --><br \/>\n<!-- flzn:zn_text --><\/p>\n<div id=\"flzn-text-1\" class=\"zone zn-text\">\n<div class=\"zone-block zn-text-block pdd-top-off pdd-bottom alignwide va-top\">\n<div class=\"row mw-content-zone\">\n<div class=\"columns large-12\">\n<div class=\"row with-nice-alignment nbloc-2 va-top\">\n<div class=\"columns large-6 zn-text-col\">\n<div class=\"columns-inner\">\n<div class=\"wig-content mw-content\">\n<p><strong>Parc du Petit Prince<\/strong><\/p>\n<p>Inspiriert vom Buch von Saint-Exup\u00e9ry \u00ab\u00a0Der kleine Prinz\u00a0\u00bb, ist dieser Flugpark in Ungersheim (40km) ideal f\u00fcr Kinder. Es werden Attraktionen f\u00fcr die ganze Familie geboten, Orte f\u00fcr Tiere sowie der Heissluftballon und die \u201eAerobar\u201c, haben zur Bekanntheit dieses Parks beigetragen! Mit dem Auto erreichbar.<br \/>\nInternetseite des Parks:\u00a0<a href=\"http:\/\/www.parcdupetitprince.com\/\">http:\/\/www.parcdupetitprince.com\/<\/a><\/p>\n<p><strong>Ecomus\u00e9e<\/strong><\/p>\n<p>Das\u00a0<a href=\"https:\/\/fr.wikipedia.org\/wiki\/%C3%89comus%C3%A9e\">\u00c9comus\u00e9e<\/a>\u00a0d\u2019<a href=\"https:\/\/fr.wikipedia.org\/wiki\/Alsace\">Alsace<\/a>\u00a0in\u00a0<a href=\"https:\/\/fr.wikipedia.org\/wiki\/Ungersheim\">Ungersheim<\/a>\u00a0(40km), ein Museum \/ Freilichtpark, wo authentische els\u00e4ssische Bauten wiederhergestellt wurden und ein lebendiges Dorf bilden, die das Leben im Dorf wie es einst war spiegeln: Fachwerkh\u00e4user, Arbeiterh\u00e4user, L\u00e4den, Rathaus, Festungsturm, Festhalle, Bauernhof, Schule\u2026 Eine \u00a0R\u00fcckkehr in die Vergangenheit, die der ganzen Familie gefallen wird! Mit dem Auto erreichbar.<br \/>\nSite du mus\u00e9e\u00a0:\u00a0<a href=\"http:\/\/www.ecomusee-alsace.fr\/\">http:\/\/www.ecomusee-alsace.fr\/<\/a><\/p>\n<\/p><\/div>\n<\/p><\/div>\n<\/p><\/div>\n<div class=\"columns large-6 zn-text-col\">\n<div class=\"columns-inner\">\n<div class=\"wig-content mw-content\">\n<p><strong>Cigoland<\/strong><\/p>\n<p>Der Park Cigoland bietet Attraktionen und Auff\u00fchrungen auch f\u00fcr die ganz kleinen (von 2-12 Jahren), begleitet durch die Eltern. Die Aufmerksamkeit der Kleinen wird durch die Anwesenheit von Tieren (St\u00f6rche, H\u00fchner, Esel, Ziegen\u2026) unterst\u00fctzt. In Kintzheim (80km)- \u00a0mit dem Auto erreichbar.<br \/>\nInternetseite des Parks:\u00a0<a href=\"http:\/\/www.cigoland.fr\/\">http:\/\/www.cigoland.fr\/<\/a><\/p>\n<p><strong>Steinwasen Park<\/strong><\/p>\n<p>Dieser Tierpark liegt in Deutschland in Oberried (80km) und ist mit dem Auto erreichbar. Er z\u00e4hlt nicht weniger als 30 verschiedene Tierarten und h\u00e4lt den Rekord der l\u00e4ngsten Seilbr\u00fccke der Welt (218m lang).<br \/>\nInternetseite des Parks:\u00a0<a href=\"http:\/\/www.steinwasen-park.de\/\">http:\/\/www.steinwasen-park.de\/<\/a><\/p>\n<\/p><\/div>\n<\/p><\/div>\n<\/p><\/div>\n<\/p><\/div>\n<\/p><\/div>\n<\/p><\/div>\n<\/div>\n<\/div>\n<p><!-- \/flzn:zn_text --><br \/>\n<!-- flzn:zn_text --><\/p>\n<div id=\"flzn-text-2\" class=\"zone zn-text\">\n<div class=\"zone-block zn-text-block alignwide va-center\">\n<div class=\"row mw-content-zone\">\n<div class=\"columns large-12\">\n<div class=\"row with-nice-alignment nbloc-2 va-center\" data-equalizer data-equalize-on=\"large\">\n<div class=\"columns large-6 zn-text-col\" data-equalizer-watch>\n<div class=\"columns-inner\">\n<div class=\"wig-content mw-content\">\n<h2>Tierp\u00e4rke in der Gegend des Oberrheins<\/h2>\n<p><strong>Zoo Basel<\/strong><\/p>\n<p>Der Zoo Basel ist im von unserem Hotel aus einfach mit dem Auto, \u00f6ffentlichen Verkehrsmitteln oder Velo erreichbar. Im 1874 gegr\u00fcndet, beherbergt der \u00e4lteste und bekannteste Zoo der Schweiz \u00fcber 600 verschiedene Tierarten und empf\u00e4ngt \u00fcber 2 Mio. Besucher pro Jahr.<br \/>\nInternetseite vom \u00a0Zoo:\u00a0<a href=\"http:\/\/www.zoobasel.ch\/\">http:\/\/www.zoobasel.ch\/<\/a><\/p>\n<p><strong>Zoo M\u00fclhausen<\/strong><\/p>\n<p>Entdecken Sie die reiche Vielfalt der weltweiten Flora und Fauna im sch\u00f6nsten Zoo und botanischen Garten von Europa.\u00a0 In M\u00fclhausen (35km) \u2013 mit dem Auto erreichbar.<br \/>\nSite du Zoo:\u00a0<a href=\"http:\/\/www.zoo-mulhouse.com\/\">http:\/\/www.zoo-mulhouse.com\/<\/a><\/p>\n<p><strong>Volerie des Aigles<\/strong><\/p>\n<p>Die Greifvogelwarte \u00ab\u00a0volerie des Aigles\u00a0\u00bb bietet den Besuchern die einmalige Gelegenheit, die sch\u00f6nsten und gr\u00f6ssten Greifv\u00f6gel der Welt aus der N\u00e4he zu beobachten und zu bewundern. \u00a0In Kintzheim (80km) \u2013 mit dem Auto erreichbar.<br \/>\nInternetseite der Greifvogelwarte:\u00a0<a href=\"http:\/\/www.voleriedesaigles.com\/\">http:\/\/www.voleriedesaigles.com\/<\/a><\/p>\n<\/p><\/div>\n<\/p><\/div>\n<\/p><\/div>\n<div class=\"columns large-6 zn-text-col\" data-equalizer-watch>\n<div class=\"columns-inner\">\n<div class=\"wig-content mw-content\">\n<p><strong>Montagne des Singes<\/strong><\/p>\n<p>Machen Sie einen unvergesslichen Spaziergang inmitten von mehr als 200 Berberaffen, die auf 24h Wald frei leben. In Kintzheim (80km) \u2013 mit dem Auto erreichbar).<br \/>\nInternetseite des Parks:\u00a0<a href=\"http:\/\/www.montagnedessinges.com\/fr\">http:\/\/www.montagnedessinges.com\/fr<\/a><\/p>\n<p><strong>Schmetterlingsgarten<\/strong><\/p>\n<p>Wir pr\u00e4sentieren Ihnen zur grossen Augenfreude eine faszinierende Sammlung exotischer Schmetterlinge, die in einer \u00fcppigen Flora frei leben. In Hunawihr (75km) \u2013 mit dem Auto erreichbar.<br \/>\nInternetseite des Gartens:\u00a0<a href=\"http:\/\/www.jardinsdespapillons.fr\/\">http:\/\/www.jardinsdespapillons.fr\/<\/a><\/p>\n<\/p><\/div>\n<\/p><\/div>\n<\/p><\/div>\n<\/p><\/div>\n<\/p><\/div>\n<\/p><\/div>\n<\/div>\n<\/div>\n<p><!-- \/flzn:zn_text --><br \/>\n<!-- flzn:zn_text_img --><\/p>\n<div id=\"flzn-textimg-2\" class=\"zone zn-textimg\">\n<div class=\"zone-block zn-textimg-block alignwide va-center\">\n<div class=\"row mw-content-zone\">\n<div class=\"columns large-12\">\n<div class=\"row with-nice-alignment zn-textimg-row va-center\" data-equalizer data-equalize-on=\"large\">\n<div class=\"columns large-6 large-push-6 zn-textimg-colimg\" data-equalizer-watch>\n<div class=\"columns-inner zn-textimg-col-inner\">\n<div class=\"zn-textimg-imgs\">\n<div class=\"zn-textimg-imgbox\" title=\"\">\n<figure class=\"zn-textimg-figure\">\n\t\t\t\t\t\t\t\t\t<img decoding=\"async\" class=\"zn-textimg-img\" src=\"https:\/\/www.lavillak.com\/wp-inside\/uploads\/2021\/05\/parc-aquatique.jpg\" alt=\"Sortie Parc Aquatique Alsace\"\/><br \/>\n\t\t\t\t\t\t\t\t\t\t\t\t\t\t\t\t\t<\/figure>\n<\/p><\/div>\n<\/p><\/div>\n<\/p><\/div>\n<\/p><\/div>\n<div class=\"columns large-6 large-pull-6 zn-textimg-coldesc\" data-equalizer-watch>\n<div class=\"columns-inner zn-textimg-descbox\">\n<div class=\"zn-textimg-desc wig-content\">\n<h2>Vergessen Sie nicht den Badeanzug! Es erwarten Sie aussergew\u00f6hnliche Erlebnisb\u00e4der<\/h2>\n<p><strong>Laguna<\/strong><\/p>\n<p>Das Laguna Badeland liegt in Deutschland in Weil-am-Rhein (6km) und umfasst ein Hallenschwimmbad, ein Freiluftschwimmbad, ein Wellenbad und eine Sauna. Mit dem Auto erreichbar.<br \/>\nInternetseite vom Laguna:\u00a0<a href=\"http:\/\/www.laguna-badeland.de\/fr\/\">http:\/\/www.laguna-badeland.de\/<\/a><\/p>\n<p><strong>AquaBasilea<\/strong><\/p>\n<p>Dieses Erlebnisbad\u00a0 liegt in Pratteln (15km) in der Schweiz. Zwischen Erlebnisbecken und Ruhezonen findet jeder etwas nach seinem Geschmack. Mit dem Auto oder \u00f6ffentlichen Verkehrsmitteln erreichbar.<br \/>\nInternetseite vom AquaBasilea:\u00a0<a href=\"http:\/\/fr.aquabasilea.ch\/\">http:\/\/fr.aquabasilea.ch\/<\/a><\/p>\n<p><strong>Badeparadies<\/strong><\/p>\n<p>Das Schwimmbad Badeparadies Schwarzwald in Titisee-Neustadt (100km) in Deutschland besteht aus drei verschiedenen R\u00e4umen: Palmenoase, Schwarzwald Galaxy und Wellnessoase.<br \/>\nInternetseite vom Badeparadies:\u00a0<a href=\"https:\/\/www.badeparadies-schwarzwald.de\/fr\/\">https:\/\/www.badeparadies-schwarzwald.de\/fr\/<\/a><\/p>\n<\/div><\/div>\n<\/p><\/div>\n<\/p><\/div>\n<\/p><\/div>\n<\/p><\/div>\n<\/div>\n<\/div>\n<p><!-- \/flzn:zn_text_img --><\/p>\n","protected":false},"excerpt":{"rendered":"<p>Freizeitparks die Sie nicht verpassen d\u00fcrfen (Elsass, Deutschland und Schweiz) Europa Park Zur wahrhaftigen Institution geworden, ist dieser saisonale Freizeitpark der meist besuchte im deutschsprachigen Raum. Er bietet Karusselle und [&hellip;]<\/p>\n","protected":false},"author":3,"featured_media":7964,"parent":8720,"menu_order":10,"comment_status":"closed","ping_status":"closed","template":"","meta":{"_acf_changed":false,"footnotes":""},"class_list":["post-8734","page","type-page","status-publish","has-post-thumbnail","hentry","wp-sticky"],"acf":[],"yoast_head":"<!-- This site is optimized with the Yoast SEO plugin v27.4 - https:\/\/yoast.com\/product\/yoast-seo-wordpress\/ -->\n<title>Spielerische Ausfl\u00fcge im Elsass<\/title>\n<meta name=\"robots\" content=\"index, follow, max-snippet:-1, max-image-preview:large, max-video-preview:-1\" \/>\n<link rel=\"canonical\" href=\"https:\/\/www.lavillak.com\/de\/tourismus\/spielerische-ausfluege-im-elsass\/\" \/>\n<meta property=\"og:locale\" content=\"de_DE\" \/>\n<meta property=\"og:type\" content=\"article\" \/>\n<meta property=\"og:title\" content=\"Spielerische Ausfl\u00fcge im Elsass\" \/>\n<meta property=\"og:description\" content=\"Freizeitparks die Sie nicht verpassen d\u00fcrfen (Elsass, Deutschland und Schweiz) Europa Park Zur wahrhaftigen Institution geworden, ist dieser saisonale Freizeitpark der meist besuchte im deutschsprachigen Raum. Er bietet Karusselle und [&hellip;]\" \/>\n<meta property=\"og:url\" content=\"https:\/\/www.lavillak.com\/de\/tourismus\/spielerische-ausfluege-im-elsass\/\" \/>\n<meta property=\"og:site_name\" content=\"La Villa K\" \/>\n<meta property=\"article:publisher\" content=\"https:\/\/www.facebook.com\/lavillak\/\" \/>\n<meta property=\"article:modified_time\" content=\"2021-05-20T09:27:26+00:00\" \/>\n<meta property=\"og:image\" content=\"https:\/\/www.lavillak.com\/wp-inside\/uploads\/2021\/05\/escapades-ludiques.jpg\" \/>\n\t<meta property=\"og:image:width\" content=\"1024\" \/>\n\t<meta property=\"og:image:height\" content=\"400\" \/>\n\t<meta property=\"og:image:type\" content=\"image\/jpeg\" \/>\n<meta name=\"twitter:card\" content=\"summary_large_image\" \/>\n<meta name=\"twitter:label1\" content=\"Gesch\u00e4tzte Lesezeit\" \/>\n\t<meta name=\"twitter:data1\" content=\"3\u00a0Minuten\" \/>\n<script type=\"application\/ld+json\" class=\"yoast-schema-graph\">{\"@context\":\"https:\\\/\\\/schema.org\",\"@graph\":[{\"@type\":\"WebPage\",\"@id\":\"https:\\\/\\\/www.lavillak.com\\\/de\\\/tourismus\\\/spielerische-ausfluege-im-elsass\\\/\",\"url\":\"https:\\\/\\\/www.lavillak.com\\\/de\\\/tourismus\\\/spielerische-ausfluege-im-elsass\\\/\",\"name\":\"Spielerische Ausfl\u00fcge im Elsass\",\"isPartOf\":{\"@id\":\"https:\\\/\\\/www.lavillak.com\\\/de\\\/#website\"},\"primaryImageOfPage\":{\"@id\":\"https:\\\/\\\/www.lavillak.com\\\/de\\\/tourismus\\\/spielerische-ausfluege-im-elsass\\\/#primaryimage\"},\"image\":{\"@id\":\"https:\\\/\\\/www.lavillak.com\\\/de\\\/tourismus\\\/spielerische-ausfluege-im-elsass\\\/#primaryimage\"},\"thumbnailUrl\":\"https:\\\/\\\/www.lavillak.com\\\/wp-inside\\\/uploads\\\/2021\\\/05\\\/escapades-ludiques.jpg\",\"datePublished\":\"2021-05-17T09:15:48+00:00\",\"dateModified\":\"2021-05-20T09:27:26+00:00\",\"breadcrumb\":{\"@id\":\"https:\\\/\\\/www.lavillak.com\\\/de\\\/tourismus\\\/spielerische-ausfluege-im-elsass\\\/#breadcrumb\"},\"inLanguage\":\"de\",\"potentialAction\":[{\"@type\":\"ReadAction\",\"target\":[\"https:\\\/\\\/www.lavillak.com\\\/de\\\/tourismus\\\/spielerische-ausfluege-im-elsass\\\/\"]}]},{\"@type\":\"ImageObject\",\"inLanguage\":\"de\",\"@id\":\"https:\\\/\\\/www.lavillak.com\\\/de\\\/tourismus\\\/spielerische-ausfluege-im-elsass\\\/#primaryimage\",\"url\":\"https:\\\/\\\/www.lavillak.com\\\/wp-inside\\\/uploads\\\/2021\\\/05\\\/escapades-ludiques.jpg\",\"contentUrl\":\"https:\\\/\\\/www.lavillak.com\\\/wp-inside\\\/uploads\\\/2021\\\/05\\\/escapades-ludiques.jpg\",\"width\":1024,\"height\":400,\"caption\":\"Escapades ludiques\"},{\"@type\":\"BreadcrumbList\",\"@id\":\"https:\\\/\\\/www.lavillak.com\\\/de\\\/tourismus\\\/spielerische-ausfluege-im-elsass\\\/#breadcrumb\",\"itemListElement\":[{\"@type\":\"ListItem\",\"position\":1,\"name\":\"Home\",\"item\":\"https:\\\/\\\/www.lavillak.com\\\/de\\\/\"},{\"@type\":\"ListItem\",\"position\":2,\"name\":\"Tourismus\",\"item\":\"https:\\\/\\\/www.lavillak.com\\\/de\\\/tourismus\\\/\"},{\"@type\":\"ListItem\",\"position\":3,\"name\":\"Spielerische Ausfl\u00fcge im Elsass\"}]},{\"@type\":\"WebSite\",\"@id\":\"https:\\\/\\\/www.lavillak.com\\\/de\\\/#website\",\"url\":\"https:\\\/\\\/www.lavillak.com\\\/de\\\/\",\"name\":\"La Villa K\",\"description\":\"H\u00f4tel Spa Restaurant 4 \u00e9toiles\",\"publisher\":{\"@id\":\"https:\\\/\\\/www.lavillak.com\\\/de\\\/#organization\"},\"potentialAction\":[{\"@type\":\"SearchAction\",\"target\":{\"@type\":\"EntryPoint\",\"urlTemplate\":\"https:\\\/\\\/www.lavillak.com\\\/de\\\/?s={search_term_string}\"},\"query-input\":{\"@type\":\"PropertyValueSpecification\",\"valueRequired\":true,\"valueName\":\"search_term_string\"}}],\"inLanguage\":\"de\"},{\"@type\":\"Organization\",\"@id\":\"https:\\\/\\\/www.lavillak.com\\\/de\\\/#organization\",\"name\":\"La Villa K\",\"url\":\"https:\\\/\\\/www.lavillak.com\\\/de\\\/\",\"logo\":{\"@type\":\"ImageObject\",\"inLanguage\":\"de\",\"@id\":\"https:\\\/\\\/www.lavillak.com\\\/de\\\/#\\\/schema\\\/logo\\\/image\\\/\",\"url\":\"https:\\\/\\\/www.lavillak.com\\\/wp-inside\\\/uploads\\\/2021\\\/05\\\/logo-hotel-lavillak-230x144_2x.png\",\"contentUrl\":\"https:\\\/\\\/www.lavillak.com\\\/wp-inside\\\/uploads\\\/2021\\\/05\\\/logo-hotel-lavillak-230x144_2x.png\",\"width\":460,\"height\":288,\"caption\":\"La Villa K\"},\"image\":{\"@id\":\"https:\\\/\\\/www.lavillak.com\\\/de\\\/#\\\/schema\\\/logo\\\/image\\\/\"},\"sameAs\":[\"https:\\\/\\\/www.facebook.com\\\/lavillak\\\/\",\"https:\\\/\\\/www.instagram.com\\\/hotellavillak\\\/\",\"https:\\\/\\\/fr.pinterest.com\\\/hotellavillaket\\\/\"]}]}<\/script>\n<!-- \/ Yoast SEO plugin. -->","yoast_head_json":{"title":"Spielerische Ausfl\u00fcge im Elsass","robots":{"index":"index","follow":"follow","max-snippet":"max-snippet:-1","max-image-preview":"max-image-preview:large","max-video-preview":"max-video-preview:-1"},"canonical":"https:\/\/www.lavillak.com\/de\/tourismus\/spielerische-ausfluege-im-elsass\/","og_locale":"de_DE","og_type":"article","og_title":"Spielerische Ausfl\u00fcge im Elsass","og_description":"Freizeitparks die Sie nicht verpassen d\u00fcrfen (Elsass, Deutschland und Schweiz) Europa Park Zur wahrhaftigen Institution geworden, ist dieser saisonale Freizeitpark der meist besuchte im deutschsprachigen Raum. Er bietet Karusselle und [&hellip;]","og_url":"https:\/\/www.lavillak.com\/de\/tourismus\/spielerische-ausfluege-im-elsass\/","og_site_name":"La Villa K","article_publisher":"https:\/\/www.facebook.com\/lavillak\/","article_modified_time":"2021-05-20T09:27:26+00:00","og_image":[{"width":1024,"height":400,"url":"https:\/\/www.lavillak.com\/wp-inside\/uploads\/2021\/05\/escapades-ludiques.jpg","type":"image\/jpeg"}],"twitter_card":"summary_large_image","twitter_misc":{"Gesch\u00e4tzte Lesezeit":"3\u00a0Minuten"},"schema":{"@context":"https:\/\/schema.org","@graph":[{"@type":"WebPage","@id":"https:\/\/www.lavillak.com\/de\/tourismus\/spielerische-ausfluege-im-elsass\/","url":"https:\/\/www.lavillak.com\/de\/tourismus\/spielerische-ausfluege-im-elsass\/","name":"Spielerische Ausfl\u00fcge im Elsass","isPartOf":{"@id":"https:\/\/www.lavillak.com\/de\/#website"},"primaryImageOfPage":{"@id":"https:\/\/www.lavillak.com\/de\/tourismus\/spielerische-ausfluege-im-elsass\/#primaryimage"},"image":{"@id":"https:\/\/www.lavillak.com\/de\/tourismus\/spielerische-ausfluege-im-elsass\/#primaryimage"},"thumbnailUrl":"https:\/\/www.lavillak.com\/wp-inside\/uploads\/2021\/05\/escapades-ludiques.jpg","datePublished":"2021-05-17T09:15:48+00:00","dateModified":"2021-05-20T09:27:26+00:00","breadcrumb":{"@id":"https:\/\/www.lavillak.com\/de\/tourismus\/spielerische-ausfluege-im-elsass\/#breadcrumb"},"inLanguage":"de","potentialAction":[{"@type":"ReadAction","target":["https:\/\/www.lavillak.com\/de\/tourismus\/spielerische-ausfluege-im-elsass\/"]}]},{"@type":"ImageObject","inLanguage":"de","@id":"https:\/\/www.lavillak.com\/de\/tourismus\/spielerische-ausfluege-im-elsass\/#primaryimage","url":"https:\/\/www.lavillak.com\/wp-inside\/uploads\/2021\/05\/escapades-ludiques.jpg","contentUrl":"https:\/\/www.lavillak.com\/wp-inside\/uploads\/2021\/05\/escapades-ludiques.jpg","width":1024,"height":400,"caption":"Escapades ludiques"},{"@type":"BreadcrumbList","@id":"https:\/\/www.lavillak.com\/de\/tourismus\/spielerische-ausfluege-im-elsass\/#breadcrumb","itemListElement":[{"@type":"ListItem","position":1,"name":"Home","item":"https:\/\/www.lavillak.com\/de\/"},{"@type":"ListItem","position":2,"name":"Tourismus","item":"https:\/\/www.lavillak.com\/de\/tourismus\/"},{"@type":"ListItem","position":3,"name":"Spielerische Ausfl\u00fcge im Elsass"}]},{"@type":"WebSite","@id":"https:\/\/www.lavillak.com\/de\/#website","url":"https:\/\/www.lavillak.com\/de\/","name":"La Villa K","description":"H\u00f4tel Spa Restaurant 4 \u00e9toiles","publisher":{"@id":"https:\/\/www.lavillak.com\/de\/#organization"},"potentialAction":[{"@type":"SearchAction","target":{"@type":"EntryPoint","urlTemplate":"https:\/\/www.lavillak.com\/de\/?s={search_term_string}"},"query-input":{"@type":"PropertyValueSpecification","valueRequired":true,"valueName":"search_term_string"}}],"inLanguage":"de"},{"@type":"Organization","@id":"https:\/\/www.lavillak.com\/de\/#organization","name":"La Villa K","url":"https:\/\/www.lavillak.com\/de\/","logo":{"@type":"ImageObject","inLanguage":"de","@id":"https:\/\/www.lavillak.com\/de\/#\/schema\/logo\/image\/","url":"https:\/\/www.lavillak.com\/wp-inside\/uploads\/2021\/05\/logo-hotel-lavillak-230x144_2x.png","contentUrl":"https:\/\/www.lavillak.com\/wp-inside\/uploads\/2021\/05\/logo-hotel-lavillak-230x144_2x.png","width":460,"height":288,"caption":"La Villa K"},"image":{"@id":"https:\/\/www.lavillak.com\/de\/#\/schema\/logo\/image\/"},"sameAs":["https:\/\/www.facebook.com\/lavillak\/","https:\/\/www.instagram.com\/hotellavillak\/","https:\/\/fr.pinterest.com\/hotellavillaket\/"]}]}},"_links":{"self":[{"href":"https:\/\/www.lavillak.com\/de\/wp-json\/wp\/v2\/pages\/8734","targetHints":{"allow":["GET"]}}],"collection":[{"href":"https:\/\/www.lavillak.com\/de\/wp-json\/wp\/v2\/pages"}],"about":[{"href":"https:\/\/www.lavillak.com\/de\/wp-json\/wp\/v2\/types\/page"}],"author":[{"embeddable":true,"href":"https:\/\/www.lavillak.com\/de\/wp-json\/wp\/v2\/users\/3"}],"replies":[{"embeddable":true,"href":"https:\/\/www.lavillak.com\/de\/wp-json\/wp\/v2\/comments?post=8734"}],"version-history":[{"count":1,"href":"https:\/\/www.lavillak.com\/de\/wp-json\/wp\/v2\/pages\/8734\/revisions"}],"predecessor-version":[{"id":8737,"href":"https:\/\/www.lavillak.com\/de\/wp-json\/wp\/v2\/pages\/8734\/revisions\/8737"}],"up":[{"embeddable":true,"href":"https:\/\/www.lavillak.com\/de\/wp-json\/wp\/v2\/pages\/8720"}],"wp:featuredmedia":[{"embeddable":true,"href":"https:\/\/www.lavillak.com\/de\/wp-json\/wp\/v2\/media\/7964"}],"wp:attachment":[{"href":"https:\/\/www.lavillak.com\/de\/wp-json\/wp\/v2\/media?parent=8734"}],"curies":[{"name":"wp","href":"https:\/\/api.w.org\/{rel}","templated":true}]}}