{"id":8739,"date":"2021-02-08T09:29:27","date_gmt":"2021-02-08T08:29:27","guid":{"rendered":"https:\/\/www.lavillak.com\/restaurant\/"},"modified":"2024-09-24T14:36:50","modified_gmt":"2024-09-24T12:36:50","slug":"bistrot-la-cave","status":"publish","type":"page","link":"https:\/\/www.lavillak.com\/de\/bistrot-la-cave\/","title":{"rendered":"Restaurant"},"content":{"rendered":"<p><!-- flzn:zn_pagebanner --><\/p>\n<header id=\"flzn-pagebanner-1\" class=\"zone zn-pagebanner\">\n<div class=\"zone-block zn-pagebanner-block alignfull va-center\">\n<div class=\"row zn-pagebanner-row\" >\n<div class=\"columns zn-pagebanner-col-content large-12\" >\n<div class=\"columns-inner\">\n<div class=\"zn-pagebanner-content\"><\/div>\n<\/p><\/div>\n<\/p><\/div>\n<\/p><\/div>\n<\/p><\/div>\n<\/header>\n<p><!-- \/flzn:zn_pagebanner --><br \/>\n<!-- flzn:zn_text --><\/p>\n<div id=\"flzn-text-1\" class=\"zone zn-text\">\n<div class=\"zone-block zn-text-block pdd-top-off va-top\">\n<div class=\"row mw-content-zone\">\n<div class=\"columns large-12\">\n<div class=\"row large-up-1 with-nice-alignment nbloc-1\">\n<div class=\"column zn-text-col\">\n<div class=\"column-inner\">\n<div class=\"wig-content mw-content\">\n<p style=\"text-align: center;\">Das Restaurant Bistrot La Cave wurde am 2. September 2013 in Saint-Louis (Elsass \u2013 5 Minuten. Basel) er\u00f6ffnet. In Partnerschaft mit dem Weinh\u00e4ndler Au Monde du Vin, Weinhandel in Saint-Louis, ist La Cave ein Ort f\u00fcr Entdeckung und Leidenschaft, an dem Kenner und Liebhaber sich gerne um einen guten Tisch mit guten Weinen versammeln.<\/p>\n<\/p><\/div>\n<\/p><\/div>\n<\/p><\/div>\n<\/p><\/div>\n<\/p><\/div>\n<\/p><\/div>\n<\/div>\n<\/div>\n<p><!-- \/flzn:zn_text --><br \/>\n<!-- flzn:zn_text_img --><\/p>\n<div id=\"flzn-textimg-1\" class=\"zone zn-textimg\">\n<div class=\"zone-block zn-textimg-block alignwide va-center\">\n<div class=\"row mw-content-zone\">\n<div class=\"columns large-12\">\n<div class=\"row with-nice-alignment zn-textimg-row va-center\" data-equalizer data-equalize-on=\"large\">\n<div class=\"columns large-6 zn-textimg-colimg\" data-equalizer-watch>\n<div class=\"columns-inner zn-textimg-col-inner\">\n<div class=\"zn-textimg-imgs\">\n<div class=\"zn-textimg-imgbox\" title=\"\">\n<figure class=\"zn-textimg-figure\">\n\t\t\t\t\t\t\t\t\t<img decoding=\"async\" class=\"zn-textimg-img\" src=\"https:\/\/www.lavillak.com\/wp-inside\/uploads\/2024\/09\/carte-septembre-2024-14-800x610.jpg\" alt=\"\"\/><br \/>\n\t\t\t\t\t\t\t\t\t\t\t\t\t\t\t\t\t<\/figure>\n<\/p><\/div>\n<\/p><\/div>\n<\/p><\/div>\n<\/p><\/div>\n<div class=\"columns large-6 zn-textimg-coldesc\" data-equalizer-watch>\n<div class=\"columns-inner zn-textimg-descbox\">\n<div class=\"zn-textimg-desc wig-content\">\n<h2>Die Karte des Restaurants<\/h2>\n<p>Unsere Speisekarte ist das Werk unseres K\u00fcchenchefs, der Wert darauf legt, nur mit frischen Produkten zu arbeiten. Darum\u00a0<strong>wechselt<\/strong>\u00a0unsere Karte\u00a0<strong>alle 3 Monate<\/strong>, um sich den Jahreszeiten anzupassen. Unser Restaurant La Cave in Saint-Louis bietet Ihnen von Montag bis Freitag ebenfalls ein Tagesmen\u00fc und Vorschl\u00e4ge, die t\u00e4glich auf Schiefertafeln pr\u00e4sentiert werden.<\/p>\n<h2>Veranstaltungen zur Verk\u00f6stigung und Veranstaltungen rund um den Wein<\/h2>\n<p>Unser Restaurant La Cave bietet Ihnen ebenfalls einen Veranstaltungskalender, dessen bekanntestes Element \u201e<strong>Le 20, c\u2019est le Vin!<\/strong>\u201c an jedem 20. eines Monats ist und an dem Sie verschiedene vorgestellte Weine zu einem warmen B\u00fcffet probieren k\u00f6nnen. Entdecken Sie ebenfalls unsere\u00a0<strong>Kochkurse<\/strong>\u00a0und anderen Veranstaltungen!<\/p>\n<p>Das Restaurant Bistrot La Cave und seine Weinbar sind t\u00e4glich von 12 Uhr bis 14:30 Uhr und von 19 Uhr bis 22:30 Uhr f\u00fcr Sie ge\u00f6ffnet.<br \/>\nReservation empfohlen.<\/p>\n<div class=\"skp-book\"><a class=\"skp-button button secondary\" href=\"https:\/\/www.bistrotlacave.com\/\" target=\"_blank\" rel=\"noopener noreferrer\">UNSER RESTAURANT<\/a><\/div>\n<\/div><\/div>\n<\/p><\/div>\n<\/p><\/div>\n<\/p><\/div>\n<\/p><\/div>\n<\/div>\n<\/div>\n<p><!-- \/flzn:zn_text_img --><\/p>\n","protected":false},"excerpt":{"rendered":"<p>La Cave ein Ort f\u00fcr Entdeckung und Leidenschaft, an dem Kenner und Liebhaber sich gerne um einen guten Tisch mit guten Weinen versammeln.<\/p>\n","protected":false},"author":3,"featured_media":0,"parent":0,"menu_order":15,"comment_status":"closed","ping_status":"closed","template":"","meta":{"_acf_changed":false,"footnotes":""},"class_list":["post-8739","page","type-page","status-publish","hentry","wp-sticky"],"acf":[],"yoast_head":"<!-- This site is optimized with the Yoast SEO plugin v27.4 - https:\/\/yoast.com\/product\/yoast-seo-wordpress\/ -->\n<title>Bistrot La Cave Restaurant und Weinbar Basel, Elsass Hotel Weingut<\/title>\n<meta name=\"robots\" content=\"index, follow, max-snippet:-1, max-image-preview:large, max-video-preview:-1\" \/>\n<link rel=\"canonical\" href=\"https:\/\/www.lavillak.com\/de\/bistrot-la-cave\/\" \/>\n<meta property=\"og:locale\" content=\"de_DE\" \/>\n<meta property=\"og:type\" content=\"article\" \/>\n<meta property=\"og:title\" content=\"Bistrot La Cave Restaurant und Weinbar Basel, Elsass Hotel Weingut\" \/>\n<meta property=\"og:description\" content=\"La Cave ein Ort f\u00fcr Entdeckung und Leidenschaft, an dem Kenner und Liebhaber sich gerne um einen guten Tisch mit guten Weinen versammeln.\" \/>\n<meta property=\"og:url\" content=\"https:\/\/www.lavillak.com\/de\/bistrot-la-cave\/\" \/>\n<meta property=\"og:site_name\" content=\"La Villa K\" \/>\n<meta property=\"article:publisher\" content=\"https:\/\/www.facebook.com\/lavillak\/\" \/>\n<meta property=\"article:modified_time\" content=\"2024-09-24T12:36:50+00:00\" \/>\n<meta property=\"og:image\" content=\"https:\/\/www.lavillak.com\/wp-inside\/uploads\/2024\/09\/carte-septembre-2024-14-800x610.jpg\" \/>\n<meta name=\"twitter:card\" content=\"summary_large_image\" \/>\n<meta name=\"twitter:label1\" content=\"Gesch\u00e4tzte Lesezeit\" \/>\n\t<meta name=\"twitter:data1\" content=\"1\u00a0Minute\" \/>\n<script type=\"application\/ld+json\" class=\"yoast-schema-graph\">{\"@context\":\"https:\\\/\\\/schema.org\",\"@graph\":[{\"@type\":\"WebPage\",\"@id\":\"https:\\\/\\\/www.lavillak.com\\\/de\\\/bistrot-la-cave\\\/\",\"url\":\"https:\\\/\\\/www.lavillak.com\\\/de\\\/bistrot-la-cave\\\/\",\"name\":\"Bistrot La Cave Restaurant und Weinbar Basel, Elsass Hotel Weingut\",\"isPartOf\":{\"@id\":\"https:\\\/\\\/www.lavillak.com\\\/de\\\/#website\"},\"primaryImageOfPage\":{\"@id\":\"https:\\\/\\\/www.lavillak.com\\\/de\\\/bistrot-la-cave\\\/#primaryimage\"},\"image\":{\"@id\":\"https:\\\/\\\/www.lavillak.com\\\/de\\\/bistrot-la-cave\\\/#primaryimage\"},\"thumbnailUrl\":\"https:\\\/\\\/www.lavillak.com\\\/wp-inside\\\/uploads\\\/2024\\\/09\\\/carte-septembre-2024-14-800x610.jpg\",\"datePublished\":\"2021-02-08T08:29:27+00:00\",\"dateModified\":\"2024-09-24T12:36:50+00:00\",\"breadcrumb\":{\"@id\":\"https:\\\/\\\/www.lavillak.com\\\/de\\\/bistrot-la-cave\\\/#breadcrumb\"},\"inLanguage\":\"de\",\"potentialAction\":[{\"@type\":\"ReadAction\",\"target\":[\"https:\\\/\\\/www.lavillak.com\\\/de\\\/bistrot-la-cave\\\/\"]}]},{\"@type\":\"ImageObject\",\"inLanguage\":\"de\",\"@id\":\"https:\\\/\\\/www.lavillak.com\\\/de\\\/bistrot-la-cave\\\/#primaryimage\",\"url\":\"https:\\\/\\\/www.lavillak.com\\\/wp-inside\\\/uploads\\\/2024\\\/09\\\/carte-septembre-2024-14-800x610.jpg\",\"contentUrl\":\"https:\\\/\\\/www.lavillak.com\\\/wp-inside\\\/uploads\\\/2024\\\/09\\\/carte-septembre-2024-14-800x610.jpg\"},{\"@type\":\"BreadcrumbList\",\"@id\":\"https:\\\/\\\/www.lavillak.com\\\/de\\\/bistrot-la-cave\\\/#breadcrumb\",\"itemListElement\":[{\"@type\":\"ListItem\",\"position\":1,\"name\":\"Home\",\"item\":\"https:\\\/\\\/www.lavillak.com\\\/de\\\/\"},{\"@type\":\"ListItem\",\"position\":2,\"name\":\"Restaurant\"}]},{\"@type\":\"WebSite\",\"@id\":\"https:\\\/\\\/www.lavillak.com\\\/de\\\/#website\",\"url\":\"https:\\\/\\\/www.lavillak.com\\\/de\\\/\",\"name\":\"La Villa K\",\"description\":\"H\u00f4tel Spa Restaurant 4 \u00e9toiles\",\"publisher\":{\"@id\":\"https:\\\/\\\/www.lavillak.com\\\/de\\\/#organization\"},\"potentialAction\":[{\"@type\":\"SearchAction\",\"target\":{\"@type\":\"EntryPoint\",\"urlTemplate\":\"https:\\\/\\\/www.lavillak.com\\\/de\\\/?s={search_term_string}\"},\"query-input\":{\"@type\":\"PropertyValueSpecification\",\"valueRequired\":true,\"valueName\":\"search_term_string\"}}],\"inLanguage\":\"de\"},{\"@type\":\"Organization\",\"@id\":\"https:\\\/\\\/www.lavillak.com\\\/de\\\/#organization\",\"name\":\"La Villa K\",\"url\":\"https:\\\/\\\/www.lavillak.com\\\/de\\\/\",\"logo\":{\"@type\":\"ImageObject\",\"inLanguage\":\"de\",\"@id\":\"https:\\\/\\\/www.lavillak.com\\\/de\\\/#\\\/schema\\\/logo\\\/image\\\/\",\"url\":\"https:\\\/\\\/www.lavillak.com\\\/wp-inside\\\/uploads\\\/2021\\\/05\\\/logo-hotel-lavillak-230x144_2x.png\",\"contentUrl\":\"https:\\\/\\\/www.lavillak.com\\\/wp-inside\\\/uploads\\\/2021\\\/05\\\/logo-hotel-lavillak-230x144_2x.png\",\"width\":460,\"height\":288,\"caption\":\"La Villa K\"},\"image\":{\"@id\":\"https:\\\/\\\/www.lavillak.com\\\/de\\\/#\\\/schema\\\/logo\\\/image\\\/\"},\"sameAs\":[\"https:\\\/\\\/www.facebook.com\\\/lavillak\\\/\",\"https:\\\/\\\/www.instagram.com\\\/hotellavillak\\\/\",\"https:\\\/\\\/fr.pinterest.com\\\/hotellavillaket\\\/\"]}]}<\/script>\n<!-- \/ Yoast SEO plugin. -->","yoast_head_json":{"title":"Bistrot La Cave Restaurant und Weinbar Basel, Elsass Hotel Weingut","robots":{"index":"index","follow":"follow","max-snippet":"max-snippet:-1","max-image-preview":"max-image-preview:large","max-video-preview":"max-video-preview:-1"},"canonical":"https:\/\/www.lavillak.com\/de\/bistrot-la-cave\/","og_locale":"de_DE","og_type":"article","og_title":"Bistrot La Cave Restaurant und Weinbar Basel, Elsass Hotel Weingut","og_description":"La Cave ein Ort f\u00fcr Entdeckung und Leidenschaft, an dem Kenner und Liebhaber sich gerne um einen guten Tisch mit guten Weinen versammeln.","og_url":"https:\/\/www.lavillak.com\/de\/bistrot-la-cave\/","og_site_name":"La Villa K","article_publisher":"https:\/\/www.facebook.com\/lavillak\/","article_modified_time":"2024-09-24T12:36:50+00:00","og_image":[{"url":"https:\/\/www.lavillak.com\/wp-inside\/uploads\/2024\/09\/carte-septembre-2024-14-800x610.jpg","type":"","width":"","height":""}],"twitter_card":"summary_large_image","twitter_misc":{"Gesch\u00e4tzte Lesezeit":"1\u00a0Minute"},"schema":{"@context":"https:\/\/schema.org","@graph":[{"@type":"WebPage","@id":"https:\/\/www.lavillak.com\/de\/bistrot-la-cave\/","url":"https:\/\/www.lavillak.com\/de\/bistrot-la-cave\/","name":"Bistrot La Cave Restaurant und Weinbar Basel, Elsass Hotel Weingut","isPartOf":{"@id":"https:\/\/www.lavillak.com\/de\/#website"},"primaryImageOfPage":{"@id":"https:\/\/www.lavillak.com\/de\/bistrot-la-cave\/#primaryimage"},"image":{"@id":"https:\/\/www.lavillak.com\/de\/bistrot-la-cave\/#primaryimage"},"thumbnailUrl":"https:\/\/www.lavillak.com\/wp-inside\/uploads\/2024\/09\/carte-septembre-2024-14-800x610.jpg","datePublished":"2021-02-08T08:29:27+00:00","dateModified":"2024-09-24T12:36:50+00:00","breadcrumb":{"@id":"https:\/\/www.lavillak.com\/de\/bistrot-la-cave\/#breadcrumb"},"inLanguage":"de","potentialAction":[{"@type":"ReadAction","target":["https:\/\/www.lavillak.com\/de\/bistrot-la-cave\/"]}]},{"@type":"ImageObject","inLanguage":"de","@id":"https:\/\/www.lavillak.com\/de\/bistrot-la-cave\/#primaryimage","url":"https:\/\/www.lavillak.com\/wp-inside\/uploads\/2024\/09\/carte-septembre-2024-14-800x610.jpg","contentUrl":"https:\/\/www.lavillak.com\/wp-inside\/uploads\/2024\/09\/carte-septembre-2024-14-800x610.jpg"},{"@type":"BreadcrumbList","@id":"https:\/\/www.lavillak.com\/de\/bistrot-la-cave\/#breadcrumb","itemListElement":[{"@type":"ListItem","position":1,"name":"Home","item":"https:\/\/www.lavillak.com\/de\/"},{"@type":"ListItem","position":2,"name":"Restaurant"}]},{"@type":"WebSite","@id":"https:\/\/www.lavillak.com\/de\/#website","url":"https:\/\/www.lavillak.com\/de\/","name":"La Villa K","description":"H\u00f4tel Spa Restaurant 4 \u00e9toiles","publisher":{"@id":"https:\/\/www.lavillak.com\/de\/#organization"},"potentialAction":[{"@type":"SearchAction","target":{"@type":"EntryPoint","urlTemplate":"https:\/\/www.lavillak.com\/de\/?s={search_term_string}"},"query-input":{"@type":"PropertyValueSpecification","valueRequired":true,"valueName":"search_term_string"}}],"inLanguage":"de"},{"@type":"Organization","@id":"https:\/\/www.lavillak.com\/de\/#organization","name":"La Villa K","url":"https:\/\/www.lavillak.com\/de\/","logo":{"@type":"ImageObject","inLanguage":"de","@id":"https:\/\/www.lavillak.com\/de\/#\/schema\/logo\/image\/","url":"https:\/\/www.lavillak.com\/wp-inside\/uploads\/2021\/05\/logo-hotel-lavillak-230x144_2x.png","contentUrl":"https:\/\/www.lavillak.com\/wp-inside\/uploads\/2021\/05\/logo-hotel-lavillak-230x144_2x.png","width":460,"height":288,"caption":"La Villa K"},"image":{"@id":"https:\/\/www.lavillak.com\/de\/#\/schema\/logo\/image\/"},"sameAs":["https:\/\/www.facebook.com\/lavillak\/","https:\/\/www.instagram.com\/hotellavillak\/","https:\/\/fr.pinterest.com\/hotellavillaket\/"]}]}},"_links":{"self":[{"href":"https:\/\/www.lavillak.com\/de\/wp-json\/wp\/v2\/pages\/8739","targetHints":{"allow":["GET"]}}],"collection":[{"href":"https:\/\/www.lavillak.com\/de\/wp-json\/wp\/v2\/pages"}],"about":[{"href":"https:\/\/www.lavillak.com\/de\/wp-json\/wp\/v2\/types\/page"}],"author":[{"embeddable":true,"href":"https:\/\/www.lavillak.com\/de\/wp-json\/wp\/v2\/users\/3"}],"replies":[{"embeddable":true,"href":"https:\/\/www.lavillak.com\/de\/wp-json\/wp\/v2\/comments?post=8739"}],"version-history":[{"count":6,"href":"https:\/\/www.lavillak.com\/de\/wp-json\/wp\/v2\/pages\/8739\/revisions"}],"predecessor-version":[{"id":27272,"href":"https:\/\/www.lavillak.com\/de\/wp-json\/wp\/v2\/pages\/8739\/revisions\/27272"}],"wp:attachment":[{"href":"https:\/\/www.lavillak.com\/de\/wp-json\/wp\/v2\/media?parent=8739"}],"curies":[{"name":"wp","href":"https:\/\/api.w.org\/{rel}","templated":true}]}}