{"id":8859,"date":"2021-02-08T09:31:00","date_gmt":"2021-02-08T08:31:00","guid":{"rendered":"https:\/\/www.lavillak.com\/la-villa-k\/"},"modified":"2021-05-27T16:27:45","modified_gmt":"2021-05-27T14:27:45","slug":"la-villa-k","status":"publish","type":"page","link":"https:\/\/www.lavillak.com\/de\/la-villa-k\/","title":{"rendered":"La Villa K"},"content":{"rendered":"<p><!-- flzn:zn_pagebanner --><\/p>\n<header id=\"flzn-pagebanner-1\" class=\"zone zn-pagebanner\">\n<div class=\"zone-block zn-pagebanner-block alignfull va-center\">\n<div class=\"row zn-pagebanner-row has-bg-imgs with-txt\">\n<div class=\"columns zn-pagebanner-col-content large-12\">\n<div class=\"columns-inner\">\n<div class=\"zn-pagebanner-content\">\n<div class=\"zn-pagebanner-desc wig-content\">\n<p><strong>Nutzen Sie f\u00fcr Ihre privaten und gesch\u00e4ftlichen Reisen ein modernes und ideal gelegenes Vier-Sterne-Hotel in der N\u00e4he von Basel in der Schweiz und dem Flughafen EuroAirport (in Saint-Louis).<\/strong><\/p>\n<\/p><\/div>\n<\/p><\/div>\n<\/p><\/div>\n<\/p><\/div>\n<\/p><\/div>\n<\/p><\/div>\n<\/header>\n<p><!-- \/flzn:zn_pagebanner --><br \/>\n<!-- flzn:zn_text_img --><\/p>\n<div id=\"flzn-textimg-1\" class=\"zone zn-textimg\">\n<div class=\"zone-block zn-textimg-block alignwide va-center\">\n<div class=\"row mw-content-zone\">\n<div class=\"columns large-12\">\n<div class=\"row with-nice-alignment zn-textimg-row va-center\" data-equalizer data-equalize-on=\"large\">\n<div class=\"columns large-6 zn-textimg-colimg\" data-equalizer-watch>\n<div class=\"columns-inner zn-textimg-col-inner\">\n<div class=\"zn-textimg-imgs\">\n<div class=\"zn-textimg-imgbox\" title=\"\">\n<figure class=\"zn-textimg-figure\">\n\t\t\t\t\t\t\t\t\t<img decoding=\"async\" class=\"zn-textimg-img\" src=\"https:\/\/www.lavillak.com\/wp-inside\/uploads\/2021\/05\/la-villa-k-partie-commune-hotel-533x610.jpg\" alt=\"Villa K Gemeinschaftsr\u00e4ume\"\/><br \/>\n\t\t\t\t\t\t\t\t\t\t\t\t\t\t\t\t\t<\/figure>\n<\/p><\/div>\n<\/p><\/div>\n<\/p><\/div>\n<\/p><\/div>\n<div class=\"columns large-6 zn-textimg-coldesc\" data-equalizer-watch>\n<div class=\"columns-inner zn-textimg-descbox\">\n<div class=\"zn-textimg-desc wig-content\">\n<h2>La Villa K: Zwischen Authentizit\u00e4t und Modernit\u00e4t<\/h2>\n<p>Genie\u00dfen Sie einen umfassenden Service \u201e<strong>Hotel, Restaurant, Spa und Fitness<\/strong>\u201c in einem l\u00e4ssig-eleganten Ambiente. Seit seiner Er\u00f6ffnung im Jahr 2011 hat sich unser Haus st\u00e4ndig weiterentwickelt, um Ihnen Komfort und Wohlergehen zu bieten.<\/p>\n<p>F\u00fcr Sie wollten wir ein einladendes Spa-Design-Hotel, das ebenfalls die authentische Architektur des Geb\u00e4udes respektiert.<\/p>\n<h2>Entdecken Sie das Hotel****<\/h2>\n<p>Treten Sie ein in die l\u00e4ssig-elegante Welt von La Villa K und g\u00f6nnen Sie sich einen Moment der Entspannung \u2026 Damit Sie sich wohlf\u00fchlen, bieten wir Ihnen\u00a0<strong>zahlreiche Dienstleistungen<\/strong>:<\/p>\n<ul>\n<li>Ein\u00a0<a href=\"https:\/\/www.lavillak.com\/de\/spa-wellness\/\">Spa und ein Fitness-Raum<\/a>\u00a0um sich zu entspannen und in Form zu bleiben!<\/li>\n<li>Ein\u00a0<a href=\"https:\/\/www.lavillak.com\/de\/bistrot-la-cave\/\">Restaurant und dessen Weinbar<\/a>\u00a0f\u00fcr den Gaumen<\/li>\n<li>Nutzen Sie die\u00a0<a href=\"https:\/\/www.lavillak.com\/de\/la-villa-k\/dienstleistungen\/\">Zusatzleistungen des Hotels<\/a>: kostenloser Flughafen-Pendelbus, Parkplatz, Pauschale Park and Fly, WLAN kostenlos, Tablets, Reinigung, Rezeption rund um die Uhr besetzt, kleine K\u00fcche und Zimmerservice rund um die Uhr.<\/li>\n<li><a href=\"https:\/\/www.lavillak.com\/de\/la-villa-k\/gift-box\/\">Unsere Geschenkpakete<\/a>: Bereiten Sie eine Freude mit einer Spa-Behandlung, einem Essen in unserem Feinschmeckerrestaurant oder einem romantischen Aufenthalt in unserem Vier-Sterne-Hotel.<\/li>\n<\/ul>\n<\/div><\/div>\n<\/p><\/div>\n<\/p><\/div>\n<\/p><\/div>\n<\/p><\/div>\n<\/div>\n<\/div>\n<p><!-- \/flzn:zn_text_img --><\/p>\n","protected":false},"excerpt":{"rendered":"<p>Nutzen Sie f\u00fcr Ihre privaten und gesch\u00e4ftlichen Reisen ein modernes und ideal gelegenes Vier-Sterne-Hotel in der N\u00e4he von Basel in der Schweiz und dem Flughafen EuroAirport (in Saint-Louis). La Villa [&hellip;]<\/p>\n","protected":false},"author":3,"featured_media":8288,"parent":0,"menu_order":30,"comment_status":"closed","ping_status":"closed","template":"","meta":{"_acf_changed":false,"footnotes":""},"class_list":["post-8859","page","type-page","status-publish","has-post-thumbnail","hentry","wp-sticky"],"acf":[],"yoast_head":"<!-- This site is optimized with the Yoast SEO plugin v27.4 - https:\/\/yoast.com\/product\/yoast-seo-wordpress\/ -->\n<title>Hotel Flughafen Basel Mulhouse, 4 Sterne Hotel Elsass<\/title>\n<meta name=\"robots\" content=\"index, follow, max-snippet:-1, max-image-preview:large, max-video-preview:-1\" \/>\n<link rel=\"canonical\" href=\"https:\/\/www.lavillak.com\/de\/la-villa-k\/\" \/>\n<meta property=\"og:locale\" content=\"de_DE\" \/>\n<meta property=\"og:type\" content=\"article\" \/>\n<meta property=\"og:title\" content=\"Hotel Flughafen Basel Mulhouse, 4 Sterne Hotel Elsass\" \/>\n<meta property=\"og:description\" content=\"Nutzen Sie f\u00fcr Ihre privaten und gesch\u00e4ftlichen Reisen ein modernes und ideal gelegenes Vier-Sterne-Hotel in der N\u00e4he von Basel in der Schweiz und dem Flughafen EuroAirport (in Saint-Louis). La Villa [&hellip;]\" \/>\n<meta property=\"og:url\" content=\"https:\/\/www.lavillak.com\/de\/la-villa-k\/\" \/>\n<meta property=\"og:site_name\" content=\"La Villa K\" \/>\n<meta property=\"article:publisher\" content=\"https:\/\/www.facebook.com\/lavillak\/\" \/>\n<meta property=\"article:modified_time\" content=\"2021-05-27T14:27:45+00:00\" \/>\n<meta property=\"og:image\" content=\"https:\/\/www.lavillak.com\/wp-inside\/uploads\/2021\/05\/la-villa-k-exterieur-nuit-chambre.jpg\" \/>\n\t<meta property=\"og:image:width\" content=\"800\" \/>\n\t<meta property=\"og:image:height\" content=\"533\" \/>\n\t<meta property=\"og:image:type\" content=\"image\/jpeg\" \/>\n<meta name=\"twitter:card\" content=\"summary_large_image\" \/>\n<meta name=\"twitter:label1\" content=\"Gesch\u00e4tzte Lesezeit\" \/>\n\t<meta name=\"twitter:data1\" content=\"1\u00a0Minute\" \/>\n<script type=\"application\/ld+json\" class=\"yoast-schema-graph\">{\"@context\":\"https:\\\/\\\/schema.org\",\"@graph\":[{\"@type\":\"WebPage\",\"@id\":\"https:\\\/\\\/www.lavillak.com\\\/de\\\/la-villa-k\\\/\",\"url\":\"https:\\\/\\\/www.lavillak.com\\\/de\\\/la-villa-k\\\/\",\"name\":\"Hotel Flughafen Basel Mulhouse, 4 Sterne Hotel Elsass\",\"isPartOf\":{\"@id\":\"https:\\\/\\\/www.lavillak.com\\\/de\\\/#website\"},\"primaryImageOfPage\":{\"@id\":\"https:\\\/\\\/www.lavillak.com\\\/de\\\/la-villa-k\\\/#primaryimage\"},\"image\":{\"@id\":\"https:\\\/\\\/www.lavillak.com\\\/de\\\/la-villa-k\\\/#primaryimage\"},\"thumbnailUrl\":\"https:\\\/\\\/www.lavillak.com\\\/wp-inside\\\/uploads\\\/2021\\\/05\\\/la-villa-k-exterieur-nuit-chambre.jpg\",\"datePublished\":\"2021-02-08T08:31:00+00:00\",\"dateModified\":\"2021-05-27T14:27:45+00:00\",\"breadcrumb\":{\"@id\":\"https:\\\/\\\/www.lavillak.com\\\/de\\\/la-villa-k\\\/#breadcrumb\"},\"inLanguage\":\"de\",\"potentialAction\":[{\"@type\":\"ReadAction\",\"target\":[\"https:\\\/\\\/www.lavillak.com\\\/de\\\/la-villa-k\\\/\"]}]},{\"@type\":\"ImageObject\",\"inLanguage\":\"de\",\"@id\":\"https:\\\/\\\/www.lavillak.com\\\/de\\\/la-villa-k\\\/#primaryimage\",\"url\":\"https:\\\/\\\/www.lavillak.com\\\/wp-inside\\\/uploads\\\/2021\\\/05\\\/la-villa-k-exterieur-nuit-chambre.jpg\",\"contentUrl\":\"https:\\\/\\\/www.lavillak.com\\\/wp-inside\\\/uploads\\\/2021\\\/05\\\/la-villa-k-exterieur-nuit-chambre.jpg\",\"width\":800,\"height\":533,\"caption\":\"La villa K zimmer\"},{\"@type\":\"BreadcrumbList\",\"@id\":\"https:\\\/\\\/www.lavillak.com\\\/de\\\/la-villa-k\\\/#breadcrumb\",\"itemListElement\":[{\"@type\":\"ListItem\",\"position\":1,\"name\":\"Home\",\"item\":\"https:\\\/\\\/www.lavillak.com\\\/de\\\/\"},{\"@type\":\"ListItem\",\"position\":2,\"name\":\"La Villa K\"}]},{\"@type\":\"WebSite\",\"@id\":\"https:\\\/\\\/www.lavillak.com\\\/de\\\/#website\",\"url\":\"https:\\\/\\\/www.lavillak.com\\\/de\\\/\",\"name\":\"La Villa K\",\"description\":\"H\u00f4tel Spa Restaurant 4 \u00e9toiles\",\"publisher\":{\"@id\":\"https:\\\/\\\/www.lavillak.com\\\/de\\\/#organization\"},\"potentialAction\":[{\"@type\":\"SearchAction\",\"target\":{\"@type\":\"EntryPoint\",\"urlTemplate\":\"https:\\\/\\\/www.lavillak.com\\\/de\\\/?s={search_term_string}\"},\"query-input\":{\"@type\":\"PropertyValueSpecification\",\"valueRequired\":true,\"valueName\":\"search_term_string\"}}],\"inLanguage\":\"de\"},{\"@type\":\"Organization\",\"@id\":\"https:\\\/\\\/www.lavillak.com\\\/de\\\/#organization\",\"name\":\"La Villa K\",\"url\":\"https:\\\/\\\/www.lavillak.com\\\/de\\\/\",\"logo\":{\"@type\":\"ImageObject\",\"inLanguage\":\"de\",\"@id\":\"https:\\\/\\\/www.lavillak.com\\\/de\\\/#\\\/schema\\\/logo\\\/image\\\/\",\"url\":\"https:\\\/\\\/www.lavillak.com\\\/wp-inside\\\/uploads\\\/2021\\\/05\\\/logo-hotel-lavillak-230x144_2x.png\",\"contentUrl\":\"https:\\\/\\\/www.lavillak.com\\\/wp-inside\\\/uploads\\\/2021\\\/05\\\/logo-hotel-lavillak-230x144_2x.png\",\"width\":460,\"height\":288,\"caption\":\"La Villa K\"},\"image\":{\"@id\":\"https:\\\/\\\/www.lavillak.com\\\/de\\\/#\\\/schema\\\/logo\\\/image\\\/\"},\"sameAs\":[\"https:\\\/\\\/www.facebook.com\\\/lavillak\\\/\",\"https:\\\/\\\/www.instagram.com\\\/hotellavillak\\\/\",\"https:\\\/\\\/fr.pinterest.com\\\/hotellavillaket\\\/\"]}]}<\/script>\n<!-- \/ Yoast SEO plugin. -->","yoast_head_json":{"title":"Hotel Flughafen Basel Mulhouse, 4 Sterne Hotel Elsass","robots":{"index":"index","follow":"follow","max-snippet":"max-snippet:-1","max-image-preview":"max-image-preview:large","max-video-preview":"max-video-preview:-1"},"canonical":"https:\/\/www.lavillak.com\/de\/la-villa-k\/","og_locale":"de_DE","og_type":"article","og_title":"Hotel Flughafen Basel Mulhouse, 4 Sterne Hotel Elsass","og_description":"Nutzen Sie f\u00fcr Ihre privaten und gesch\u00e4ftlichen Reisen ein modernes und ideal gelegenes Vier-Sterne-Hotel in der N\u00e4he von Basel in der Schweiz und dem Flughafen EuroAirport (in Saint-Louis). La Villa [&hellip;]","og_url":"https:\/\/www.lavillak.com\/de\/la-villa-k\/","og_site_name":"La Villa K","article_publisher":"https:\/\/www.facebook.com\/lavillak\/","article_modified_time":"2021-05-27T14:27:45+00:00","og_image":[{"width":800,"height":533,"url":"https:\/\/www.lavillak.com\/wp-inside\/uploads\/2021\/05\/la-villa-k-exterieur-nuit-chambre.jpg","type":"image\/jpeg"}],"twitter_card":"summary_large_image","twitter_misc":{"Gesch\u00e4tzte Lesezeit":"1\u00a0Minute"},"schema":{"@context":"https:\/\/schema.org","@graph":[{"@type":"WebPage","@id":"https:\/\/www.lavillak.com\/de\/la-villa-k\/","url":"https:\/\/www.lavillak.com\/de\/la-villa-k\/","name":"Hotel Flughafen Basel Mulhouse, 4 Sterne Hotel Elsass","isPartOf":{"@id":"https:\/\/www.lavillak.com\/de\/#website"},"primaryImageOfPage":{"@id":"https:\/\/www.lavillak.com\/de\/la-villa-k\/#primaryimage"},"image":{"@id":"https:\/\/www.lavillak.com\/de\/la-villa-k\/#primaryimage"},"thumbnailUrl":"https:\/\/www.lavillak.com\/wp-inside\/uploads\/2021\/05\/la-villa-k-exterieur-nuit-chambre.jpg","datePublished":"2021-02-08T08:31:00+00:00","dateModified":"2021-05-27T14:27:45+00:00","breadcrumb":{"@id":"https:\/\/www.lavillak.com\/de\/la-villa-k\/#breadcrumb"},"inLanguage":"de","potentialAction":[{"@type":"ReadAction","target":["https:\/\/www.lavillak.com\/de\/la-villa-k\/"]}]},{"@type":"ImageObject","inLanguage":"de","@id":"https:\/\/www.lavillak.com\/de\/la-villa-k\/#primaryimage","url":"https:\/\/www.lavillak.com\/wp-inside\/uploads\/2021\/05\/la-villa-k-exterieur-nuit-chambre.jpg","contentUrl":"https:\/\/www.lavillak.com\/wp-inside\/uploads\/2021\/05\/la-villa-k-exterieur-nuit-chambre.jpg","width":800,"height":533,"caption":"La villa K zimmer"},{"@type":"BreadcrumbList","@id":"https:\/\/www.lavillak.com\/de\/la-villa-k\/#breadcrumb","itemListElement":[{"@type":"ListItem","position":1,"name":"Home","item":"https:\/\/www.lavillak.com\/de\/"},{"@type":"ListItem","position":2,"name":"La Villa K"}]},{"@type":"WebSite","@id":"https:\/\/www.lavillak.com\/de\/#website","url":"https:\/\/www.lavillak.com\/de\/","name":"La Villa K","description":"H\u00f4tel Spa Restaurant 4 \u00e9toiles","publisher":{"@id":"https:\/\/www.lavillak.com\/de\/#organization"},"potentialAction":[{"@type":"SearchAction","target":{"@type":"EntryPoint","urlTemplate":"https:\/\/www.lavillak.com\/de\/?s={search_term_string}"},"query-input":{"@type":"PropertyValueSpecification","valueRequired":true,"valueName":"search_term_string"}}],"inLanguage":"de"},{"@type":"Organization","@id":"https:\/\/www.lavillak.com\/de\/#organization","name":"La Villa K","url":"https:\/\/www.lavillak.com\/de\/","logo":{"@type":"ImageObject","inLanguage":"de","@id":"https:\/\/www.lavillak.com\/de\/#\/schema\/logo\/image\/","url":"https:\/\/www.lavillak.com\/wp-inside\/uploads\/2021\/05\/logo-hotel-lavillak-230x144_2x.png","contentUrl":"https:\/\/www.lavillak.com\/wp-inside\/uploads\/2021\/05\/logo-hotel-lavillak-230x144_2x.png","width":460,"height":288,"caption":"La Villa K"},"image":{"@id":"https:\/\/www.lavillak.com\/de\/#\/schema\/logo\/image\/"},"sameAs":["https:\/\/www.facebook.com\/lavillak\/","https:\/\/www.instagram.com\/hotellavillak\/","https:\/\/fr.pinterest.com\/hotellavillaket\/"]}]}},"_links":{"self":[{"href":"https:\/\/www.lavillak.com\/de\/wp-json\/wp\/v2\/pages\/8859","targetHints":{"allow":["GET"]}}],"collection":[{"href":"https:\/\/www.lavillak.com\/de\/wp-json\/wp\/v2\/pages"}],"about":[{"href":"https:\/\/www.lavillak.com\/de\/wp-json\/wp\/v2\/types\/page"}],"author":[{"embeddable":true,"href":"https:\/\/www.lavillak.com\/de\/wp-json\/wp\/v2\/users\/3"}],"replies":[{"embeddable":true,"href":"https:\/\/www.lavillak.com\/de\/wp-json\/wp\/v2\/comments?post=8859"}],"version-history":[{"count":2,"href":"https:\/\/www.lavillak.com\/de\/wp-json\/wp\/v2\/pages\/8859\/revisions"}],"predecessor-version":[{"id":16206,"href":"https:\/\/www.lavillak.com\/de\/wp-json\/wp\/v2\/pages\/8859\/revisions\/16206"}],"wp:featuredmedia":[{"embeddable":true,"href":"https:\/\/www.lavillak.com\/de\/wp-json\/wp\/v2\/media\/8288"}],"wp:attachment":[{"href":"https:\/\/www.lavillak.com\/de\/wp-json\/wp\/v2\/media?parent=8859"}],"curies":[{"name":"wp","href":"https:\/\/api.w.org\/{rel}","templated":true}]}}