{"id":8863,"date":"2021-02-08T09:40:21","date_gmt":"2021-02-08T08:40:21","guid":{"rendered":"https:\/\/www.lavillak.com\/carte-de-soins\/"},"modified":"2026-01-22T16:09:57","modified_gmt":"2026-01-22T15:09:57","slug":"liste-der-behandlungen","status":"publish","type":"page","link":"https:\/\/www.lavillak.com\/de\/spa-wellness\/liste-der-behandlungen\/","title":{"rendered":"Das Pflegeangebot des Spa La Villa K in Saint-Louis"},"content":{"rendered":"<p><!-- flzn:zn_pagebanner --><\/p>\n<header id=\"flzn-pagebanner-1\" class=\"zone zn-pagebanner\">\n<div class=\"zone-block zn-pagebanner-block alignfull va-center\">\n<div class=\"row zn-pagebanner-row\" >\n<div class=\"columns zn-pagebanner-col-content large-12\" >\n<div class=\"columns-inner\">\n<div class=\"zn-pagebanner-content\"><\/div>\n<\/p><\/div>\n<\/p><\/div>\n<\/p><\/div>\n<\/p><\/div>\n<\/header>\n<p><!-- \/flzn:zn_pagebanner --><br \/>\n<!-- flzn:zn_text --><\/p>\n<div id=\"flzn-text-1\" class=\"zone zn-text\">\n<div class=\"zone-block zn-text-block va-top\">\n<div class=\"row mw-content-zone\">\n<div class=\"columns large-12\">\n<div class=\"row large-up-1 with-nice-alignment nbloc-1\">\n<div class=\"column zn-text-col\">\n<div class=\"column-inner\">\n<div class=\"wig-content mw-content\">\n<p>Das Pflegeangebot unseres Spa wird regelm\u00e4\u00dfig aktualisiert, um Ihnen Behandlungen anzubieten, die stets auf die Bed\u00fcrfnisse Ihrer Haut und Ihres K\u00f6rpers zugeschnitten sind, mit D\u00fcften, die sich mit den Jahreszeiten \u00e4ndern.<\/p>\n<p>Pflegerituale f\u00fcr den K\u00f6rper, Massagen, Behandlungen, Wickel, Peelings, Manik\u00fcre und Pedik\u00fcre, Kosmetik \u2026 Buchen Sie unsere hochwertigen Leistungen und lassen Sie es sich gut gehen.<\/p>\n<p><strong>Sie m\u00f6chten Freude schenken?<\/strong>\u00a0Beachten Sie unsere\u00a0<a href=\"https:\/\/www.lavillak.com\/de\/la-villa-k\/gift-box\/\">Geschenkpackungen<\/a>\u00a0mit Anwendungen, Massagen und Zugang zum Spa in Saint-Louis (bei Basel)!<\/p>\n<p style=\"text-align: center;\"><a class=\"button secondary\" href=\"https:\/\/www.lavillak.com\/wp-inside\/uploads\/2026\/01\/carte-spa-la-villa-k-2025-2026.pdf\" target=\"_blank\" rel=\"noopener\">LISTE DER BEHANDLUNGEN (PDF)<\/a><\/p>\n<\/p><\/div>\n<\/p><\/div>\n<\/p><\/div>\n<\/p><\/div>\n<\/p><\/div>\n<\/p><\/div>\n<\/div>\n<\/div>\n<p><!-- \/flzn:zn_text --><br \/>\n<!-- flzn:zn_button --><\/p>\n<div id=\"flzn-button-1\" class=\"zone zn-button with-bg bg-color is-bgc-bluepattern bg-is-dark\"><span class=\"zone-bg bg-color bgc-bluepattern alignfull\"><\/span><\/p>\n<div class=\"zone-block zn-button-block alignfull va-top text-center\">\n<div class=\"zn-button-bgbox block-alignfull oneblock\">\n<div class=\"zn-button-bgbox-bg\" ><\/div>\n<\/p><\/div>\n<div class=\"zn-button-list row small-up-1 medium-up-1 nb-bloc-1  without-blocs-bg alignfull va-top text-center oneblock\" data-equalizer data-equalize-on=\"large\">\n<div class=\"zn-button-bloc column\" data-equalizer-watch>\n<div class=\"column-inner\">\n<div class=\"zn-button-innerbox\">\n<div class=\"zn-button-bloc-titledesc\">\n<h3 class=\"zn-button-bloc-title h2 cursive-font title-with-deco\">\n\t\t\t\t\t\t\t\t\t\tTermin vereinbaren\t\t\t\t\t\t\t\t\t<\/h3>\n<\/p><\/div>\n<div class=\"zn-button-buttons-box\">\n<p>\t\t\t\t\t\t\t\t\t\t\t\t\t\t\t\t\t\t<a class=\"button secondary\" href=\"https:\/\/www.planity.com\/la-villa-k-et-spa-68300-saint-louis\"><br \/>\n\t\t\t\t\t\t\t\t\t\t\t\t\t\t\t\t\t\t\t\t\tWeitere Informationen\t\t\t\t\t\t\t\t\t\t\t\t\t\t\t\t\t\t\t<\/a>\n\t\t\t\t\t\t\t\t\t\t\t\t\t\t\t\t\t\t\t\t\t<\/div>\n<\/p><\/div>\n<\/p><\/div>\n<\/p><\/div>\n<\/p><\/div>\n<\/div>\n<\/div>\n<p><!-- \/flzn:zn_button --><br \/>\n<!-- flzn:zn_text --><\/p>\n<div id=\"flzn-text-2\" class=\"zone zn-text with-bg bg-color is-bgc-gray\"><span class=\"zone-bg bg-color bgc-gray alignfull\"><\/span><\/p>\n<div class=\"zone-block zn-text-block pdd-bottom-off alignwide va-top\">\n<div class=\"row mw-content-zone\">\n<div class=\"columns large-12\">\n<div class=\"row with-nice-alignment nbloc-2 va-top\">\n<div class=\"columns large-6 zn-text-col\">\n<div class=\"columns-inner\">\n<div class=\"wig-content mw-content\">\n<h2>Sch\u00f6nheitsbehandlungen<\/h2>\n<p>Alle Arten der Haarentfernung werden in einer entspannten und beruhigenden Umgebung angeboten.<\/p>\n<p>Tauchen Sie ein in eine Oase des Wohlbefindens und w\u00e4hlen Sie Ihre Sch\u00f6nheitsbehandlung: Beine, Arme, R\u00fccken, Augenbrauen, Bikinizone, Achselh\u00f6hlen&#8230;<\/p>\n<\/p><\/div>\n<\/p><\/div>\n<\/p><\/div>\n<div class=\"columns large-6 zn-text-col\">\n<div class=\"columns-inner\">\n<div class=\"wig-content mw-content\">\n<h2>K\u00f6rperbehandlungen<\/h2>\n<p>Entdecken Sie unsere Peelings f\u00fcr ein einzigartiges Sinneserlebnis und verlassen Sie uns mit einer Haut, die weicher ist als je zuvor.<\/p>\n<p>Genie\u00dfen Sie mit unseren Ritualen eine Komplettbehandlung, die Peeling, Massage und Packung kombiniert.<\/p>\n<p><a class=\"button outline\" href=\"https:\/\/www.lavillak.com\/de\/spa-wellness\/massagen-im-villa-k-spa\/\">Erfahren Sie mehr \u00fcber Massagen und K\u00f6rperbehandlungen<\/a><\/p>\n<\/p><\/div>\n<\/p><\/div>\n<\/p><\/div>\n<\/p><\/div>\n<\/p><\/div>\n<\/p><\/div>\n<\/div>\n<\/div>\n<p><!-- \/flzn:zn_text --><br \/>\n<!-- flzn:zn_text --><\/p>\n<div id=\"flzn-text-3\" class=\"zone zn-text with-bg bg-color is-bgc-gray\"><span class=\"zone-bg bg-color bgc-gray alignfull\"><\/span><\/p>\n<div class=\"zone-block zn-text-block alignwide va-top\">\n<div class=\"row mw-content-zone\">\n<div class=\"columns large-12\">\n<div class=\"row with-nice-alignment nbloc-2 va-top\">\n<div class=\"columns large-6 zn-text-col\">\n<div class=\"columns-inner\">\n<div class=\"wig-content mw-content\">\n<h2>Gesichtsbehandlungen<\/h2>\n<p>W\u00e4hlen Sie eine spezielle Gesichtsbehandlung, um Ihren Teint zu verbessern, Ihre Haut wieder zum Strahlen zu bringen, sie zu pflegen und zu beruhigen.<\/p>\n<p>Wir bieten auch Anti-Aging-Behandlungen und Sch\u00f6nheitsberatungen an!<\/p>\n<\/p><\/div>\n<\/p><\/div>\n<\/p><\/div>\n<div class=\"columns large-6 zn-text-col\">\n<div class=\"columns-inner\">\n<div class=\"wig-content mw-content\">\n<h2>Behandlungen f\u00fcr Frauen &amp; Behandlungen f\u00fcr M\u00e4nner<\/h2>\n<p>Alle Behandlungen auf der SPA-Liste stehen sowohl Frauen als auch M\u00e4nnern zur Verf\u00fcgung, egal ob es sich um ein Behandlungsritual, Wachsen, ein Entspannungspaket usw. handelt.<\/p>\n<p>Das Paar-\/Duo-Paket ist ebenfalls sehr beliebt.<\/p>\n<p><a class=\"button outline\" href=\"https:\/\/www.lavillak.com\/de\/packages\/\">Siehe die Angebotspakete<\/a><\/p>\n<\/p><\/div>\n<\/p><\/div>\n<\/p><\/div>\n<\/p><\/div>\n<\/p><\/div>\n<\/p><\/div>\n<\/div>\n<\/div>\n<p><!-- \/flzn:zn_text --><br \/>\n<!-- flzn:zn_text_img --><\/p>\n<div id=\"flzn-textimg-1\" class=\"zone zn-textimg\">\n<div class=\"zone-block zn-textimg-block alignwide va-center\">\n<div class=\"row mw-content-zone\">\n<div class=\"columns large-12\">\n<div class=\"row with-nice-alignment zn-textimg-row va-center\" data-equalizer data-equalize-on=\"large\">\n<div class=\"columns large-6 zn-textimg-colimg\" data-equalizer-watch>\n<div class=\"columns-inner zn-textimg-col-inner\">\n<div class=\"zn-textimg-imgs\">\n<div class=\"zn-textimg-imgbox\" title=\"\">\n<figure class=\"zn-textimg-figure\">\n\t\t\t\t\t\t\t\t\t<img decoding=\"async\" class=\"zn-textimg-img\" src=\"https:\/\/www.lavillak.com\/wp-inside\/uploads\/2025\/09\/thalgopro_5-eb-soin-skl-cryo-lab-721x610.jpg\" alt=\"soin visage SKINTEX\u00aeLAB\"\/><br \/>\n\t\t\t\t\t\t\t\t\t\t\t\t\t\t\t\t\t<\/figure>\n<\/p><\/div>\n<\/p><\/div>\n<\/p><\/div>\n<\/p><\/div>\n<div class=\"columns large-6 zn-textimg-coldesc\" data-equalizer-watch>\n<div class=\"columns-inner zn-textimg-descbox\">\n<div class=\"zn-textimg-desc wig-content\">\n<h2>Technologische Behandlungen<\/h2>\n<p>Die Behandlungen von SKINTEX\u00aeLAB sind von der medizinischen \u00c4sthetik inspiriert. Das Ger\u00e4t kombiniert f\u00fcnf Technologien, um Ihr Gesicht zu verj\u00fcngen:<\/p>\n<ul>\n<li>Mikrodermabrasion<\/li>\n<li>Sauerstofftherapie<\/li>\n<li>Elektroporation<\/li>\n<li>Elektrostimulation<\/li>\n<li>Kryotherapie und Thermotherapie<\/li>\n<\/ul>\n<p>Diese Behandlungen werden mit feuchtigkeitsspendenden oder reinigenden Produkten f\u00fcr eine umfassende Hautpflege kombiniert.<\/p>\n<p>Sehen Sie Ergebnisse schon nach der ersten Sitzung! Sie k\u00f6nnen sich auch f\u00fcr eine Kur mit 4 bis 6 Sitzungen entscheiden.<\/p>\n<\/div><\/div>\n<\/p><\/div>\n<\/p><\/div>\n<\/p><\/div>\n<\/p><\/div>\n<\/div>\n<\/div>\n<p><!-- \/flzn:zn_text_img --><br \/>\n<!-- flzn:zn_button --><\/p>\n<div id=\"flzn-button-2\" class=\"zone zn-button with-bg bg-color is-bgc-bluepattern bg-is-dark\"><span class=\"zone-bg bg-color bgc-bluepattern alignfull\"><\/span><\/p>\n<div class=\"zone-block zn-button-block alignfull va-top text-center\">\n<div class=\"zn-button-bgbox block-alignfull oneblock\">\n<div class=\"zn-button-bgbox-bg\" ><\/div>\n<\/p><\/div>\n<div class=\"zn-button-list row small-up-1 medium-up-1 nb-bloc-1  without-blocs-bg alignfull va-top text-center oneblock\" data-equalizer data-equalize-on=\"large\">\n<div class=\"zn-button-bloc column\" data-equalizer-watch>\n<div class=\"column-inner\">\n<div class=\"zn-button-innerbox\">\n<div class=\"zn-button-buttons-box\">\n<p>\t\t\t\t\t\t\t\t\t\t\t\t\t\t\t\t\t\t<a class=\"button secondary\" href=\"https:\/\/www.lavillak.com\/wp-inside\/uploads\/2024\/05\/carte-spa-printemps-ete-2024.pdf\" target=\"_blank\"><br \/>\n\t\t\t\t\t\t\t\t\t\t\t\t\t\t\t\t\t\t\t\t\tBehandlungsmen\u00fc (pdf)\t\t\t\t\t\t\t\t\t\t\t\t\t\t\t\t\t\t\t<\/a><\/p>\n<p>\t\t\t\t\t\t\t\t\t\t\t\t\t\t\t\t\t\t<a class=\"button secondary\" href=\"https:\/\/www.planity.com\/la-villa-k-et-spa-68300-saint-louis\" target=\"_blank\"><br \/>\n\t\t\t\t\t\t\t\t\t\t\t\t\t\t\t\t\t\t\t\t\tEine Behandlung buchen\t\t\t\t\t\t\t\t\t\t\t\t\t\t\t\t\t\t\t<\/a><\/p>\n<p>\t\t\t\t\t\t\t\t\t\t\t\t\t\t\t\t\t\t<a class=\"button secondary\" href=\"https:\/\/aji-box.com\/-\/La-VillaK-Spa\/\" target=\"_blank\"><br \/>\n\t\t\t\t\t\t\t\t\t\t\t\t\t\t\t\t\t\t\t\t\tAnbieten\t\t\t\t\t\t\t\t\t\t\t\t\t\t\t\t\t\t\t<\/a>\n\t\t\t\t\t\t\t\t\t\t\t\t\t\t\t\t\t\t\t\t\t<\/div>\n<\/p><\/div>\n<\/p><\/div>\n<\/p><\/div>\n<\/p><\/div>\n<\/div>\n<\/div>\n<p><!-- \/flzn:zn_button --><br \/>\n<!-- flzn:zn_text --><\/p>\n<div id=\"flzn-text-4\" class=\"zone zn-text\">\n<div class=\"zone-block zn-text-block alignsimple va-top\">\n<div class=\"row mw-content-zone\">\n<div class=\"columns large-12\">\n<div class=\"zn-text-titlebox\">\n<h2 class=\"zone-title zn-text-title\">\n\t\t\t\t\t\tUnsere Partnermarken\t\t\t\t\t<\/h2>\n<\/p><\/div>\n<div class=\"row with-nice-alignment nbloc-2 va-top\">\n<div class=\"columns large-6 zn-text-col\">\n<div class=\"columns-inner\">\n<div class=\"wig-content mw-content\">\n<p><img loading=\"lazy\" decoding=\"async\" class=\"alignnone size-full wp-image-29425\" src=\"https:\/\/www.lavillak.com\/wp-inside\/uploads\/2025\/08\/ella-bache-logo-1694463575.png\" alt=\"Ella Bach\u00e9\" width=\"254\" height=\"57\" srcset=\"https:\/\/www.lavillak.com\/wp-inside\/uploads\/2025\/08\/ella-bache-logo-1694463575.png 254w, https:\/\/www.lavillak.com\/wp-inside\/uploads\/2025\/08\/ella-bache-logo-1694463575-100x22.png 100w\" sizes=\"auto, (max-width: 254px) 100vw, 254px\" \/><\/p>\n<p>La Villa K hat sich f\u00fcr die legend\u00e4ren Cremes und innovativen Technologien von Ella Bach\u00e9 entschieden, um Ihre Haut zu pflegen.<\/p>\n<p><a class=\"button outline\" href=\"https:\/\/www.ellabache.com\/\">Weitere Informationen<\/a><\/p>\n<\/p><\/div>\n<\/p><\/div>\n<\/p><\/div>\n<div class=\"columns large-6 zn-text-col\">\n<div class=\"columns-inner\">\n<div class=\"wig-content mw-content\">\n<p><img loading=\"lazy\" decoding=\"async\" class=\"alignnone size-full wp-image-29432\" src=\"https:\/\/www.lavillak.com\/wp-inside\/uploads\/2025\/08\/header_logo_32b028c4-9e3d-43d7-a100-6b6a81710644.avif\" alt=\"La Sultane de Saba\" width=\"600\" height=\"94\" srcset=\"https:\/\/www.lavillak.com\/wp-inside\/uploads\/2025\/08\/header_logo_32b028c4-9e3d-43d7-a100-6b6a81710644.avif 600w, https:\/\/www.lavillak.com\/wp-inside\/uploads\/2025\/08\/header_logo_32b028c4-9e3d-43d7-a100-6b6a81710644-300x47.avif 300w, https:\/\/www.lavillak.com\/wp-inside\/uploads\/2025\/08\/header_logo_32b028c4-9e3d-43d7-a100-6b6a81710644-320x50.avif 320w, https:\/\/www.lavillak.com\/wp-inside\/uploads\/2025\/08\/header_logo_32b028c4-9e3d-43d7-a100-6b6a81710644-100x16.avif 100w\" sizes=\"auto, (max-width: 600px) 100vw, 600px\" \/><\/p>\n<p>Entdecken Sie Rituale mit unwiderstehlichen D\u00fcften! Genie\u00dfen Sie sie w\u00e4hrend einer K\u00f6rperbehandlung oder entdecken Sie die Produkte in der SPA-Boutique.<\/p>\n<p><a class=\"button outline\" href=\"https:\/\/www.lasultanedesaba.com\/\">Weitere Informationen<\/a><\/p>\n<\/p><\/div>\n<\/p><\/div>\n<\/p><\/div>\n<\/p><\/div>\n<\/p><\/div>\n<\/p><\/div>\n<\/div>\n<\/div>\n<p><!-- \/flzn:zn_text --><\/p>\n","protected":false},"excerpt":{"rendered":"<p>Das Pflegeangebot unseres Spa wird regelm\u00e4\u00dfig aktualisiert, um Ihnen Behandlungen anzubieten, die stets auf die Bed\u00fcrfnisse Ihrer Haut und Ihres K\u00f6rpers zugeschnitten sind, mit D\u00fcften, die sich mit den Jahreszeiten [&hellip;]<\/p>\n","protected":false},"author":3,"featured_media":8281,"parent":8960,"menu_order":5,"comment_status":"closed","ping_status":"closed","template":"","meta":{"_acf_changed":false,"footnotes":""},"class_list":["post-8863","page","type-page","status-publish","has-post-thumbnail","hentry","wp-sticky"],"acf":[],"yoast_head":"<!-- This site is optimized with the Yoast SEO plugin v27.4 - https:\/\/yoast.com\/product\/yoast-seo-wordpress\/ -->\n<title>Spa, Sch\u00f6nheit, Gesichts- und K\u00f6rperbehandlungen, Saint-Louis Basel<\/title>\n<meta name=\"description\" content=\"Entdecken Sie unsere Sch\u00f6nheits- und Wellnessbehandlungen, die sowohl bei Frauen als auch bei M\u00e4nnern beliebt sind. \ud83e\uddcd\ud83c\udffc\u200d\u2642\ufe0f\ud83e\uddcd\ud83c\udffc\u200d\u2640\ufe0f\" \/>\n<meta name=\"robots\" content=\"index, follow, max-snippet:-1, max-image-preview:large, max-video-preview:-1\" \/>\n<link rel=\"canonical\" href=\"https:\/\/www.lavillak.com\/de\/spa-wellness\/liste-der-behandlungen\/\" \/>\n<meta property=\"og:locale\" content=\"de_DE\" \/>\n<meta property=\"og:type\" content=\"article\" \/>\n<meta property=\"og:title\" content=\"Spa, Sch\u00f6nheit, Gesichts- und K\u00f6rperbehandlungen, Saint-Louis Basel\" \/>\n<meta property=\"og:description\" content=\"Entdecken Sie unsere Sch\u00f6nheits- und Wellnessbehandlungen, die sowohl bei Frauen als auch bei M\u00e4nnern beliebt sind. \ud83e\uddcd\ud83c\udffc\u200d\u2642\ufe0f\ud83e\uddcd\ud83c\udffc\u200d\u2640\ufe0f\" \/>\n<meta property=\"og:url\" content=\"https:\/\/www.lavillak.com\/de\/spa-wellness\/liste-der-behandlungen\/\" \/>\n<meta property=\"og:site_name\" content=\"La Villa K\" \/>\n<meta property=\"article:publisher\" content=\"https:\/\/www.facebook.com\/lavillak\/\" \/>\n<meta property=\"article:modified_time\" content=\"2026-01-22T15:09:57+00:00\" \/>\n<meta property=\"og:image\" content=\"https:\/\/www.lavillak.com\/wp-inside\/uploads\/2021\/05\/spa-carte-de-soins.jpg\" \/>\n\t<meta property=\"og:image:width\" content=\"1920\" \/>\n\t<meta property=\"og:image:height\" content=\"375\" \/>\n\t<meta property=\"og:image:type\" content=\"image\/jpeg\" \/>\n<meta name=\"twitter:card\" content=\"summary_large_image\" \/>\n<meta name=\"twitter:label1\" content=\"Gesch\u00e4tzte Lesezeit\" \/>\n\t<meta name=\"twitter:data1\" content=\"2\u00a0Minuten\" \/>\n<script type=\"application\/ld+json\" class=\"yoast-schema-graph\">{\"@context\":\"https:\\\/\\\/schema.org\",\"@graph\":[{\"@type\":\"WebPage\",\"@id\":\"https:\\\/\\\/www.lavillak.com\\\/de\\\/spa-wellness\\\/liste-der-behandlungen\\\/\",\"url\":\"https:\\\/\\\/www.lavillak.com\\\/de\\\/spa-wellness\\\/liste-der-behandlungen\\\/\",\"name\":\"Spa, Sch\u00f6nheit, Gesichts- und K\u00f6rperbehandlungen, Saint-Louis Basel\",\"isPartOf\":{\"@id\":\"https:\\\/\\\/www.lavillak.com\\\/de\\\/#website\"},\"primaryImageOfPage\":{\"@id\":\"https:\\\/\\\/www.lavillak.com\\\/de\\\/spa-wellness\\\/liste-der-behandlungen\\\/#primaryimage\"},\"image\":{\"@id\":\"https:\\\/\\\/www.lavillak.com\\\/de\\\/spa-wellness\\\/liste-der-behandlungen\\\/#primaryimage\"},\"thumbnailUrl\":\"https:\\\/\\\/www.lavillak.com\\\/wp-inside\\\/uploads\\\/2021\\\/05\\\/spa-carte-de-soins.jpg\",\"datePublished\":\"2021-02-08T08:40:21+00:00\",\"dateModified\":\"2026-01-22T15:09:57+00:00\",\"description\":\"Entdecken Sie unsere Sch\u00f6nheits- und Wellnessbehandlungen, die sowohl bei Frauen als auch bei M\u00e4nnern beliebt sind. \ud83e\uddcd\ud83c\udffc\u200d\u2642\ufe0f\ud83e\uddcd\ud83c\udffc\u200d\u2640\ufe0f\",\"breadcrumb\":{\"@id\":\"https:\\\/\\\/www.lavillak.com\\\/de\\\/spa-wellness\\\/liste-der-behandlungen\\\/#breadcrumb\"},\"inLanguage\":\"de\",\"potentialAction\":[{\"@type\":\"ReadAction\",\"target\":[\"https:\\\/\\\/www.lavillak.com\\\/de\\\/spa-wellness\\\/liste-der-behandlungen\\\/\"]}]},{\"@type\":\"ImageObject\",\"inLanguage\":\"de\",\"@id\":\"https:\\\/\\\/www.lavillak.com\\\/de\\\/spa-wellness\\\/liste-der-behandlungen\\\/#primaryimage\",\"url\":\"https:\\\/\\\/www.lavillak.com\\\/wp-inside\\\/uploads\\\/2021\\\/05\\\/spa-carte-de-soins.jpg\",\"contentUrl\":\"https:\\\/\\\/www.lavillak.com\\\/wp-inside\\\/uploads\\\/2021\\\/05\\\/spa-carte-de-soins.jpg\",\"width\":1920,\"height\":375,\"caption\":\"list der behandlungen\"},{\"@type\":\"BreadcrumbList\",\"@id\":\"https:\\\/\\\/www.lavillak.com\\\/de\\\/spa-wellness\\\/liste-der-behandlungen\\\/#breadcrumb\",\"itemListElement\":[{\"@type\":\"ListItem\",\"position\":1,\"name\":\"Home\",\"item\":\"https:\\\/\\\/www.lavillak.com\\\/de\\\/\"},{\"@type\":\"ListItem\",\"position\":2,\"name\":\"Spa\",\"item\":\"https:\\\/\\\/www.lavillak.com\\\/de\\\/spa-wellness\\\/\"},{\"@type\":\"ListItem\",\"position\":3,\"name\":\"Das Pflegeangebot des Spa La Villa K in Saint-Louis\"}]},{\"@type\":\"WebSite\",\"@id\":\"https:\\\/\\\/www.lavillak.com\\\/de\\\/#website\",\"url\":\"https:\\\/\\\/www.lavillak.com\\\/de\\\/\",\"name\":\"La Villa K\",\"description\":\"H\u00f4tel Spa Restaurant 4 \u00e9toiles\",\"publisher\":{\"@id\":\"https:\\\/\\\/www.lavillak.com\\\/de\\\/#organization\"},\"potentialAction\":[{\"@type\":\"SearchAction\",\"target\":{\"@type\":\"EntryPoint\",\"urlTemplate\":\"https:\\\/\\\/www.lavillak.com\\\/de\\\/?s={search_term_string}\"},\"query-input\":{\"@type\":\"PropertyValueSpecification\",\"valueRequired\":true,\"valueName\":\"search_term_string\"}}],\"inLanguage\":\"de\"},{\"@type\":\"Organization\",\"@id\":\"https:\\\/\\\/www.lavillak.com\\\/de\\\/#organization\",\"name\":\"La Villa K\",\"url\":\"https:\\\/\\\/www.lavillak.com\\\/de\\\/\",\"logo\":{\"@type\":\"ImageObject\",\"inLanguage\":\"de\",\"@id\":\"https:\\\/\\\/www.lavillak.com\\\/de\\\/#\\\/schema\\\/logo\\\/image\\\/\",\"url\":\"https:\\\/\\\/www.lavillak.com\\\/wp-inside\\\/uploads\\\/2021\\\/05\\\/logo-hotel-lavillak-230x144_2x.png\",\"contentUrl\":\"https:\\\/\\\/www.lavillak.com\\\/wp-inside\\\/uploads\\\/2021\\\/05\\\/logo-hotel-lavillak-230x144_2x.png\",\"width\":460,\"height\":288,\"caption\":\"La Villa K\"},\"image\":{\"@id\":\"https:\\\/\\\/www.lavillak.com\\\/de\\\/#\\\/schema\\\/logo\\\/image\\\/\"},\"sameAs\":[\"https:\\\/\\\/www.facebook.com\\\/lavillak\\\/\",\"https:\\\/\\\/www.instagram.com\\\/hotellavillak\\\/\",\"https:\\\/\\\/fr.pinterest.com\\\/hotellavillaket\\\/\"]}]}<\/script>\n<!-- \/ Yoast SEO plugin. -->","yoast_head_json":{"title":"Spa, Sch\u00f6nheit, Gesichts- und K\u00f6rperbehandlungen, Saint-Louis Basel","description":"Entdecken Sie unsere Sch\u00f6nheits- und Wellnessbehandlungen, die sowohl bei Frauen als auch bei M\u00e4nnern beliebt sind. \ud83e\uddcd\ud83c\udffc\u200d\u2642\ufe0f\ud83e\uddcd\ud83c\udffc\u200d\u2640\ufe0f","robots":{"index":"index","follow":"follow","max-snippet":"max-snippet:-1","max-image-preview":"max-image-preview:large","max-video-preview":"max-video-preview:-1"},"canonical":"https:\/\/www.lavillak.com\/de\/spa-wellness\/liste-der-behandlungen\/","og_locale":"de_DE","og_type":"article","og_title":"Spa, Sch\u00f6nheit, Gesichts- und K\u00f6rperbehandlungen, Saint-Louis Basel","og_description":"Entdecken Sie unsere Sch\u00f6nheits- und Wellnessbehandlungen, die sowohl bei Frauen als auch bei M\u00e4nnern beliebt sind. \ud83e\uddcd\ud83c\udffc\u200d\u2642\ufe0f\ud83e\uddcd\ud83c\udffc\u200d\u2640\ufe0f","og_url":"https:\/\/www.lavillak.com\/de\/spa-wellness\/liste-der-behandlungen\/","og_site_name":"La Villa K","article_publisher":"https:\/\/www.facebook.com\/lavillak\/","article_modified_time":"2026-01-22T15:09:57+00:00","og_image":[{"width":1920,"height":375,"url":"https:\/\/www.lavillak.com\/wp-inside\/uploads\/2021\/05\/spa-carte-de-soins.jpg","type":"image\/jpeg"}],"twitter_card":"summary_large_image","twitter_misc":{"Gesch\u00e4tzte Lesezeit":"2\u00a0Minuten"},"schema":{"@context":"https:\/\/schema.org","@graph":[{"@type":"WebPage","@id":"https:\/\/www.lavillak.com\/de\/spa-wellness\/liste-der-behandlungen\/","url":"https:\/\/www.lavillak.com\/de\/spa-wellness\/liste-der-behandlungen\/","name":"Spa, Sch\u00f6nheit, Gesichts- und K\u00f6rperbehandlungen, Saint-Louis Basel","isPartOf":{"@id":"https:\/\/www.lavillak.com\/de\/#website"},"primaryImageOfPage":{"@id":"https:\/\/www.lavillak.com\/de\/spa-wellness\/liste-der-behandlungen\/#primaryimage"},"image":{"@id":"https:\/\/www.lavillak.com\/de\/spa-wellness\/liste-der-behandlungen\/#primaryimage"},"thumbnailUrl":"https:\/\/www.lavillak.com\/wp-inside\/uploads\/2021\/05\/spa-carte-de-soins.jpg","datePublished":"2021-02-08T08:40:21+00:00","dateModified":"2026-01-22T15:09:57+00:00","description":"Entdecken Sie unsere Sch\u00f6nheits- und Wellnessbehandlungen, die sowohl bei Frauen als auch bei M\u00e4nnern beliebt sind. \ud83e\uddcd\ud83c\udffc\u200d\u2642\ufe0f\ud83e\uddcd\ud83c\udffc\u200d\u2640\ufe0f","breadcrumb":{"@id":"https:\/\/www.lavillak.com\/de\/spa-wellness\/liste-der-behandlungen\/#breadcrumb"},"inLanguage":"de","potentialAction":[{"@type":"ReadAction","target":["https:\/\/www.lavillak.com\/de\/spa-wellness\/liste-der-behandlungen\/"]}]},{"@type":"ImageObject","inLanguage":"de","@id":"https:\/\/www.lavillak.com\/de\/spa-wellness\/liste-der-behandlungen\/#primaryimage","url":"https:\/\/www.lavillak.com\/wp-inside\/uploads\/2021\/05\/spa-carte-de-soins.jpg","contentUrl":"https:\/\/www.lavillak.com\/wp-inside\/uploads\/2021\/05\/spa-carte-de-soins.jpg","width":1920,"height":375,"caption":"list der behandlungen"},{"@type":"BreadcrumbList","@id":"https:\/\/www.lavillak.com\/de\/spa-wellness\/liste-der-behandlungen\/#breadcrumb","itemListElement":[{"@type":"ListItem","position":1,"name":"Home","item":"https:\/\/www.lavillak.com\/de\/"},{"@type":"ListItem","position":2,"name":"Spa","item":"https:\/\/www.lavillak.com\/de\/spa-wellness\/"},{"@type":"ListItem","position":3,"name":"Das Pflegeangebot des Spa La Villa K in Saint-Louis"}]},{"@type":"WebSite","@id":"https:\/\/www.lavillak.com\/de\/#website","url":"https:\/\/www.lavillak.com\/de\/","name":"La Villa K","description":"H\u00f4tel Spa Restaurant 4 \u00e9toiles","publisher":{"@id":"https:\/\/www.lavillak.com\/de\/#organization"},"potentialAction":[{"@type":"SearchAction","target":{"@type":"EntryPoint","urlTemplate":"https:\/\/www.lavillak.com\/de\/?s={search_term_string}"},"query-input":{"@type":"PropertyValueSpecification","valueRequired":true,"valueName":"search_term_string"}}],"inLanguage":"de"},{"@type":"Organization","@id":"https:\/\/www.lavillak.com\/de\/#organization","name":"La Villa K","url":"https:\/\/www.lavillak.com\/de\/","logo":{"@type":"ImageObject","inLanguage":"de","@id":"https:\/\/www.lavillak.com\/de\/#\/schema\/logo\/image\/","url":"https:\/\/www.lavillak.com\/wp-inside\/uploads\/2021\/05\/logo-hotel-lavillak-230x144_2x.png","contentUrl":"https:\/\/www.lavillak.com\/wp-inside\/uploads\/2021\/05\/logo-hotel-lavillak-230x144_2x.png","width":460,"height":288,"caption":"La Villa K"},"image":{"@id":"https:\/\/www.lavillak.com\/de\/#\/schema\/logo\/image\/"},"sameAs":["https:\/\/www.facebook.com\/lavillak\/","https:\/\/www.instagram.com\/hotellavillak\/","https:\/\/fr.pinterest.com\/hotellavillaket\/"]}]}},"_links":{"self":[{"href":"https:\/\/www.lavillak.com\/de\/wp-json\/wp\/v2\/pages\/8863","targetHints":{"allow":["GET"]}}],"collection":[{"href":"https:\/\/www.lavillak.com\/de\/wp-json\/wp\/v2\/pages"}],"about":[{"href":"https:\/\/www.lavillak.com\/de\/wp-json\/wp\/v2\/types\/page"}],"author":[{"embeddable":true,"href":"https:\/\/www.lavillak.com\/de\/wp-json\/wp\/v2\/users\/3"}],"replies":[{"embeddable":true,"href":"https:\/\/www.lavillak.com\/de\/wp-json\/wp\/v2\/comments?post=8863"}],"version-history":[{"count":17,"href":"https:\/\/www.lavillak.com\/de\/wp-json\/wp\/v2\/pages\/8863\/revisions"}],"predecessor-version":[{"id":30568,"href":"https:\/\/www.lavillak.com\/de\/wp-json\/wp\/v2\/pages\/8863\/revisions\/30568"}],"up":[{"embeddable":true,"href":"https:\/\/www.lavillak.com\/de\/wp-json\/wp\/v2\/pages\/8960"}],"wp:featuredmedia":[{"embeddable":true,"href":"https:\/\/www.lavillak.com\/de\/wp-json\/wp\/v2\/media\/8281"}],"wp:attachment":[{"href":"https:\/\/www.lavillak.com\/de\/wp-json\/wp\/v2\/media?parent=8863"}],"curies":[{"name":"wp","href":"https:\/\/api.w.org\/{rel}","templated":true}]}}