{"id":8937,"date":"2021-05-17T12:29:26","date_gmt":"2021-05-17T10:29:26","guid":{"rendered":"https:\/\/www.lavillak.com\/tourismus\/esprits-sportifs\/"},"modified":"2021-05-26T10:48:12","modified_gmt":"2021-05-26T08:48:12","slug":"sportliche-ferien-willkommen-im-elsass","status":"publish","type":"page","link":"https:\/\/www.lavillak.com\/de\/tourismus\/sportliche-ferien-willkommen-im-elsass\/","title":{"rendered":"Sportliche Ferien ? Willkommen im Elsass !"},"content":{"rendered":"<p><!-- flzn:zn_pagebanner --><\/p>\n<header id=\"flzn-pagebanner-1\" class=\"zone zn-pagebanner\">\n<div class=\"zone-block zn-pagebanner-block pdd-top pdd-bottom-off alignfull va-center\">\n<div class=\"row zn-pagebanner-row has-bg-imgs\">\n<div class=\"columns zn-pagebanner-col-content large-12\">\n<div class=\"columns-inner\">\n<div class=\"zn-pagebanner-content\"><\/div>\n<\/p><\/div>\n<\/p><\/div>\n<\/p><\/div>\n<\/p><\/div>\n<\/header>\n<p><!-- \/flzn:zn_pagebanner --><br \/>\n<!-- flzn:zn_text_img --><\/p>\n<div id=\"flzn-textimg-1\" class=\"zone zn-textimg\">\n<div class=\"zone-block zn-textimg-block alignwide va-center\">\n<div class=\"row mw-content-zone\">\n<div class=\"columns large-12\">\n<div class=\"row with-nice-alignment zn-textimg-row va-center\" data-equalizer data-equalize-on=\"large\">\n<div class=\"columns large-6 zn-textimg-colimg\" data-equalizer-watch>\n<div class=\"columns-inner zn-textimg-col-inner\">\n<div class=\"zn-textimg-imgs\">\n<div class=\"zn-textimg-imgbox\" title=\"\">\n<figure class=\"zn-textimg-figure\">\n\t\t\t\t\t\t\t\t\t<img decoding=\"async\" class=\"zn-textimg-img\" src=\"https:\/\/www.lavillak.com\/wp-inside\/uploads\/2021\/05\/canoe-kayak-alsace.jpg\" alt=\"Kanu Kajak Alsace\"\/><br \/>\n\t\t\t\t\t\t\t\t\t\t\t\t\t\t\t\t\t<\/figure>\n<\/p><\/div>\n<\/p><\/div>\n<\/p><\/div>\n<\/p><\/div>\n<div class=\"columns large-6 zn-textimg-coldesc\" data-equalizer-watch>\n<div class=\"columns-inner zn-textimg-descbox\">\n<div class=\"zn-textimg-desc wig-content\">\n<h2>Sport, Natur und Abenteuer im Elsass<\/h2>\n<p><strong>Parc des eaux vives<\/strong><\/p>\n<p>F\u00fcr Liebhaber von Wildwasser. Ob Anf\u00e4nger oder ge\u00fcbt, erleben Sie einmalige Momente mit Kanu-Kayak, Rafting, Hydrospeed\u2026.<br \/>\nIn H\u00fcningen (2km).Erreichbar zu Fuss, mit dem Fahrrad oder Auto.<br \/>\nInternetseite des Parks : <a href=\"http:\/\/www.ville-huningue.fr\/fr\/sports-eau-vive\">www.ville-huningue.fr<\/a><\/p>\n<p><strong>Kleine els\u00e4ssische Camargue<\/strong><\/p>\n<p>Dieses nationale Naturschutzgebiet erstreckt sich \u00fcber 904 Hektaren, Es erwarten Sie dort Ausstellungen und \u00a0Animationen.<br \/>\nNeben Saint-Louis (5km). Mit dem Fahrrad oder Auto erreichbar.<br \/>\nInternetseite vom Naturgebiet : <a href=\"http:\/\/petitecamarguealsacienne.com\/fr\/\">petitecamarguealsacienne.com<\/a><\/p>\n<\/div><\/div>\n<\/p><\/div>\n<\/p><\/div>\n<\/p><\/div>\n<\/p><\/div>\n<\/div>\n<\/div>\n<p><!-- \/flzn:zn_text_img --><br \/>\n<!-- flzn:zn_text --><\/p>\n<div id=\"flzn-text-1\" class=\"zone zn-text\">\n<div class=\"zone-block zn-text-block alignwide va-top\">\n<div class=\"row mw-content-zone\">\n<div class=\"columns large-12\">\n<div class=\"row with-nice-alignment nbloc-2 va-top\">\n<div class=\"columns large-6 zn-text-col\">\n<div class=\"columns-inner\">\n<div class=\"wig-content mw-content\">\n<p><strong>Els\u00e4sser Belchen<\/strong><\/p>\n<p>Dieser Gipfel geh\u00f6rt zur Vogesenkette \u00a0und befindet sich zwischen dem Elsass und der Franche-Comt\u00e9, auf 1\u2019247m H\u00f6he. Verschiedene Aktivit\u00e4ten werden angeboten wie Gleitschirmfliegen, Mountainbike, Wanderungen, Klettern, Sommerschlitten, Quad\u2026 d\u2026<br \/>\nEntfernung vom Hotel 85km.<\/p>\n<ul>\n<li>Internetseite vom Els\u00e4sser Belchen : <a href=\"http:\/\/www.smiba.fr\/EN\/50\">www.smiba.fr<\/a><\/li>\n<li>Internetseite Wanderungen : <a href=\"http:\/\/www.rando-vosges.com\/\">www.rando-vosges.com<\/a><\/li>\n<li>Internetseite Kletterwald: <a href=\"http:\/\/www.acropark.fr\/\">www.acropark.fr<\/a><\/li>\n<\/ul>\n<p>&nbsp;<\/p>\n<\/p><\/div>\n<\/p><\/div>\n<\/p><\/div>\n<div class=\"columns large-6 zn-text-col\">\n<div class=\"columns-inner\">\n<div class=\"wig-content mw-content\">\n<p><strong>Flugplatz von Colmar<\/strong><\/p>\n<p>Die els\u00e4ssische Fallschirmgesellschaft ist die einzige in der Region, die einen Fallschirmsprung aus 4000m H\u00f6he anbietet, \u00fcber der Ebene von Colmar und den Ausl\u00e4ufern der Vogesen. Hochgef\u00fchle sind garantiert! In Colmar (70m) \u2013 mit dem Auto oder Zug erreichbar.<br \/>\nInternetseite : <a href=\"http:\/\/www.saut-parachute-alsace.fr\/\">www.saut-parachute-alsace.fr<\/a><\/p>\n<\/p><\/div>\n<\/p><\/div>\n<\/p><\/div>\n<\/p><\/div>\n<\/p><\/div>\n<\/p><\/div>\n<\/div>\n<\/div>\n<p><!-- \/flzn:zn_text --><br \/>\n<!-- flzn:zn_text_img --><\/p>\n<div id=\"flzn-textimg-2\" class=\"zone zn-textimg\">\n<div class=\"zone-block zn-textimg-block alignwide va-center\">\n<div class=\"row mw-content-zone\">\n<div class=\"columns large-12\">\n<div class=\"row with-nice-alignment zn-textimg-row va-center\" data-equalizer data-equalize-on=\"large\">\n<div class=\"columns large-6 large-push-6 zn-textimg-colimg\" data-equalizer-watch>\n<div class=\"columns-inner zn-textimg-col-inner\">\n<div class=\"zn-textimg-imgs\">\n<div class=\"zn-textimg-imgbox\" title=\"\">\n<figure class=\"zn-textimg-figure\">\n\t\t\t\t\t\t\t\t\t<img decoding=\"async\" class=\"zn-textimg-img\" src=\"https:\/\/www.lavillak.com\/wp-inside\/uploads\/2021\/05\/sports-hiver-alsace.jpg\" alt=\"Wintersport Elsass\"\/><br \/>\n\t\t\t\t\t\t\t\t\t\t\t\t\t\t\t\t\t<\/figure>\n<\/p><\/div>\n<\/p><\/div>\n<\/p><\/div>\n<\/p><\/div>\n<div class=\"columns large-6 large-pull-6 zn-textimg-coldesc\" data-equalizer-watch>\n<div class=\"columns-inner zn-textimg-descbox\">\n<div class=\"zn-textimg-desc wig-content\">\n<p><strong>Skistationen<\/strong><\/p>\n<p>Die n\u00e4chsten Skistationen vom Hotel befinden sich im Jura, namentlich in der Schweiz, 200 bis 300km von La Villa K. In den Vogesen findet man 70km vom Hotel entfernt Skistationen und in Deutschland befinden sich die n\u00e4chsten in einer Entfernung von etwa 65km.<\/p>\n<\/div><\/div>\n<\/p><\/div>\n<\/p><\/div>\n<\/p><\/div>\n<\/p><\/div>\n<\/div>\n<\/div>\n<p><!-- \/flzn:zn_text_img --><br \/>\n<!-- flzn:zn_text_img --><\/p>\n<div id=\"flzn-textimg-3\" class=\"zone zn-textimg\">\n<div class=\"zone-block zn-textimg-block alignwide va-center\">\n<div class=\"row mw-content-zone\">\n<div class=\"columns large-12\">\n<div class=\"row with-nice-alignment zn-textimg-row va-center\" data-equalizer data-equalize-on=\"large\">\n<div class=\"columns large-6 zn-textimg-colimg\" data-equalizer-watch>\n<div class=\"columns-inner zn-textimg-col-inner\">\n<div class=\"zn-textimg-imgs\">\n<div class=\"zn-textimg-imgbox\" title=\"\">\n<figure class=\"zn-textimg-figure\">\n\t\t\t\t\t\t\t\t\t<img decoding=\"async\" class=\"zn-textimg-img\" src=\"https:\/\/www.lavillak.com\/wp-inside\/uploads\/2021\/05\/activites-sportives-exterieur-alsace.jpg\" alt=\"Outdoor-Sportaktivit\u00e4ten, Alsace\"\/><br \/>\n\t\t\t\t\t\t\t\t\t\t\t\t\t\t\t\t\t<\/figure>\n<\/p><\/div>\n<\/p><\/div>\n<\/p><\/div>\n<\/p><\/div>\n<div class=\"columns large-6 zn-textimg-coldesc\" data-equalizer-watch>\n<div class=\"columns-inner zn-textimg-descbox\">\n<div class=\"zn-textimg-desc wig-content\">\n<p><strong>Veloweg<\/strong><\/p>\n<p>Profitieren Sie von einem 70km langen Veloweg zwischen Basel, Freiburg und dem Hardtwald (Fessenheim, Hartheim, Chalamp\u00e9, Neuenberg, H\u00fcningen, Weil-am-Rhein) sowie von einer anderen Strecke, dem \u201ePlanetenweg\u201c, der sich vom Parc des eaux vives nach H\u00fcningen erstreckt (L\u00e4nge 6km).<\/p>\n<p><strong>Golf<\/strong><\/p>\n<p>Das Golf &amp; Country Club Basel steht f\u00fcr Mitglieder und Golfliebhaber\u00a0 offen.<br \/>\nIn Hagenthal-le-Bas (10km).Mit dem Auto erreichbar.<br \/>\nInternetseite vom Club: <a href=\"http:\/\/www.gccbasel.ch\/\">www.gccbasel.ch<\/a><\/p>\n<p>Entdecken Sie auch den Golfclub von LaLargue \u00a0\u2013 er ist einmalig in seiner Art und liegt in Mooslargue (20km). Mit dem Auto erreichbar.<br \/>\nInternetseite vom Club:\u00a0<a href=\"https:\/\/www.golf-lalargue.com\/\">www.golf-lalargue.com<\/a><\/p>\n<\/div><\/div>\n<\/p><\/div>\n<\/p><\/div>\n<\/p><\/div>\n<\/p><\/div>\n<\/div>\n<\/div>\n<p><!-- \/flzn:zn_text_img --><\/p>\n","protected":false},"excerpt":{"rendered":"<p>Sport, Natur und Abenteuer im Elsass Parc des eaux vives F\u00fcr Liebhaber von Wildwasser. Ob Anf\u00e4nger oder ge\u00fcbt, erleben Sie einmalige Momente mit Kanu-Kayak, Rafting, Hydrospeed\u2026. In H\u00fcningen (2km).Erreichbar zu [&hellip;]<\/p>\n","protected":false},"author":3,"featured_media":8018,"parent":8720,"menu_order":15,"comment_status":"closed","ping_status":"closed","template":"","meta":{"_acf_changed":false,"footnotes":""},"class_list":["post-8937","page","type-page","status-publish","has-post-thumbnail","hentry","wp-sticky"],"acf":[],"yoast_head":"<!-- This site is optimized with the Yoast SEO plugin v27.5 - https:\/\/yoast.com\/product\/yoast-seo-wordpress\/ -->\n<title>Sportliche Ferien ? Willkommen im Elsass !<\/title>\n<meta name=\"robots\" content=\"index, follow, max-snippet:-1, max-image-preview:large, max-video-preview:-1\" \/>\n<link rel=\"canonical\" href=\"https:\/\/www.lavillak.com\/de\/tourismus\/sportliche-ferien-willkommen-im-elsass\/\" \/>\n<meta property=\"og:locale\" content=\"de_DE\" \/>\n<meta property=\"og:type\" content=\"article\" \/>\n<meta property=\"og:title\" content=\"Sportliche Ferien ? Willkommen im Elsass !\" \/>\n<meta property=\"og:description\" content=\"Sport, Natur und Abenteuer im Elsass Parc des eaux vives F\u00fcr Liebhaber von Wildwasser. Ob Anf\u00e4nger oder ge\u00fcbt, erleben Sie einmalige Momente mit Kanu-Kayak, Rafting, Hydrospeed\u2026. In H\u00fcningen (2km).Erreichbar zu [&hellip;]\" \/>\n<meta property=\"og:url\" content=\"https:\/\/www.lavillak.com\/de\/tourismus\/sportliche-ferien-willkommen-im-elsass\/\" \/>\n<meta property=\"og:site_name\" content=\"La Villa K\" \/>\n<meta property=\"article:publisher\" content=\"https:\/\/www.facebook.com\/lavillak\/\" \/>\n<meta property=\"article:modified_time\" content=\"2021-05-26T08:48:12+00:00\" \/>\n<meta property=\"og:image\" content=\"https:\/\/www.lavillak.com\/wp-inside\/uploads\/2021\/05\/esprits-sportifs.jpg\" \/>\n\t<meta property=\"og:image:width\" content=\"1024\" \/>\n\t<meta property=\"og:image:height\" content=\"400\" \/>\n\t<meta property=\"og:image:type\" content=\"image\/jpeg\" \/>\n<meta name=\"twitter:card\" content=\"summary_large_image\" \/>\n<meta name=\"twitter:label1\" content=\"Gesch\u00e4tzte Lesezeit\" \/>\n\t<meta name=\"twitter:data1\" content=\"2\u00a0Minuten\" \/>\n<script type=\"application\/ld+json\" class=\"yoast-schema-graph\">{\"@context\":\"https:\\\/\\\/schema.org\",\"@graph\":[{\"@type\":\"WebPage\",\"@id\":\"https:\\\/\\\/www.lavillak.com\\\/de\\\/tourismus\\\/sportliche-ferien-willkommen-im-elsass\\\/\",\"url\":\"https:\\\/\\\/www.lavillak.com\\\/de\\\/tourismus\\\/sportliche-ferien-willkommen-im-elsass\\\/\",\"name\":\"Sportliche Ferien ? Willkommen im Elsass !\",\"isPartOf\":{\"@id\":\"https:\\\/\\\/www.lavillak.com\\\/de\\\/#website\"},\"primaryImageOfPage\":{\"@id\":\"https:\\\/\\\/www.lavillak.com\\\/de\\\/tourismus\\\/sportliche-ferien-willkommen-im-elsass\\\/#primaryimage\"},\"image\":{\"@id\":\"https:\\\/\\\/www.lavillak.com\\\/de\\\/tourismus\\\/sportliche-ferien-willkommen-im-elsass\\\/#primaryimage\"},\"thumbnailUrl\":\"https:\\\/\\\/www.lavillak.com\\\/wp-inside\\\/uploads\\\/2021\\\/05\\\/esprits-sportifs.jpg\",\"datePublished\":\"2021-05-17T10:29:26+00:00\",\"dateModified\":\"2021-05-26T08:48:12+00:00\",\"breadcrumb\":{\"@id\":\"https:\\\/\\\/www.lavillak.com\\\/de\\\/tourismus\\\/sportliche-ferien-willkommen-im-elsass\\\/#breadcrumb\"},\"inLanguage\":\"de\",\"potentialAction\":[{\"@type\":\"ReadAction\",\"target\":[\"https:\\\/\\\/www.lavillak.com\\\/de\\\/tourismus\\\/sportliche-ferien-willkommen-im-elsass\\\/\"]}]},{\"@type\":\"ImageObject\",\"inLanguage\":\"de\",\"@id\":\"https:\\\/\\\/www.lavillak.com\\\/de\\\/tourismus\\\/sportliche-ferien-willkommen-im-elsass\\\/#primaryimage\",\"url\":\"https:\\\/\\\/www.lavillak.com\\\/wp-inside\\\/uploads\\\/2021\\\/05\\\/esprits-sportifs.jpg\",\"contentUrl\":\"https:\\\/\\\/www.lavillak.com\\\/wp-inside\\\/uploads\\\/2021\\\/05\\\/esprits-sportifs.jpg\",\"width\":1024,\"height\":400,\"caption\":\"Sportliche Ferien\"},{\"@type\":\"BreadcrumbList\",\"@id\":\"https:\\\/\\\/www.lavillak.com\\\/de\\\/tourismus\\\/sportliche-ferien-willkommen-im-elsass\\\/#breadcrumb\",\"itemListElement\":[{\"@type\":\"ListItem\",\"position\":1,\"name\":\"Home\",\"item\":\"https:\\\/\\\/www.lavillak.com\\\/de\\\/\"},{\"@type\":\"ListItem\",\"position\":2,\"name\":\"Tourismus\",\"item\":\"https:\\\/\\\/www.lavillak.com\\\/de\\\/tourismus\\\/\"},{\"@type\":\"ListItem\",\"position\":3,\"name\":\"Sportliche Ferien ? Willkommen im Elsass !\"}]},{\"@type\":\"WebSite\",\"@id\":\"https:\\\/\\\/www.lavillak.com\\\/de\\\/#website\",\"url\":\"https:\\\/\\\/www.lavillak.com\\\/de\\\/\",\"name\":\"La Villa K\",\"description\":\"H\u00f4tel Spa Restaurant 4 \u00e9toiles\",\"publisher\":{\"@id\":\"https:\\\/\\\/www.lavillak.com\\\/de\\\/#organization\"},\"potentialAction\":[{\"@type\":\"SearchAction\",\"target\":{\"@type\":\"EntryPoint\",\"urlTemplate\":\"https:\\\/\\\/www.lavillak.com\\\/de\\\/?s={search_term_string}\"},\"query-input\":{\"@type\":\"PropertyValueSpecification\",\"valueRequired\":true,\"valueName\":\"search_term_string\"}}],\"inLanguage\":\"de\"},{\"@type\":\"Organization\",\"@id\":\"https:\\\/\\\/www.lavillak.com\\\/de\\\/#organization\",\"name\":\"La Villa K\",\"url\":\"https:\\\/\\\/www.lavillak.com\\\/de\\\/\",\"logo\":{\"@type\":\"ImageObject\",\"inLanguage\":\"de\",\"@id\":\"https:\\\/\\\/www.lavillak.com\\\/de\\\/#\\\/schema\\\/logo\\\/image\\\/\",\"url\":\"https:\\\/\\\/www.lavillak.com\\\/wp-inside\\\/uploads\\\/2021\\\/05\\\/logo-hotel-lavillak-230x144_2x.png\",\"contentUrl\":\"https:\\\/\\\/www.lavillak.com\\\/wp-inside\\\/uploads\\\/2021\\\/05\\\/logo-hotel-lavillak-230x144_2x.png\",\"width\":460,\"height\":288,\"caption\":\"La Villa K\"},\"image\":{\"@id\":\"https:\\\/\\\/www.lavillak.com\\\/de\\\/#\\\/schema\\\/logo\\\/image\\\/\"},\"sameAs\":[\"https:\\\/\\\/www.facebook.com\\\/lavillak\\\/\",\"https:\\\/\\\/www.instagram.com\\\/hotellavillak\\\/\",\"https:\\\/\\\/fr.pinterest.com\\\/hotellavillaket\\\/\"]}]}<\/script>\n<!-- \/ Yoast SEO plugin. -->","yoast_head_json":{"title":"Sportliche Ferien ? Willkommen im Elsass !","robots":{"index":"index","follow":"follow","max-snippet":"max-snippet:-1","max-image-preview":"max-image-preview:large","max-video-preview":"max-video-preview:-1"},"canonical":"https:\/\/www.lavillak.com\/de\/tourismus\/sportliche-ferien-willkommen-im-elsass\/","og_locale":"de_DE","og_type":"article","og_title":"Sportliche Ferien ? Willkommen im Elsass !","og_description":"Sport, Natur und Abenteuer im Elsass Parc des eaux vives F\u00fcr Liebhaber von Wildwasser. Ob Anf\u00e4nger oder ge\u00fcbt, erleben Sie einmalige Momente mit Kanu-Kayak, Rafting, Hydrospeed\u2026. In H\u00fcningen (2km).Erreichbar zu [&hellip;]","og_url":"https:\/\/www.lavillak.com\/de\/tourismus\/sportliche-ferien-willkommen-im-elsass\/","og_site_name":"La Villa K","article_publisher":"https:\/\/www.facebook.com\/lavillak\/","article_modified_time":"2021-05-26T08:48:12+00:00","og_image":[{"width":1024,"height":400,"url":"https:\/\/www.lavillak.com\/wp-inside\/uploads\/2021\/05\/esprits-sportifs.jpg","type":"image\/jpeg"}],"twitter_card":"summary_large_image","twitter_misc":{"Gesch\u00e4tzte Lesezeit":"2\u00a0Minuten"},"schema":{"@context":"https:\/\/schema.org","@graph":[{"@type":"WebPage","@id":"https:\/\/www.lavillak.com\/de\/tourismus\/sportliche-ferien-willkommen-im-elsass\/","url":"https:\/\/www.lavillak.com\/de\/tourismus\/sportliche-ferien-willkommen-im-elsass\/","name":"Sportliche Ferien ? Willkommen im Elsass !","isPartOf":{"@id":"https:\/\/www.lavillak.com\/de\/#website"},"primaryImageOfPage":{"@id":"https:\/\/www.lavillak.com\/de\/tourismus\/sportliche-ferien-willkommen-im-elsass\/#primaryimage"},"image":{"@id":"https:\/\/www.lavillak.com\/de\/tourismus\/sportliche-ferien-willkommen-im-elsass\/#primaryimage"},"thumbnailUrl":"https:\/\/www.lavillak.com\/wp-inside\/uploads\/2021\/05\/esprits-sportifs.jpg","datePublished":"2021-05-17T10:29:26+00:00","dateModified":"2021-05-26T08:48:12+00:00","breadcrumb":{"@id":"https:\/\/www.lavillak.com\/de\/tourismus\/sportliche-ferien-willkommen-im-elsass\/#breadcrumb"},"inLanguage":"de","potentialAction":[{"@type":"ReadAction","target":["https:\/\/www.lavillak.com\/de\/tourismus\/sportliche-ferien-willkommen-im-elsass\/"]}]},{"@type":"ImageObject","inLanguage":"de","@id":"https:\/\/www.lavillak.com\/de\/tourismus\/sportliche-ferien-willkommen-im-elsass\/#primaryimage","url":"https:\/\/www.lavillak.com\/wp-inside\/uploads\/2021\/05\/esprits-sportifs.jpg","contentUrl":"https:\/\/www.lavillak.com\/wp-inside\/uploads\/2021\/05\/esprits-sportifs.jpg","width":1024,"height":400,"caption":"Sportliche Ferien"},{"@type":"BreadcrumbList","@id":"https:\/\/www.lavillak.com\/de\/tourismus\/sportliche-ferien-willkommen-im-elsass\/#breadcrumb","itemListElement":[{"@type":"ListItem","position":1,"name":"Home","item":"https:\/\/www.lavillak.com\/de\/"},{"@type":"ListItem","position":2,"name":"Tourismus","item":"https:\/\/www.lavillak.com\/de\/tourismus\/"},{"@type":"ListItem","position":3,"name":"Sportliche Ferien ? Willkommen im Elsass !"}]},{"@type":"WebSite","@id":"https:\/\/www.lavillak.com\/de\/#website","url":"https:\/\/www.lavillak.com\/de\/","name":"La Villa K","description":"H\u00f4tel Spa Restaurant 4 \u00e9toiles","publisher":{"@id":"https:\/\/www.lavillak.com\/de\/#organization"},"potentialAction":[{"@type":"SearchAction","target":{"@type":"EntryPoint","urlTemplate":"https:\/\/www.lavillak.com\/de\/?s={search_term_string}"},"query-input":{"@type":"PropertyValueSpecification","valueRequired":true,"valueName":"search_term_string"}}],"inLanguage":"de"},{"@type":"Organization","@id":"https:\/\/www.lavillak.com\/de\/#organization","name":"La Villa K","url":"https:\/\/www.lavillak.com\/de\/","logo":{"@type":"ImageObject","inLanguage":"de","@id":"https:\/\/www.lavillak.com\/de\/#\/schema\/logo\/image\/","url":"https:\/\/www.lavillak.com\/wp-inside\/uploads\/2021\/05\/logo-hotel-lavillak-230x144_2x.png","contentUrl":"https:\/\/www.lavillak.com\/wp-inside\/uploads\/2021\/05\/logo-hotel-lavillak-230x144_2x.png","width":460,"height":288,"caption":"La Villa K"},"image":{"@id":"https:\/\/www.lavillak.com\/de\/#\/schema\/logo\/image\/"},"sameAs":["https:\/\/www.facebook.com\/lavillak\/","https:\/\/www.instagram.com\/hotellavillak\/","https:\/\/fr.pinterest.com\/hotellavillaket\/"]}]}},"_links":{"self":[{"href":"https:\/\/www.lavillak.com\/de\/wp-json\/wp\/v2\/pages\/8937","targetHints":{"allow":["GET"]}}],"collection":[{"href":"https:\/\/www.lavillak.com\/de\/wp-json\/wp\/v2\/pages"}],"about":[{"href":"https:\/\/www.lavillak.com\/de\/wp-json\/wp\/v2\/types\/page"}],"author":[{"embeddable":true,"href":"https:\/\/www.lavillak.com\/de\/wp-json\/wp\/v2\/users\/3"}],"replies":[{"embeddable":true,"href":"https:\/\/www.lavillak.com\/de\/wp-json\/wp\/v2\/comments?post=8937"}],"version-history":[{"count":4,"href":"https:\/\/www.lavillak.com\/de\/wp-json\/wp\/v2\/pages\/8937\/revisions"}],"predecessor-version":[{"id":10221,"href":"https:\/\/www.lavillak.com\/de\/wp-json\/wp\/v2\/pages\/8937\/revisions\/10221"}],"up":[{"embeddable":true,"href":"https:\/\/www.lavillak.com\/de\/wp-json\/wp\/v2\/pages\/8720"}],"wp:featuredmedia":[{"embeddable":true,"href":"https:\/\/www.lavillak.com\/de\/wp-json\/wp\/v2\/media\/8018"}],"wp:attachment":[{"href":"https:\/\/www.lavillak.com\/de\/wp-json\/wp\/v2\/media?parent=8937"}],"curies":[{"name":"wp","href":"https:\/\/api.w.org\/{rel}","templated":true}]}}