{"id":8960,"date":"2021-02-08T09:28:43","date_gmt":"2021-02-08T08:28:43","guid":{"rendered":"https:\/\/www.lavillak.com\/spa-wellness\/"},"modified":"2025-12-01T10:27:48","modified_gmt":"2025-12-01T09:27:48","slug":"spa-wellness","status":"publish","type":"page","link":"https:\/\/www.lavillak.com\/de\/spa-wellness\/","title":{"rendered":"Spa"},"content":{"rendered":"<p><!-- flzn:zn_pagebanner --><\/p>\n<header id=\"flzn-pagebanner-1\" class=\"zone zn-pagebanner\">\n<div class=\"zone-block zn-pagebanner-block alignfull va-center\">\n<div class=\"row zn-pagebanner-row with-txt\" >\n<div class=\"columns zn-pagebanner-col-content large-12\" >\n<div class=\"columns-inner\">\n<div class=\"zn-pagebanner-content\">\n<div class=\"zn-pagebanner-desc wig-content\">\n<p>Das Spa La Villa K ist f\u00fcr Hotelg\u00e4ste, aber auch f\u00fcr externe G\u00e4ste zug\u00e4nglich und empf\u00e4ngt Sie in einer Cocooning-Atmosph\u00e4re, in der der Stress dem <strong>Wohlbefinden und der Entspannung weicht.<\/strong><\/p>\n<\/p><\/div>\n<\/p><\/div>\n<\/p><\/div>\n<\/p><\/div>\n<\/p><\/div>\n<\/p><\/div>\n<\/header>\n<p><!-- \/flzn:zn_pagebanner --><br \/>\n<!-- flzn:zn_text_img --><\/p>\n<div id=\"flzn-textimg-1\" class=\"zone zn-textimg\">\n<div class=\"zone-block zn-textimg-block alignwide va-center\">\n<div class=\"row mw-content-zone\">\n<div class=\"columns large-12\">\n<div class=\"row with-nice-alignment zn-textimg-row va-center\" data-equalizer data-equalize-on=\"large\">\n<div class=\"columns large-6 zn-textimg-colimg\" data-equalizer-watch>\n<div class=\"columns-inner zn-textimg-col-inner\">\n<div class=\"zn-textimg-imgs\">\n<div class=\"zn-textimg-imgbox\" title=\"\">\n<figure class=\"zn-textimg-figure\">\n\t\t\t\t\t\t\t\t\t<img decoding=\"async\" class=\"zn-textimg-img\" src=\"https:\/\/www.lavillak.com\/wp-inside\/uploads\/2021\/05\/spa-villa-k-haut-rhin-saint-louis.jpg\" alt=\"SPA La Villa K Haut-Rhin\"\/><br \/>\n\t\t\t\t\t\t\t\t\t\t\t\t\t\t\t\t\t<\/figure>\n<\/p><\/div>\n<\/p><\/div>\n<\/p><\/div>\n<\/p><\/div>\n<div class=\"columns large-6 zn-textimg-coldesc\" data-equalizer-watch>\n<div class=\"columns-inner zn-textimg-descbox\">\n<div class=\"zn-textimg-desc wig-content\">\n<h2>Der Spa-Bereich<\/h2>\n<p>Der Spa-Bereich besteht aus einer <strong>Sauna<\/strong>, einem <strong>Hammam<\/strong> und einem <strong>Jacuzzi<\/strong> (2-3 Personen). Der Zugang zum Spa wird immer privat f\u00fcr eine Dauer von 1 Stunde angeboten.<\/p>\n<p>Das Tragen eines Badeanzugs ist obligatorisch. Badeanz\u00fcge f\u00fcr M\u00e4nner und Frauen sind zum Kauf erh\u00e4ltlich. Handt\u00fccher, Badem\u00e4ntel und Flip-Flops werden kostenlos zur Verf\u00fcgung gestellt.<\/p>\n<p><em>Von Samstag 14:30 Uhr bis Sonntag 14:30 Uhr ist der Zugang zum Spa nur den Hotelg\u00e4sten vorbehalten. Das Hotel beh\u00e4lt sich das Recht vor, Buchungen von Arrangements, die den Zugang zum Spa beinhalten, w\u00e4hrend dieser Zeit abzulehnen.<\/em><\/p>\n<\/div><\/div>\n<\/p><\/div>\n<\/p><\/div>\n<\/p><\/div>\n<\/p><\/div>\n<\/div>\n<\/div>\n<p><!-- \/flzn:zn_text_img --><br \/>\n<!-- flzn:zn_text_img --><\/p>\n<div id=\"flzn-textimg-2\" class=\"zone zn-textimg\">\n<div class=\"zone-block zn-textimg-block alignwide va-center\">\n<div class=\"row mw-content-zone\">\n<div class=\"columns large-12\">\n<div class=\"row with-nice-alignment zn-textimg-row va-center\" data-equalizer data-equalize-on=\"large\">\n<div class=\"columns large-6 large-push-6 zn-textimg-colimg\" data-equalizer-watch>\n<div class=\"columns-inner zn-textimg-col-inner\">\n<div class=\"zn-textimg-imgs\">\n<div class=\"zn-textimg-imgbox\" title=\"\">\n<figure class=\"zn-textimg-figure\">\n\t\t\t\t\t\t\t\t\t<img decoding=\"async\" class=\"zn-textimg-img\" src=\"https:\/\/www.lavillak.com\/wp-inside\/uploads\/2021\/05\/interieur-spa-la-villa-k-saint-louis.jpg\" alt=\"Spa La Villa K Saint-Louis\"\/><br \/>\n\t\t\t\t\t\t\t\t\t\t\t\t\t\t\t\t\t<\/figure>\n<\/p><\/div>\n<\/p><\/div>\n<\/p><\/div>\n<\/p><\/div>\n<div class=\"columns large-6 large-pull-6 zn-textimg-coldesc\" data-equalizer-watch>\n<div class=\"columns-inner zn-textimg-descbox\">\n<div class=\"zn-textimg-desc wig-content\">\n<h2>Kosmetik und Pflege f\u00fcr K\u00f6rper und Gesicht<\/h2>\n<p>Das Spa La Villa K bietet ebenfalls ein gro\u00dfes Angebot von Behandlungen und Kosmetik.<br \/>\nUnsere Kosmetikerinnen bieten\u00a0<strong>verschiedene Massagen<\/strong>\u00a0von 20 bis 60 Minuten Dauer sowie Sch\u00f6nheitsrituale aus der ganzen Welt der Marke\u00a0<strong>Equatoria<\/strong>, in denen Aromen der Inseln, Blumen und Gew\u00fcrze sich mischen, um Sie auf eine unvergessliche Reise \u00fcber den Kontinent hinaus zu f\u00fchren.<br \/>\nF\u00fcr jeden Hauttyp angepasste Gesichtspflege sowie hochwertige Pflege gegen Hautalterung, darunter die bekannte Anwendung mit Kaviar von\u00a0<strong>Matis<\/strong>, f\u00fcr einen Moment totaler Entspannung, der Ihr Gesicht zum Strahlen bringt.<\/p>\n<p><strong>Entdecken Sie unser Spa in Saint-Louis<\/strong><\/p>\n<div><\/div>\n<\/div><\/div>\n<\/p><\/div>\n<\/p><\/div>\n<\/p><\/div>\n<\/p><\/div>\n<\/div>\n<\/div>\n<p><!-- \/flzn:zn_text_img --><br \/>\n<!-- flzn:zn_button --><\/p>\n<div id=\"flzn-button-1\" class=\"zone zn-button with-bg bg-color is-bgc-bluepattern bg-is-dark\"><span class=\"zone-bg bg-color bgc-bluepattern alignfull\"><\/span><\/p>\n<div class=\"zone-block zn-button-block alignfull va-top text-center\">\n<div class=\"zn-button-bgbox block-alignfull oneblock\">\n<div class=\"zn-button-bgbox-bg\" ><\/div>\n<\/p><\/div>\n<div class=\"zn-button-list row small-up-1 medium-up-1 nb-bloc-1  without-blocs-bg alignfull va-top text-center oneblock\" data-equalizer data-equalize-on=\"large\">\n<div class=\"zn-button-bloc column\" data-equalizer-watch>\n<div class=\"column-inner\">\n<div class=\"zn-button-innerbox\">\n<div class=\"zn-button-buttons-box\">\n<p>\t\t\t\t\t\t\t\t\t\t\t\t\t\t\t\t\t\t<a class=\"button secondary\" href=\"https:\/\/www.lavillak.com\/de\/spa-wellness\/liste-der-behandlungen\/\" title=\"Das Pflegeangebot des Spa La Villa K in Saint-Louis\"><br \/>\n\t\t\t\t\t\t\t\t\t\t\t\t\t\t\t\t\t\t\t\t\tPflegeangebot \t\t\t\t\t\t\t\t\t\t\t\t\t\t\t\t\t\t\t<\/a><\/p>\n<p>\t\t\t\t\t\t\t\t\t\t\t\t\t\t\t\t\t\t<a class=\"button secondary\" href=\"https:\/\/www.lavillak.com\/de\/kontakt-anreise\/\"><br \/>\n\t\t\t\t\t\t\t\t\t\t\t\t\t\t\t\t\t\t\t\t\tTermin vereinbaren\t\t\t\t\t\t\t\t\t\t\t\t\t\t\t\t\t\t\t<\/a><\/p>\n<p>\t\t\t\t\t\t\t\t\t\t\t\t\t\t\t\t\t\t<a class=\"button secondary\" href=\"https:\/\/aji-box.com\/-\/La-VillaK-Spa\/\"><br \/>\n\t\t\t\t\t\t\t\t\t\t\t\t\t\t\t\t\t\t\t\t\tUnsere Geschenkgutscheine\t\t\t\t\t\t\t\t\t\t\t\t\t\t\t\t\t\t\t<\/a>\n\t\t\t\t\t\t\t\t\t\t\t\t\t\t\t\t\t\t\t\t\t<\/div>\n<\/p><\/div>\n<\/p><\/div>\n<\/p><\/div>\n<\/p><\/div>\n<\/div>\n<\/div>\n<p><!-- \/flzn:zn_button --><\/p>\n","protected":false},"excerpt":{"rendered":"<p>Das Spa La Villa K ist f\u00fcr Hotelg\u00e4ste, aber auch f\u00fcr externe G\u00e4ste zug\u00e4nglich und empf\u00e4ngt Sie in einer Cocooning-Atmosph\u00e4re, in der der Stress dem Wohlbefinden und der Entspannung weicht. [&hellip;]<\/p>\n","protected":false},"author":3,"featured_media":7860,"parent":0,"menu_order":10,"comment_status":"closed","ping_status":"closed","template":"","meta":{"_acf_changed":false,"footnotes":""},"class_list":["post-8960","page","type-page","status-publish","has-post-thumbnail","hentry","wp-sticky"],"acf":[],"yoast_head":"<!-- This site is optimized with the Yoast SEO plugin v27.4 - https:\/\/yoast.com\/product\/yoast-seo-wordpress\/ -->\n<title>Elsass Hotel Wohlbefinden, Spa-Wellness n. Basel, Massage<\/title>\n<meta name=\"description\" content=\"Besoin de d\u00e9tente ? D\u00e9couvrez notre spa de luxe \u00e0 Saint-Louis (Alsace) et profitez de son hammam, sauna et jacuzzi seul, en amoureux ou entre amis.\" \/>\n<meta name=\"robots\" content=\"index, follow, max-snippet:-1, max-image-preview:large, max-video-preview:-1\" \/>\n<link rel=\"canonical\" href=\"https:\/\/www.lavillak.com\/de\/spa-wellness\/\" \/>\n<meta property=\"og:locale\" content=\"de_DE\" \/>\n<meta property=\"og:type\" content=\"article\" \/>\n<meta property=\"og:title\" content=\"Elsass Hotel Wohlbefinden, Spa-Wellness n. Basel, Massage\" \/>\n<meta property=\"og:description\" content=\"Besoin de d\u00e9tente ? D\u00e9couvrez notre spa de luxe \u00e0 Saint-Louis (Alsace) et profitez de son hammam, sauna et jacuzzi seul, en amoureux ou entre amis.\" \/>\n<meta property=\"og:url\" content=\"https:\/\/www.lavillak.com\/de\/spa-wellness\/\" \/>\n<meta property=\"og:site_name\" content=\"La Villa K\" \/>\n<meta property=\"article:publisher\" content=\"https:\/\/www.facebook.com\/lavillak\/\" \/>\n<meta property=\"article:modified_time\" content=\"2025-12-01T09:27:48+00:00\" \/>\n<meta property=\"og:image\" content=\"https:\/\/www.lavillak.com\/wp-inside\/uploads\/2021\/05\/spa-villa-k-haut-rhin-saint-louis.jpg\" \/>\n\t<meta property=\"og:image:width\" content=\"800\" \/>\n\t<meta property=\"og:image:height\" content=\"531\" \/>\n\t<meta property=\"og:image:type\" content=\"image\/jpeg\" \/>\n<meta name=\"twitter:card\" content=\"summary_large_image\" \/>\n<meta name=\"twitter:label1\" content=\"Gesch\u00e4tzte Lesezeit\" \/>\n\t<meta name=\"twitter:data1\" content=\"1\u00a0Minute\" \/>\n<script type=\"application\/ld+json\" class=\"yoast-schema-graph\">{\"@context\":\"https:\\\/\\\/schema.org\",\"@graph\":[{\"@type\":\"WebPage\",\"@id\":\"https:\\\/\\\/www.lavillak.com\\\/de\\\/spa-wellness\\\/\",\"url\":\"https:\\\/\\\/www.lavillak.com\\\/de\\\/spa-wellness\\\/\",\"name\":\"Elsass Hotel Wohlbefinden, Spa-Wellness n. Basel, Massage\",\"isPartOf\":{\"@id\":\"https:\\\/\\\/www.lavillak.com\\\/de\\\/#website\"},\"primaryImageOfPage\":{\"@id\":\"https:\\\/\\\/www.lavillak.com\\\/de\\\/spa-wellness\\\/#primaryimage\"},\"image\":{\"@id\":\"https:\\\/\\\/www.lavillak.com\\\/de\\\/spa-wellness\\\/#primaryimage\"},\"thumbnailUrl\":\"https:\\\/\\\/www.lavillak.com\\\/wp-inside\\\/uploads\\\/2021\\\/05\\\/spa-villa-k-haut-rhin-saint-louis.jpg\",\"datePublished\":\"2021-02-08T08:28:43+00:00\",\"dateModified\":\"2025-12-01T09:27:48+00:00\",\"description\":\"Besoin de d\u00e9tente ? D\u00e9couvrez notre spa de luxe \u00e0 Saint-Louis (Alsace) et profitez de son hammam, sauna et jacuzzi seul, en amoureux ou entre amis.\",\"breadcrumb\":{\"@id\":\"https:\\\/\\\/www.lavillak.com\\\/de\\\/spa-wellness\\\/#breadcrumb\"},\"inLanguage\":\"de\",\"potentialAction\":[{\"@type\":\"ReadAction\",\"target\":[\"https:\\\/\\\/www.lavillak.com\\\/de\\\/spa-wellness\\\/\"]}]},{\"@type\":\"ImageObject\",\"inLanguage\":\"de\",\"@id\":\"https:\\\/\\\/www.lavillak.com\\\/de\\\/spa-wellness\\\/#primaryimage\",\"url\":\"https:\\\/\\\/www.lavillak.com\\\/wp-inside\\\/uploads\\\/2021\\\/05\\\/spa-villa-k-haut-rhin-saint-louis.jpg\",\"contentUrl\":\"https:\\\/\\\/www.lavillak.com\\\/wp-inside\\\/uploads\\\/2021\\\/05\\\/spa-villa-k-haut-rhin-saint-louis.jpg\",\"width\":800,\"height\":531,\"caption\":\"SPA La Villa K Haut-Rhin\"},{\"@type\":\"BreadcrumbList\",\"@id\":\"https:\\\/\\\/www.lavillak.com\\\/de\\\/spa-wellness\\\/#breadcrumb\",\"itemListElement\":[{\"@type\":\"ListItem\",\"position\":1,\"name\":\"Home\",\"item\":\"https:\\\/\\\/www.lavillak.com\\\/de\\\/\"},{\"@type\":\"ListItem\",\"position\":2,\"name\":\"Spa\"}]},{\"@type\":\"WebSite\",\"@id\":\"https:\\\/\\\/www.lavillak.com\\\/de\\\/#website\",\"url\":\"https:\\\/\\\/www.lavillak.com\\\/de\\\/\",\"name\":\"La Villa K\",\"description\":\"H\u00f4tel Spa Restaurant 4 \u00e9toiles\",\"publisher\":{\"@id\":\"https:\\\/\\\/www.lavillak.com\\\/de\\\/#organization\"},\"potentialAction\":[{\"@type\":\"SearchAction\",\"target\":{\"@type\":\"EntryPoint\",\"urlTemplate\":\"https:\\\/\\\/www.lavillak.com\\\/de\\\/?s={search_term_string}\"},\"query-input\":{\"@type\":\"PropertyValueSpecification\",\"valueRequired\":true,\"valueName\":\"search_term_string\"}}],\"inLanguage\":\"de\"},{\"@type\":\"Organization\",\"@id\":\"https:\\\/\\\/www.lavillak.com\\\/de\\\/#organization\",\"name\":\"La Villa K\",\"url\":\"https:\\\/\\\/www.lavillak.com\\\/de\\\/\",\"logo\":{\"@type\":\"ImageObject\",\"inLanguage\":\"de\",\"@id\":\"https:\\\/\\\/www.lavillak.com\\\/de\\\/#\\\/schema\\\/logo\\\/image\\\/\",\"url\":\"https:\\\/\\\/www.lavillak.com\\\/wp-inside\\\/uploads\\\/2021\\\/05\\\/logo-hotel-lavillak-230x144_2x.png\",\"contentUrl\":\"https:\\\/\\\/www.lavillak.com\\\/wp-inside\\\/uploads\\\/2021\\\/05\\\/logo-hotel-lavillak-230x144_2x.png\",\"width\":460,\"height\":288,\"caption\":\"La Villa K\"},\"image\":{\"@id\":\"https:\\\/\\\/www.lavillak.com\\\/de\\\/#\\\/schema\\\/logo\\\/image\\\/\"},\"sameAs\":[\"https:\\\/\\\/www.facebook.com\\\/lavillak\\\/\",\"https:\\\/\\\/www.instagram.com\\\/hotellavillak\\\/\",\"https:\\\/\\\/fr.pinterest.com\\\/hotellavillaket\\\/\"]}]}<\/script>\n<!-- \/ Yoast SEO plugin. -->","yoast_head_json":{"title":"Elsass Hotel Wohlbefinden, Spa-Wellness n. Basel, Massage","description":"Besoin de d\u00e9tente ? D\u00e9couvrez notre spa de luxe \u00e0 Saint-Louis (Alsace) et profitez de son hammam, sauna et jacuzzi seul, en amoureux ou entre amis.","robots":{"index":"index","follow":"follow","max-snippet":"max-snippet:-1","max-image-preview":"max-image-preview:large","max-video-preview":"max-video-preview:-1"},"canonical":"https:\/\/www.lavillak.com\/de\/spa-wellness\/","og_locale":"de_DE","og_type":"article","og_title":"Elsass Hotel Wohlbefinden, Spa-Wellness n. Basel, Massage","og_description":"Besoin de d\u00e9tente ? D\u00e9couvrez notre spa de luxe \u00e0 Saint-Louis (Alsace) et profitez de son hammam, sauna et jacuzzi seul, en amoureux ou entre amis.","og_url":"https:\/\/www.lavillak.com\/de\/spa-wellness\/","og_site_name":"La Villa K","article_publisher":"https:\/\/www.facebook.com\/lavillak\/","article_modified_time":"2025-12-01T09:27:48+00:00","og_image":[{"width":800,"height":531,"url":"https:\/\/www.lavillak.com\/wp-inside\/uploads\/2021\/05\/spa-villa-k-haut-rhin-saint-louis.jpg","type":"image\/jpeg"}],"twitter_card":"summary_large_image","twitter_misc":{"Gesch\u00e4tzte Lesezeit":"1\u00a0Minute"},"schema":{"@context":"https:\/\/schema.org","@graph":[{"@type":"WebPage","@id":"https:\/\/www.lavillak.com\/de\/spa-wellness\/","url":"https:\/\/www.lavillak.com\/de\/spa-wellness\/","name":"Elsass Hotel Wohlbefinden, Spa-Wellness n. Basel, Massage","isPartOf":{"@id":"https:\/\/www.lavillak.com\/de\/#website"},"primaryImageOfPage":{"@id":"https:\/\/www.lavillak.com\/de\/spa-wellness\/#primaryimage"},"image":{"@id":"https:\/\/www.lavillak.com\/de\/spa-wellness\/#primaryimage"},"thumbnailUrl":"https:\/\/www.lavillak.com\/wp-inside\/uploads\/2021\/05\/spa-villa-k-haut-rhin-saint-louis.jpg","datePublished":"2021-02-08T08:28:43+00:00","dateModified":"2025-12-01T09:27:48+00:00","description":"Besoin de d\u00e9tente ? D\u00e9couvrez notre spa de luxe \u00e0 Saint-Louis (Alsace) et profitez de son hammam, sauna et jacuzzi seul, en amoureux ou entre amis.","breadcrumb":{"@id":"https:\/\/www.lavillak.com\/de\/spa-wellness\/#breadcrumb"},"inLanguage":"de","potentialAction":[{"@type":"ReadAction","target":["https:\/\/www.lavillak.com\/de\/spa-wellness\/"]}]},{"@type":"ImageObject","inLanguage":"de","@id":"https:\/\/www.lavillak.com\/de\/spa-wellness\/#primaryimage","url":"https:\/\/www.lavillak.com\/wp-inside\/uploads\/2021\/05\/spa-villa-k-haut-rhin-saint-louis.jpg","contentUrl":"https:\/\/www.lavillak.com\/wp-inside\/uploads\/2021\/05\/spa-villa-k-haut-rhin-saint-louis.jpg","width":800,"height":531,"caption":"SPA La Villa K Haut-Rhin"},{"@type":"BreadcrumbList","@id":"https:\/\/www.lavillak.com\/de\/spa-wellness\/#breadcrumb","itemListElement":[{"@type":"ListItem","position":1,"name":"Home","item":"https:\/\/www.lavillak.com\/de\/"},{"@type":"ListItem","position":2,"name":"Spa"}]},{"@type":"WebSite","@id":"https:\/\/www.lavillak.com\/de\/#website","url":"https:\/\/www.lavillak.com\/de\/","name":"La Villa K","description":"H\u00f4tel Spa Restaurant 4 \u00e9toiles","publisher":{"@id":"https:\/\/www.lavillak.com\/de\/#organization"},"potentialAction":[{"@type":"SearchAction","target":{"@type":"EntryPoint","urlTemplate":"https:\/\/www.lavillak.com\/de\/?s={search_term_string}"},"query-input":{"@type":"PropertyValueSpecification","valueRequired":true,"valueName":"search_term_string"}}],"inLanguage":"de"},{"@type":"Organization","@id":"https:\/\/www.lavillak.com\/de\/#organization","name":"La Villa K","url":"https:\/\/www.lavillak.com\/de\/","logo":{"@type":"ImageObject","inLanguage":"de","@id":"https:\/\/www.lavillak.com\/de\/#\/schema\/logo\/image\/","url":"https:\/\/www.lavillak.com\/wp-inside\/uploads\/2021\/05\/logo-hotel-lavillak-230x144_2x.png","contentUrl":"https:\/\/www.lavillak.com\/wp-inside\/uploads\/2021\/05\/logo-hotel-lavillak-230x144_2x.png","width":460,"height":288,"caption":"La Villa K"},"image":{"@id":"https:\/\/www.lavillak.com\/de\/#\/schema\/logo\/image\/"},"sameAs":["https:\/\/www.facebook.com\/lavillak\/","https:\/\/www.instagram.com\/hotellavillak\/","https:\/\/fr.pinterest.com\/hotellavillaket\/"]}]}},"_links":{"self":[{"href":"https:\/\/www.lavillak.com\/de\/wp-json\/wp\/v2\/pages\/8960","targetHints":{"allow":["GET"]}}],"collection":[{"href":"https:\/\/www.lavillak.com\/de\/wp-json\/wp\/v2\/pages"}],"about":[{"href":"https:\/\/www.lavillak.com\/de\/wp-json\/wp\/v2\/types\/page"}],"author":[{"embeddable":true,"href":"https:\/\/www.lavillak.com\/de\/wp-json\/wp\/v2\/users\/3"}],"replies":[{"embeddable":true,"href":"https:\/\/www.lavillak.com\/de\/wp-json\/wp\/v2\/comments?post=8960"}],"version-history":[{"count":5,"href":"https:\/\/www.lavillak.com\/de\/wp-json\/wp\/v2\/pages\/8960\/revisions"}],"predecessor-version":[{"id":30247,"href":"https:\/\/www.lavillak.com\/de\/wp-json\/wp\/v2\/pages\/8960\/revisions\/30247"}],"wp:featuredmedia":[{"embeddable":true,"href":"https:\/\/www.lavillak.com\/de\/wp-json\/wp\/v2\/media\/7860"}],"wp:attachment":[{"href":"https:\/\/www.lavillak.com\/de\/wp-json\/wp\/v2\/media?parent=8960"}],"curies":[{"name":"wp","href":"https:\/\/api.w.org\/{rel}","templated":true}]}}