{"id":8966,"date":"2021-05-17T14:32:50","date_gmt":"2021-05-17T12:32:50","guid":{"rendered":"https:\/\/www.lavillak.com\/tourismus\/event-expo-convention\/"},"modified":"2021-05-27T15:55:10","modified_gmt":"2021-05-27T13:55:10","slug":"anlaesse-ausstellungen-kongresse","status":"publish","type":"page","link":"https:\/\/www.lavillak.com\/de\/tourismus\/anlaesse-ausstellungen-kongresse\/","title":{"rendered":"Anl\u00e4sse, Ausstellungen &#038; Kongresse"},"content":{"rendered":"<p><!-- flzn:zn_pagebanner --><\/p>\n<header id=\"flzn-pagebanner-1\" class=\"zone zn-pagebanner\">\n<div class=\"zone-block zn-pagebanner-block pdd-top pdd-bottom-off alignfull va-center\">\n<div class=\"row zn-pagebanner-row has-bg-imgs\">\n<div class=\"columns zn-pagebanner-col-content large-12\">\n<div class=\"columns-inner\">\n<div class=\"zn-pagebanner-content\"><\/div>\n<\/p><\/div>\n<\/p><\/div>\n<\/p><\/div>\n<\/p><\/div>\n<\/header>\n<p><!-- \/flzn:zn_pagebanner --><br \/>\n<!-- flzn:zn_text_img --><\/p>\n<div id=\"flzn-textimg-1\" class=\"zone zn-textimg\">\n<div class=\"zone-block zn-textimg-block alignwide va-center\">\n<div class=\"row mw-content-zone\">\n<div class=\"columns large-12\">\n<div class=\"row with-nice-alignment zn-textimg-row va-center\" data-equalizer data-equalize-on=\"large\">\n<div class=\"columns large-6 zn-textimg-colimg\" data-equalizer-watch>\n<div class=\"columns-inner zn-textimg-col-inner\">\n<div class=\"zn-textimg-imgs\">\n<div class=\"zn-textimg-imgbox\" title=\"\">\n<figure class=\"zn-textimg-figure\">\n\t\t\t\t\t\t\t\t\t<img decoding=\"async\" class=\"zn-textimg-img\" src=\"https:\/\/www.lavillak.com\/wp-inside\/uploads\/2021\/05\/public-spectacle.jpg\" alt=\"Show Elsass\"\/><br \/>\n\t\t\t\t\t\t\t\t\t\t\t\t\t\t\t\t\t<\/figure>\n<\/p><\/div>\n<\/p><\/div>\n<\/p><\/div>\n<\/p><\/div>\n<div class=\"columns large-6 zn-textimg-coldesc\" data-equalizer-watch>\n<div class=\"columns-inner zn-textimg-descbox\">\n<div class=\"zn-textimg-desc wig-content\">\n<h2>Theater und Theaters\u00e4le<\/h2>\n<p><strong>Th\u00e9\u00e2tre la Coupole<\/strong><\/p>\n<p>Theaterst\u00fccke, Musik- und Tanzauff\u00fchrungen. In Saint-Louis (500m) zu Fuss erreichbar.<br \/>\nInternetseite des Theaters : <a href=\"http:\/\/www.lacoupole.fr\/\">www.lacoupole.fr<\/a><\/p>\n<p><strong>Theater Basel<\/strong><\/p>\n<p>Theaterst\u00fccke, Operetten, Opera\u2026 In Basel (8km).<br \/>\nInternetseite des Theaters : <a href=\"http:\/\/www.theater-basel.ch\/\">www.theater-basel.ch<\/a><\/p>\n<p><strong>L\u2019EDEN<\/strong><\/p>\n<p>Konzertsaal, humoristische Auff\u00fchrungen und f\u00fcr Kinder. In Sausheim (30km). Internetseite vom EDEN : <a href=\"http:\/\/www.eden-sausheim.com\/\">www.eden-sausheim.com<\/a><\/p>\n<p><strong>Parc expo Colmar<\/strong><\/p>\n<p><a href=\"http:\/\/www.colmar-expo.fr\/\" target=\"_blank\" rel=\"noopener noreferrer\">www.colmar-expo.fr<\/a><\/p>\n<p><strong>Parc expo Mulhouse<\/strong><\/p>\n<p><a href=\"https:\/\/www.parcexpo.fr\/\" target=\"_blank\" rel=\"noopener noreferrer\">www.parcexpo.fr<\/a><\/p>\n<\/div><\/div>\n<\/p><\/div>\n<\/p><\/div>\n<\/p><\/div>\n<\/p><\/div>\n<\/div>\n<\/div>\n<p><!-- \/flzn:zn_text_img --><br \/>\n<!-- flzn:zn_text_img --><\/p>\n<div id=\"flzn-textimg-2\" class=\"zone zn-textimg\">\n<div class=\"zone-block zn-textimg-block alignwide va-center\">\n<div class=\"row mw-content-zone\">\n<div class=\"columns large-12\">\n<div class=\"row with-nice-alignment zn-textimg-row va-center\" data-equalizer data-equalize-on=\"large\">\n<div class=\"columns large-6 large-push-6 zn-textimg-colimg\" data-equalizer-watch>\n<div class=\"columns-inner zn-textimg-col-inner\">\n<div class=\"zn-textimg-imgs\">\n<div class=\"zn-textimg-imgbox\" title=\"\">\n<figure class=\"zn-textimg-figure\">\n\t\t\t\t\t\t\t\t\t<img decoding=\"async\" class=\"zn-textimg-img\" src=\"https:\/\/www.lavillak.com\/wp-inside\/uploads\/2021\/05\/public-concert.jpg\" alt=\"Konzert Alsace\"\/><br \/>\n\t\t\t\t\t\t\t\t\t\t\t\t\t\t\t\t\t<\/figure>\n<\/p><\/div>\n<\/p><\/div>\n<\/p><\/div>\n<\/p><\/div>\n<div class=\"columns large-6 large-pull-6 zn-textimg-coldesc\" data-equalizer-watch>\n<div class=\"columns-inner zn-textimg-descbox\">\n<div class=\"zn-textimg-desc wig-content\">\n<p><strong>Buchmesse<\/strong><\/p>\n<p>Dier Anlass, der j\u00e4hrlich in Saint-Louis stattfindet, vereint ca. 200 Autoren, die dort dem Publikum begegnen. Internetseiten : <a href=\"http:\/\/www.foirelivre.com\/\">www.foirelivre.com<\/a><\/p>\n<p><strong>Conc\u2019air<\/strong><\/p>\n<p>Gratis Konzerte w\u00e4hrend der Sommerzeit in Saint-Louis. Internetseite: \u00a0<a href=\"http:\/\/www.concair.alsace\/\">http:\/\/www.concair.alsace\/<\/a><\/p>\n<p><strong>Agrogast<\/strong><\/p>\n<p>Kein Weg f\u00fchrt an diesem Festival der Geschm\u00e4cker vorbei. Man trifft dort zahlreiche Produzenten, degustiert Delikatessen aus den verschiedenen Regionen Frankreichs \u00fcber den Elsass und den Atlantik hinaus. Dieses Festival findet j\u00e4hrlich statt im August in Hagenthal (15km). Internetseite des Festivals : <a href=\"http:\/\/www.agrogast.fr\/\">www.agrogast.fr<\/a><\/p>\n<p><strong>D\u00e9gustha<\/strong><\/p>\n<p>Salons des vins et sp\u00e9cialit\u00e9s gustatives de France. Situ\u00e9 \u00e0 Barthenheim (10km), ce salon se d\u00e9roule tous les ans au mois d\u2019ao\u00fbt. Site du salon : <a href=\"http:\/\/www.degustha.fr\/\" target=\"_blank\" rel=\"noopener noreferrer\">www.degustha.fr<\/a><\/p>\n<p><strong>D\u00e9gusta<\/strong><\/p>\n<p>Fachmesse f\u00fcr Weine und Spezialit\u00e4ten aus Frankreich. In Bartenheim (10km) gelegen, findet diese Fachmesse j\u00e4hrlich im August statt. Internetseite der Fachmesse : <a href=\"http:\/\/www.degustha.fr\/\">www.degustha.fr<\/a><\/p>\n<p><strong>Weinmesse<\/strong><\/p>\n<p>Im Monat August emfp\u00e4ngt Sie dieser Anlass f\u00fcr alle Gelegenheiten, sei es gesch\u00e4ftlich, mit guten Freunden, f\u00fcr eine traditionelle Degustation mit Gastronomie oder einem der diversen geplanten Konzerte ! In Colmar (70km). Internetseite der Messe : <a href=\"http:\/\/www.foire-colmar.com\/\">www.foire-colmar.com<\/a><\/p>\n<\/div><\/div>\n<\/p><\/div>\n<\/p><\/div>\n<\/p><\/div>\n<\/p><\/div>\n<\/div>\n<\/div>\n<p><!-- \/flzn:zn_text_img --><br \/>\n<!-- flzn:zn_text --><\/p>\n<div id=\"flzn-text-1\" class=\"zone zn-text\">\n<div class=\"zone-block zn-text-block pdd-top-off pdd-bottom alignwide va-top\">\n<div class=\"row mw-content-zone\">\n<div class=\"columns large-12\">\n<div class=\"row with-nice-alignment nbloc-2 va-top\">\n<div class=\"columns large-6 zn-text-col\">\n<div class=\"columns-inner\">\n<div class=\"wig-content mw-content\">\n<p><strong>La Fasnacht<\/strong><\/p>\n<p>Die Basler Fasnacht. Dieses Fest findet eine Woche nach der franz\u00f6sischen Fasnacht statt und vereint alle Einwohner der Stadt um 4 Uhr morgens, um mit dem \u201eMorgestraich\u201c zu starten. Internetseite : <a href=\"http:\/\/fasnacht.ch\/\">fasnacht.ch<\/a><\/p>\n<p><strong>Basel Tattoo<\/strong><\/p>\n<p>Dieser Anlass findet im Sommer statt und bietet ein aussergew\u00f6hnliches musikalisches Programm, begleitet von atemberaubenden Auff\u00fchrungen.<br \/>\nInternetseite : <a href=\"http:\/\/www.baseltattoo.ch\/\">www.baseltattoo.ch<\/a><\/p>\n<p><strong>Basler Herbstmesse<\/strong><\/p>\n<p>Die Basler Herbstmesse findet seit 1471, ohne Unterbruch, jedes Jahr statt.Sie f\u00e4ngt am letzten Samstag im Oktober zur Mittagsstunde an und bietet Karusselle, Achterbahnen und vieles mehr f\u00fcr die ganze Familie. Internetseite: <a href=\"http:\/\/www.marketing.bs.ch\/messen-maerkte\/herbstmesse.html\">www.marketing.bs.ch\/messen-maerkte\/herbstmesse.html<\/a><\/p>\n<p><strong>Basler Jazzfestival<\/strong><\/p>\n<p>Dieses Festival vereint zahlreiche Musiker und Musikgruppen und findet j\u00e4hrlich im Fr\u00fchling statt.<\/p>\n<p><strong>Baselworld<\/strong><\/p>\n<p>Dies ist die gr\u00f6sste internationale Messe, wo die Avantgarde der Tendenzen in der Welt von Uhren und Schmuck vorgestellt wird. Messe in Basel im M\u00e4rz. Internetseite der Messe : <a href=\"http:\/\/www.baselworld.com\/fr\">www.baselworld.com<\/a><\/p>\n<p><strong>Art Basel<\/strong><\/p>\n<p>Diese internationale Kunstmesse mit Werken von der Klassischen Moderne bis zur Gegenwartskunst, die j\u00e4hrlich im Juni in Basel stattfindet.<br \/>\nInternetseite de la foire: <a href=\"https:\/\/www.artbasel.com\/basel\">www.artbasel.com<\/a><\/p>\n<\/p><\/div>\n<\/p><\/div>\n<\/p><\/div>\n<div class=\"columns large-6 zn-text-col\">\n<div class=\"columns-inner\">\n<div class=\"wig-content mw-content\">\n<p><strong>Das Elsass bietet Weihnachtsm\u00e4rkte in H\u00fclle und F\u00fclle. Dies sind die sch\u00f6nsten und bekanntesten :<\/strong><\/p>\n<ul>\n<li><strong>M\u00fclhausen :<\/strong> Der Weihnachtsmarkt von M\u00fclhausen findet haupts\u00e4chlich auf der Place de la R\u00e9union um den temple de Saint-Etienne (Stephanskirche) statt.<\/li>\n<li><strong>Colmar :<\/strong> Das Altstadtquartier sowie das Stadtzentrum sind beleuchtet und dekoriert w\u00e4hrend der Weihnachtszeit.<\/li>\n<li><strong>Strassburg :<\/strong> Strassburg ist die Hauptstadt von Weihnachten. Mit zahlreichen Pl\u00e4tzen und Dekorationen ist der Weihnachtsmarkt von Strasbourg einer der gr\u00f6ssten und eindr\u00fccklichsten von Europa. Er ist auch einer der \u00e4ltesten M\u00e4rkte von Europa.<\/li>\n<li><strong>L\u00f6rrach :<\/strong> Dieser Markt bietet zahlreiche, mit viel Charme eingerichtete St\u00e4nde. Es werden handwerklich hergestellte Gegenst\u00e4nde und Spielsachen angeboten.<\/li>\n<li><strong>Eguisheim :<\/strong> Der Weihnachtsmarkt von Eguisheim ist ein typischer els\u00e4ssischer Dorfmarkt. Es finden verschiedene religi\u00f6se Veranstaltungen statt.<\/li>\n<li><strong>Basel :<\/strong> Dieser Weihnachtsmarkt findet auf dem Barf\u00fcsserplatz und auf dem M\u00fcnsterplatz statt und umfasst mehr als 130 Chalets. Viele der angebotenen Produkte sind von den H\u00e4ndlern handgefertigt.<\/li>\n<\/ul>\n<p>Alle Weihnachtsm\u00e4rkte finden statt von Ende November bis Weihnachten.<br \/>\nInternetseite der Weihnachtsm\u00e4rkte im Elsass: <a href=\"http:\/\/noel.tourisme-alsace.com\/fr\" target=\"_blank\" rel=\"noopener noreferrer\">noel.tourisme-alsace.com<\/a><\/p>\n<\/p><\/div>\n<\/p><\/div>\n<\/p><\/div>\n<\/p><\/div>\n<\/p><\/div>\n<\/p><\/div>\n<\/div>\n<\/div>\n<p><!-- \/flzn:zn_text --><\/p>\n","protected":false},"excerpt":{"rendered":"<p>Im S\u00fcdelsass, in Deutschland und in der Schweiz sind Veranstaltungen, Kongresse und Ausstellungen zahlreich.<\/p>\n","protected":false},"author":3,"featured_media":8050,"parent":8720,"menu_order":20,"comment_status":"closed","ping_status":"closed","template":"","meta":{"_acf_changed":false,"footnotes":""},"class_list":["post-8966","page","type-page","status-publish","has-post-thumbnail","hentry","wp-sticky"],"acf":[],"yoast_head":"<!-- This site is optimized with the Yoast SEO plugin v27.4 - https:\/\/yoast.com\/product\/yoast-seo-wordpress\/ -->\n<title>Anl\u00e4sse, Ausstellungen &amp; Kongresse<\/title>\n<meta name=\"robots\" content=\"index, follow, max-snippet:-1, max-image-preview:large, max-video-preview:-1\" \/>\n<link rel=\"canonical\" href=\"https:\/\/www.lavillak.com\/de\/tourismus\/anlaesse-ausstellungen-kongresse\/\" \/>\n<meta property=\"og:locale\" content=\"de_DE\" \/>\n<meta property=\"og:type\" content=\"article\" \/>\n<meta property=\"og:title\" content=\"Anl\u00e4sse, Ausstellungen &amp; Kongresse\" \/>\n<meta property=\"og:description\" content=\"Im S\u00fcdelsass, in Deutschland und in der Schweiz sind Veranstaltungen, Kongresse und Ausstellungen zahlreich.\" \/>\n<meta property=\"og:url\" content=\"https:\/\/www.lavillak.com\/de\/tourismus\/anlaesse-ausstellungen-kongresse\/\" \/>\n<meta property=\"og:site_name\" content=\"La Villa K\" \/>\n<meta property=\"article:publisher\" content=\"https:\/\/www.facebook.com\/lavillak\/\" \/>\n<meta property=\"article:modified_time\" content=\"2021-05-27T13:55:10+00:00\" \/>\n<meta property=\"og:image\" content=\"https:\/\/www.lavillak.com\/wp-inside\/uploads\/2021\/05\/evenements-immanquables.jpg\" \/>\n\t<meta property=\"og:image:width\" content=\"1024\" \/>\n\t<meta property=\"og:image:height\" content=\"400\" \/>\n\t<meta property=\"og:image:type\" content=\"image\/jpeg\" \/>\n<meta name=\"twitter:card\" content=\"summary_large_image\" \/>\n<meta name=\"twitter:label1\" content=\"Gesch\u00e4tzte Lesezeit\" \/>\n\t<meta name=\"twitter:data1\" content=\"3\u00a0Minuten\" \/>\n<script type=\"application\/ld+json\" class=\"yoast-schema-graph\">{\"@context\":\"https:\\\/\\\/schema.org\",\"@graph\":[{\"@type\":\"WebPage\",\"@id\":\"https:\\\/\\\/www.lavillak.com\\\/de\\\/tourismus\\\/anlaesse-ausstellungen-kongresse\\\/\",\"url\":\"https:\\\/\\\/www.lavillak.com\\\/de\\\/tourismus\\\/anlaesse-ausstellungen-kongresse\\\/\",\"name\":\"Anl\u00e4sse, Ausstellungen & Kongresse\",\"isPartOf\":{\"@id\":\"https:\\\/\\\/www.lavillak.com\\\/de\\\/#website\"},\"primaryImageOfPage\":{\"@id\":\"https:\\\/\\\/www.lavillak.com\\\/de\\\/tourismus\\\/anlaesse-ausstellungen-kongresse\\\/#primaryimage\"},\"image\":{\"@id\":\"https:\\\/\\\/www.lavillak.com\\\/de\\\/tourismus\\\/anlaesse-ausstellungen-kongresse\\\/#primaryimage\"},\"thumbnailUrl\":\"https:\\\/\\\/www.lavillak.com\\\/wp-inside\\\/uploads\\\/2021\\\/05\\\/evenements-immanquables.jpg\",\"datePublished\":\"2021-05-17T12:32:50+00:00\",\"dateModified\":\"2021-05-27T13:55:10+00:00\",\"breadcrumb\":{\"@id\":\"https:\\\/\\\/www.lavillak.com\\\/de\\\/tourismus\\\/anlaesse-ausstellungen-kongresse\\\/#breadcrumb\"},\"inLanguage\":\"de\",\"potentialAction\":[{\"@type\":\"ReadAction\",\"target\":[\"https:\\\/\\\/www.lavillak.com\\\/de\\\/tourismus\\\/anlaesse-ausstellungen-kongresse\\\/\"]}]},{\"@type\":\"ImageObject\",\"inLanguage\":\"de\",\"@id\":\"https:\\\/\\\/www.lavillak.com\\\/de\\\/tourismus\\\/anlaesse-ausstellungen-kongresse\\\/#primaryimage\",\"url\":\"https:\\\/\\\/www.lavillak.com\\\/wp-inside\\\/uploads\\\/2021\\\/05\\\/evenements-immanquables.jpg\",\"contentUrl\":\"https:\\\/\\\/www.lavillak.com\\\/wp-inside\\\/uploads\\\/2021\\\/05\\\/evenements-immanquables.jpg\",\"width\":1024,\"height\":400,\"caption\":\"Veranstaltungen unumg\u00e4nglich\"},{\"@type\":\"BreadcrumbList\",\"@id\":\"https:\\\/\\\/www.lavillak.com\\\/de\\\/tourismus\\\/anlaesse-ausstellungen-kongresse\\\/#breadcrumb\",\"itemListElement\":[{\"@type\":\"ListItem\",\"position\":1,\"name\":\"Home\",\"item\":\"https:\\\/\\\/www.lavillak.com\\\/de\\\/\"},{\"@type\":\"ListItem\",\"position\":2,\"name\":\"Tourismus\",\"item\":\"https:\\\/\\\/www.lavillak.com\\\/de\\\/tourismus\\\/\"},{\"@type\":\"ListItem\",\"position\":3,\"name\":\"Anl\u00e4sse, Ausstellungen &#038; Kongresse\"}]},{\"@type\":\"WebSite\",\"@id\":\"https:\\\/\\\/www.lavillak.com\\\/de\\\/#website\",\"url\":\"https:\\\/\\\/www.lavillak.com\\\/de\\\/\",\"name\":\"La Villa K\",\"description\":\"H\u00f4tel Spa Restaurant 4 \u00e9toiles\",\"publisher\":{\"@id\":\"https:\\\/\\\/www.lavillak.com\\\/de\\\/#organization\"},\"potentialAction\":[{\"@type\":\"SearchAction\",\"target\":{\"@type\":\"EntryPoint\",\"urlTemplate\":\"https:\\\/\\\/www.lavillak.com\\\/de\\\/?s={search_term_string}\"},\"query-input\":{\"@type\":\"PropertyValueSpecification\",\"valueRequired\":true,\"valueName\":\"search_term_string\"}}],\"inLanguage\":\"de\"},{\"@type\":\"Organization\",\"@id\":\"https:\\\/\\\/www.lavillak.com\\\/de\\\/#organization\",\"name\":\"La Villa K\",\"url\":\"https:\\\/\\\/www.lavillak.com\\\/de\\\/\",\"logo\":{\"@type\":\"ImageObject\",\"inLanguage\":\"de\",\"@id\":\"https:\\\/\\\/www.lavillak.com\\\/de\\\/#\\\/schema\\\/logo\\\/image\\\/\",\"url\":\"https:\\\/\\\/www.lavillak.com\\\/wp-inside\\\/uploads\\\/2021\\\/05\\\/logo-hotel-lavillak-230x144_2x.png\",\"contentUrl\":\"https:\\\/\\\/www.lavillak.com\\\/wp-inside\\\/uploads\\\/2021\\\/05\\\/logo-hotel-lavillak-230x144_2x.png\",\"width\":460,\"height\":288,\"caption\":\"La Villa K\"},\"image\":{\"@id\":\"https:\\\/\\\/www.lavillak.com\\\/de\\\/#\\\/schema\\\/logo\\\/image\\\/\"},\"sameAs\":[\"https:\\\/\\\/www.facebook.com\\\/lavillak\\\/\",\"https:\\\/\\\/www.instagram.com\\\/hotellavillak\\\/\",\"https:\\\/\\\/fr.pinterest.com\\\/hotellavillaket\\\/\"]}]}<\/script>\n<!-- \/ Yoast SEO plugin. -->","yoast_head_json":{"title":"Anl\u00e4sse, Ausstellungen & Kongresse","robots":{"index":"index","follow":"follow","max-snippet":"max-snippet:-1","max-image-preview":"max-image-preview:large","max-video-preview":"max-video-preview:-1"},"canonical":"https:\/\/www.lavillak.com\/de\/tourismus\/anlaesse-ausstellungen-kongresse\/","og_locale":"de_DE","og_type":"article","og_title":"Anl\u00e4sse, Ausstellungen & Kongresse","og_description":"Im S\u00fcdelsass, in Deutschland und in der Schweiz sind Veranstaltungen, Kongresse und Ausstellungen zahlreich.","og_url":"https:\/\/www.lavillak.com\/de\/tourismus\/anlaesse-ausstellungen-kongresse\/","og_site_name":"La Villa K","article_publisher":"https:\/\/www.facebook.com\/lavillak\/","article_modified_time":"2021-05-27T13:55:10+00:00","og_image":[{"width":1024,"height":400,"url":"https:\/\/www.lavillak.com\/wp-inside\/uploads\/2021\/05\/evenements-immanquables.jpg","type":"image\/jpeg"}],"twitter_card":"summary_large_image","twitter_misc":{"Gesch\u00e4tzte Lesezeit":"3\u00a0Minuten"},"schema":{"@context":"https:\/\/schema.org","@graph":[{"@type":"WebPage","@id":"https:\/\/www.lavillak.com\/de\/tourismus\/anlaesse-ausstellungen-kongresse\/","url":"https:\/\/www.lavillak.com\/de\/tourismus\/anlaesse-ausstellungen-kongresse\/","name":"Anl\u00e4sse, Ausstellungen & Kongresse","isPartOf":{"@id":"https:\/\/www.lavillak.com\/de\/#website"},"primaryImageOfPage":{"@id":"https:\/\/www.lavillak.com\/de\/tourismus\/anlaesse-ausstellungen-kongresse\/#primaryimage"},"image":{"@id":"https:\/\/www.lavillak.com\/de\/tourismus\/anlaesse-ausstellungen-kongresse\/#primaryimage"},"thumbnailUrl":"https:\/\/www.lavillak.com\/wp-inside\/uploads\/2021\/05\/evenements-immanquables.jpg","datePublished":"2021-05-17T12:32:50+00:00","dateModified":"2021-05-27T13:55:10+00:00","breadcrumb":{"@id":"https:\/\/www.lavillak.com\/de\/tourismus\/anlaesse-ausstellungen-kongresse\/#breadcrumb"},"inLanguage":"de","potentialAction":[{"@type":"ReadAction","target":["https:\/\/www.lavillak.com\/de\/tourismus\/anlaesse-ausstellungen-kongresse\/"]}]},{"@type":"ImageObject","inLanguage":"de","@id":"https:\/\/www.lavillak.com\/de\/tourismus\/anlaesse-ausstellungen-kongresse\/#primaryimage","url":"https:\/\/www.lavillak.com\/wp-inside\/uploads\/2021\/05\/evenements-immanquables.jpg","contentUrl":"https:\/\/www.lavillak.com\/wp-inside\/uploads\/2021\/05\/evenements-immanquables.jpg","width":1024,"height":400,"caption":"Veranstaltungen unumg\u00e4nglich"},{"@type":"BreadcrumbList","@id":"https:\/\/www.lavillak.com\/de\/tourismus\/anlaesse-ausstellungen-kongresse\/#breadcrumb","itemListElement":[{"@type":"ListItem","position":1,"name":"Home","item":"https:\/\/www.lavillak.com\/de\/"},{"@type":"ListItem","position":2,"name":"Tourismus","item":"https:\/\/www.lavillak.com\/de\/tourismus\/"},{"@type":"ListItem","position":3,"name":"Anl\u00e4sse, Ausstellungen &#038; Kongresse"}]},{"@type":"WebSite","@id":"https:\/\/www.lavillak.com\/de\/#website","url":"https:\/\/www.lavillak.com\/de\/","name":"La Villa K","description":"H\u00f4tel Spa Restaurant 4 \u00e9toiles","publisher":{"@id":"https:\/\/www.lavillak.com\/de\/#organization"},"potentialAction":[{"@type":"SearchAction","target":{"@type":"EntryPoint","urlTemplate":"https:\/\/www.lavillak.com\/de\/?s={search_term_string}"},"query-input":{"@type":"PropertyValueSpecification","valueRequired":true,"valueName":"search_term_string"}}],"inLanguage":"de"},{"@type":"Organization","@id":"https:\/\/www.lavillak.com\/de\/#organization","name":"La Villa K","url":"https:\/\/www.lavillak.com\/de\/","logo":{"@type":"ImageObject","inLanguage":"de","@id":"https:\/\/www.lavillak.com\/de\/#\/schema\/logo\/image\/","url":"https:\/\/www.lavillak.com\/wp-inside\/uploads\/2021\/05\/logo-hotel-lavillak-230x144_2x.png","contentUrl":"https:\/\/www.lavillak.com\/wp-inside\/uploads\/2021\/05\/logo-hotel-lavillak-230x144_2x.png","width":460,"height":288,"caption":"La Villa K"},"image":{"@id":"https:\/\/www.lavillak.com\/de\/#\/schema\/logo\/image\/"},"sameAs":["https:\/\/www.facebook.com\/lavillak\/","https:\/\/www.instagram.com\/hotellavillak\/","https:\/\/fr.pinterest.com\/hotellavillaket\/"]}]}},"_links":{"self":[{"href":"https:\/\/www.lavillak.com\/de\/wp-json\/wp\/v2\/pages\/8966","targetHints":{"allow":["GET"]}}],"collection":[{"href":"https:\/\/www.lavillak.com\/de\/wp-json\/wp\/v2\/pages"}],"about":[{"href":"https:\/\/www.lavillak.com\/de\/wp-json\/wp\/v2\/types\/page"}],"author":[{"embeddable":true,"href":"https:\/\/www.lavillak.com\/de\/wp-json\/wp\/v2\/users\/3"}],"replies":[{"embeddable":true,"href":"https:\/\/www.lavillak.com\/de\/wp-json\/wp\/v2\/comments?post=8966"}],"version-history":[{"count":4,"href":"https:\/\/www.lavillak.com\/de\/wp-json\/wp\/v2\/pages\/8966\/revisions"}],"predecessor-version":[{"id":16202,"href":"https:\/\/www.lavillak.com\/de\/wp-json\/wp\/v2\/pages\/8966\/revisions\/16202"}],"up":[{"embeddable":true,"href":"https:\/\/www.lavillak.com\/de\/wp-json\/wp\/v2\/pages\/8720"}],"wp:featuredmedia":[{"embeddable":true,"href":"https:\/\/www.lavillak.com\/de\/wp-json\/wp\/v2\/media\/8050"}],"wp:attachment":[{"href":"https:\/\/www.lavillak.com\/de\/wp-json\/wp\/v2\/media?parent=8966"}],"curies":[{"name":"wp","href":"https:\/\/api.w.org\/{rel}","templated":true}]}}