{"id":9034,"date":"2021-02-08T09:42:09","date_gmt":"2021-02-08T08:42:09","guid":{"rendered":"https:\/\/www.lavillak.com\/spa-wellness\/nos-formules\/"},"modified":"2025-12-15T12:57:43","modified_gmt":"2025-12-15T11:57:43","slug":"unsere-pauschalen","status":"publish","type":"page","link":"https:\/\/www.lavillak.com\/de\/spa-wellness\/unsere-pauschalen\/","title":{"rendered":"Unsere Spa-Pauschalen"},"content":{"rendered":"<p><!-- flzn:zn_pagebanner --><\/p>\n<header id=\"flzn-pagebanner-1\" class=\"zone zn-pagebanner\">\n<div class=\"zone-block zn-pagebanner-block alignfull va-center\">\n<div class=\"row zn-pagebanner-row with-txt\" >\n<div class=\"columns zn-pagebanner-col-content large-12\" >\n<div class=\"columns-inner\">\n<div class=\"zn-pagebanner-content\">\n<div class=\"zn-pagebanner-desc wig-content\">\n<p>Ob Sie alleine, als Paar oder Gruppe von Freunden reisen, der Zugang zum Spa des Hotels kann mit einer zweiten Dienstleistung kombiniert werden, um Ihnen einen 100%igen Moment der Entspannung zu bieten. <strong>Massage, Fr\u00fchst\u00fcck, Girly-Aperitif, Champagner\u2026 Sie haben die Wahl!<\/strong><\/p>\n<\/p><\/div>\n<\/p><\/div>\n<\/p><\/div>\n<\/p><\/div>\n<\/p><\/div>\n<\/p><\/div>\n<\/header>\n<p><!-- \/flzn:zn_pagebanner --><br \/>\n<!-- flzn:zn_text_img --><\/p>\n<div id=\"flzn-textimg-1\" class=\"zone zn-textimg\">\n<div class=\"zone-block zn-textimg-block alignwide va-center\">\n<div class=\"row mw-content-zone\">\n<div class=\"columns large-12\">\n<div class=\"row with-nice-alignment zn-textimg-row va-center\" data-equalizer data-equalize-on=\"large\">\n<div class=\"columns large-6 zn-textimg-colimg\" data-equalizer-watch>\n<div class=\"columns-inner zn-textimg-col-inner\">\n<div class=\"zn-textimg-imgs\">\n<div class=\"zn-textimg-imgbox\" title=\"\">\n<figure class=\"zn-textimg-figure\">\n\t\t\t\t\t\t\t\t\t<img decoding=\"async\" class=\"zn-textimg-img\" src=\"https:\/\/www.lavillak.com\/wp-inside\/uploads\/2021\/05\/la-villak-spa-formules.jpg\" alt=\"Formules SPA, La Villa K\"\/><br \/>\n\t\t\t\t\t\t\t\t\t\t\t\t\t\t\t\t\t<\/figure>\n<\/p><\/div>\n<\/p><\/div>\n<\/p><\/div>\n<\/p><\/div>\n<div class=\"columns large-6 zn-textimg-coldesc\" data-equalizer-watch>\n<div class=\"columns-inner zn-textimg-descbox\">\n<div class=\"zn-textimg-desc wig-content\">\n<p><em>Von Samstag 14:30 Uhr bis Sonntag 14:30 Uhr ist der Zugang zum Spa den Hotelg\u00e4sten vorbehalten. Das Hotel beh\u00e4lt sich daher das Recht vor, Buchungen von Arrangements, die den Zugang zum Spa beinhalten, w\u00e4hrend dieser Zeit abzulehnen.<\/em><\/p>\n<p><strong>Wohlf\u00fchl-Pauschale<\/strong><br \/>\nPrivater Zugang Spa 1 Std. (Sauna Hammam Jacuzzi) 39 \u20ac<\/p>\n<p><strong>Entspannendes Paket<\/strong> 129 \u20ac (2 Std.)<br \/>\nZugang zum Spa mit Hammam, Sauna und Jacuzzi (1 Std.), gefolgt von einer entspannenden Massage (1 Std.)<\/p>\n<p><strong>Entspannendes Paket<\/strong> (2P.) 284 \u20ac<br \/>\n1 Stunde Spa (Sauna, Hammam, Jacuzzi) und 1 Stunde Modellage K\u00f6rper<\/p>\n<\/div><\/div>\n<\/p><\/div>\n<\/p><\/div>\n<\/p><\/div>\n<\/p><\/div>\n<\/div>\n<\/div>\n<p><!-- \/flzn:zn_text_img --><br \/>\n<!-- flzn:zn_text --><\/p>\n<div id=\"flzn-text-1\" class=\"zone zn-text\">\n<div class=\"zone-block zn-text-block alignwide va-top\">\n<div class=\"row mw-content-zone\">\n<div class=\"columns large-12\">\n<div class=\"row with-nice-alignment nbloc-2 va-top\">\n<div class=\"columns large-6 zn-text-col\">\n<div class=\"columns-inner\">\n<div class=\"wig-content mw-content\">\n<p><strong>Paket Juliette<\/strong> 45 \u20ac (pro Person)<br \/>\nEin Treffen nur f\u00fcr Frauen<br \/>\nPrivater Zugang zu Hammam, Sauna et Jacuzzi (1 Std.), gefolgt von einem Girly-Aperitif (max. 6 Personen) \u2013 ideal f\u00fcr einen Polterabend<\/p>\n<p><strong>Paket Romeo und Julia<\/strong> 99 \u20ac (1 Stunde)<br \/>\nPrivater Zugang zu Hammam, Sauna et Jacuzzi<br \/>\nChampagner, Macarons und andere Leckereien<\/p>\n<\/p><\/div>\n<\/p><\/div>\n<\/p><\/div>\n<div class=\"columns large-6 zn-text-col\">\n<div class=\"columns-inner\">\n<div class=\"wig-content mw-content\">\n<p><strong>Die Happy Hours (Auf Anfrage)<br \/>\n<\/strong>Zutritt zur SPA &#8211; Hammam, Sauna und Jacuzzi w\u00e4hrend 1 Std. f\u00fcr 29\u20ac anstatt 39\u20ac.<\/p>\n<p><strong>Studenten Angebot<br \/>\n<\/strong>Sind Sie Studentin oder Student? Profitieren Sie von -15 % auf unsere Spa-Zug\u00e4nge, Modelagen, Gesichts- und K\u00f6rperbehandlungen, jederzeit im Jahr, gegen Vorlage Ihres Ausweises. Dieses Angebot ist nicht mit anderen Rabatten oder laufenden Sonderaktionen kumulierbar.<\/p>\n<p><strong>Treuer Pack<br \/>\n<\/strong>F\u00fcr 4 Pflege (&gt;1 Stunde) der f\u00fcnfte gratis<br \/>\n<em>Siehe Vorderung<\/em><\/p>\n<\/p><\/div>\n<\/p><\/div>\n<\/p><\/div>\n<\/p><\/div>\n<\/p><\/div>\n<\/p><\/div>\n<\/div>\n<\/div>\n<p><!-- \/flzn:zn_text --><\/p>\n","protected":false},"excerpt":{"rendered":"<p>Ob Sie alleine, als Paar oder Gruppe von Freunden reisen, der Zugang zum Spa des Hotels kann mit einer zweiten Dienstleistung kombiniert werden, um Ihnen einen 100%igen Moment der Entspannung [&hellip;]<\/p>\n","protected":false},"author":3,"featured_media":9023,"parent":8960,"menu_order":10,"comment_status":"closed","ping_status":"closed","template":"","meta":{"_acf_changed":false,"footnotes":""},"class_list":["post-9034","page","type-page","status-publish","has-post-thumbnail","hentry","wp-sticky"],"acf":[],"yoast_head":"<!-- This site is optimized with the Yoast SEO plugin v27.4 - https:\/\/yoast.com\/product\/yoast-seo-wordpress\/ -->\n<title>Unsere Spa-Pauschalen<\/title>\n<meta name=\"robots\" content=\"index, follow, max-snippet:-1, max-image-preview:large, max-video-preview:-1\" \/>\n<link rel=\"canonical\" href=\"https:\/\/www.lavillak.com\/de\/spa-wellness\/unsere-pauschalen\/\" \/>\n<meta property=\"og:locale\" content=\"de_DE\" \/>\n<meta property=\"og:type\" content=\"article\" \/>\n<meta property=\"og:title\" content=\"Unsere Spa-Pauschalen\" \/>\n<meta property=\"og:description\" content=\"Ob Sie alleine, als Paar oder Gruppe von Freunden reisen, der Zugang zum Spa des Hotels kann mit einer zweiten Dienstleistung kombiniert werden, um Ihnen einen 100%igen Moment der Entspannung [&hellip;]\" \/>\n<meta property=\"og:url\" content=\"https:\/\/www.lavillak.com\/de\/spa-wellness\/unsere-pauschalen\/\" \/>\n<meta property=\"og:site_name\" content=\"La Villa K\" \/>\n<meta property=\"article:publisher\" content=\"https:\/\/www.facebook.com\/lavillak\/\" \/>\n<meta property=\"article:modified_time\" content=\"2025-12-15T11:57:43+00:00\" \/>\n<meta property=\"og:image\" content=\"https:\/\/www.lavillak.com\/wp-inside\/uploads\/2021\/05\/la-villak-spa-formules.jpg\" \/>\n\t<meta property=\"og:image:width\" content=\"800\" \/>\n\t<meta property=\"og:image:height\" content=\"533\" \/>\n\t<meta property=\"og:image:type\" content=\"image\/jpeg\" \/>\n<meta name=\"twitter:card\" content=\"summary_large_image\" \/>\n<meta name=\"twitter:label1\" content=\"Gesch\u00e4tzte Lesezeit\" \/>\n\t<meta name=\"twitter:data1\" content=\"1\u00a0Minute\" \/>\n<script type=\"application\/ld+json\" class=\"yoast-schema-graph\">{\"@context\":\"https:\\\/\\\/schema.org\",\"@graph\":[{\"@type\":\"WebPage\",\"@id\":\"https:\\\/\\\/www.lavillak.com\\\/de\\\/spa-wellness\\\/unsere-pauschalen\\\/\",\"url\":\"https:\\\/\\\/www.lavillak.com\\\/de\\\/spa-wellness\\\/unsere-pauschalen\\\/\",\"name\":\"Unsere Spa-Pauschalen\",\"isPartOf\":{\"@id\":\"https:\\\/\\\/www.lavillak.com\\\/de\\\/#website\"},\"primaryImageOfPage\":{\"@id\":\"https:\\\/\\\/www.lavillak.com\\\/de\\\/spa-wellness\\\/unsere-pauschalen\\\/#primaryimage\"},\"image\":{\"@id\":\"https:\\\/\\\/www.lavillak.com\\\/de\\\/spa-wellness\\\/unsere-pauschalen\\\/#primaryimage\"},\"thumbnailUrl\":\"https:\\\/\\\/www.lavillak.com\\\/wp-inside\\\/uploads\\\/2021\\\/05\\\/la-villak-spa-formules.jpg\",\"datePublished\":\"2021-02-08T08:42:09+00:00\",\"dateModified\":\"2025-12-15T11:57:43+00:00\",\"breadcrumb\":{\"@id\":\"https:\\\/\\\/www.lavillak.com\\\/de\\\/spa-wellness\\\/unsere-pauschalen\\\/#breadcrumb\"},\"inLanguage\":\"de\",\"potentialAction\":[{\"@type\":\"ReadAction\",\"target\":[\"https:\\\/\\\/www.lavillak.com\\\/de\\\/spa-wellness\\\/unsere-pauschalen\\\/\"]}]},{\"@type\":\"ImageObject\",\"inLanguage\":\"de\",\"@id\":\"https:\\\/\\\/www.lavillak.com\\\/de\\\/spa-wellness\\\/unsere-pauschalen\\\/#primaryimage\",\"url\":\"https:\\\/\\\/www.lavillak.com\\\/wp-inside\\\/uploads\\\/2021\\\/05\\\/la-villak-spa-formules.jpg\",\"contentUrl\":\"https:\\\/\\\/www.lavillak.com\\\/wp-inside\\\/uploads\\\/2021\\\/05\\\/la-villak-spa-formules.jpg\",\"width\":800,\"height\":533,\"caption\":\"Formules SPA, La Villa K\"},{\"@type\":\"BreadcrumbList\",\"@id\":\"https:\\\/\\\/www.lavillak.com\\\/de\\\/spa-wellness\\\/unsere-pauschalen\\\/#breadcrumb\",\"itemListElement\":[{\"@type\":\"ListItem\",\"position\":1,\"name\":\"Home\",\"item\":\"https:\\\/\\\/www.lavillak.com\\\/de\\\/\"},{\"@type\":\"ListItem\",\"position\":2,\"name\":\"Spa\",\"item\":\"https:\\\/\\\/www.lavillak.com\\\/de\\\/spa-wellness\\\/\"},{\"@type\":\"ListItem\",\"position\":3,\"name\":\"Unsere Spa-Pauschalen\"}]},{\"@type\":\"WebSite\",\"@id\":\"https:\\\/\\\/www.lavillak.com\\\/de\\\/#website\",\"url\":\"https:\\\/\\\/www.lavillak.com\\\/de\\\/\",\"name\":\"La Villa K\",\"description\":\"H\u00f4tel Spa Restaurant 4 \u00e9toiles\",\"publisher\":{\"@id\":\"https:\\\/\\\/www.lavillak.com\\\/de\\\/#organization\"},\"potentialAction\":[{\"@type\":\"SearchAction\",\"target\":{\"@type\":\"EntryPoint\",\"urlTemplate\":\"https:\\\/\\\/www.lavillak.com\\\/de\\\/?s={search_term_string}\"},\"query-input\":{\"@type\":\"PropertyValueSpecification\",\"valueRequired\":true,\"valueName\":\"search_term_string\"}}],\"inLanguage\":\"de\"},{\"@type\":\"Organization\",\"@id\":\"https:\\\/\\\/www.lavillak.com\\\/de\\\/#organization\",\"name\":\"La Villa K\",\"url\":\"https:\\\/\\\/www.lavillak.com\\\/de\\\/\",\"logo\":{\"@type\":\"ImageObject\",\"inLanguage\":\"de\",\"@id\":\"https:\\\/\\\/www.lavillak.com\\\/de\\\/#\\\/schema\\\/logo\\\/image\\\/\",\"url\":\"https:\\\/\\\/www.lavillak.com\\\/wp-inside\\\/uploads\\\/2021\\\/05\\\/logo-hotel-lavillak-230x144_2x.png\",\"contentUrl\":\"https:\\\/\\\/www.lavillak.com\\\/wp-inside\\\/uploads\\\/2021\\\/05\\\/logo-hotel-lavillak-230x144_2x.png\",\"width\":460,\"height\":288,\"caption\":\"La Villa K\"},\"image\":{\"@id\":\"https:\\\/\\\/www.lavillak.com\\\/de\\\/#\\\/schema\\\/logo\\\/image\\\/\"},\"sameAs\":[\"https:\\\/\\\/www.facebook.com\\\/lavillak\\\/\",\"https:\\\/\\\/www.instagram.com\\\/hotellavillak\\\/\",\"https:\\\/\\\/fr.pinterest.com\\\/hotellavillaket\\\/\"]}]}<\/script>\n<!-- \/ Yoast SEO plugin. -->","yoast_head_json":{"title":"Unsere Spa-Pauschalen","robots":{"index":"index","follow":"follow","max-snippet":"max-snippet:-1","max-image-preview":"max-image-preview:large","max-video-preview":"max-video-preview:-1"},"canonical":"https:\/\/www.lavillak.com\/de\/spa-wellness\/unsere-pauschalen\/","og_locale":"de_DE","og_type":"article","og_title":"Unsere Spa-Pauschalen","og_description":"Ob Sie alleine, als Paar oder Gruppe von Freunden reisen, der Zugang zum Spa des Hotels kann mit einer zweiten Dienstleistung kombiniert werden, um Ihnen einen 100%igen Moment der Entspannung [&hellip;]","og_url":"https:\/\/www.lavillak.com\/de\/spa-wellness\/unsere-pauschalen\/","og_site_name":"La Villa K","article_publisher":"https:\/\/www.facebook.com\/lavillak\/","article_modified_time":"2025-12-15T11:57:43+00:00","og_image":[{"width":800,"height":533,"url":"https:\/\/www.lavillak.com\/wp-inside\/uploads\/2021\/05\/la-villak-spa-formules.jpg","type":"image\/jpeg"}],"twitter_card":"summary_large_image","twitter_misc":{"Gesch\u00e4tzte Lesezeit":"1\u00a0Minute"},"schema":{"@context":"https:\/\/schema.org","@graph":[{"@type":"WebPage","@id":"https:\/\/www.lavillak.com\/de\/spa-wellness\/unsere-pauschalen\/","url":"https:\/\/www.lavillak.com\/de\/spa-wellness\/unsere-pauschalen\/","name":"Unsere Spa-Pauschalen","isPartOf":{"@id":"https:\/\/www.lavillak.com\/de\/#website"},"primaryImageOfPage":{"@id":"https:\/\/www.lavillak.com\/de\/spa-wellness\/unsere-pauschalen\/#primaryimage"},"image":{"@id":"https:\/\/www.lavillak.com\/de\/spa-wellness\/unsere-pauschalen\/#primaryimage"},"thumbnailUrl":"https:\/\/www.lavillak.com\/wp-inside\/uploads\/2021\/05\/la-villak-spa-formules.jpg","datePublished":"2021-02-08T08:42:09+00:00","dateModified":"2025-12-15T11:57:43+00:00","breadcrumb":{"@id":"https:\/\/www.lavillak.com\/de\/spa-wellness\/unsere-pauschalen\/#breadcrumb"},"inLanguage":"de","potentialAction":[{"@type":"ReadAction","target":["https:\/\/www.lavillak.com\/de\/spa-wellness\/unsere-pauschalen\/"]}]},{"@type":"ImageObject","inLanguage":"de","@id":"https:\/\/www.lavillak.com\/de\/spa-wellness\/unsere-pauschalen\/#primaryimage","url":"https:\/\/www.lavillak.com\/wp-inside\/uploads\/2021\/05\/la-villak-spa-formules.jpg","contentUrl":"https:\/\/www.lavillak.com\/wp-inside\/uploads\/2021\/05\/la-villak-spa-formules.jpg","width":800,"height":533,"caption":"Formules SPA, La Villa K"},{"@type":"BreadcrumbList","@id":"https:\/\/www.lavillak.com\/de\/spa-wellness\/unsere-pauschalen\/#breadcrumb","itemListElement":[{"@type":"ListItem","position":1,"name":"Home","item":"https:\/\/www.lavillak.com\/de\/"},{"@type":"ListItem","position":2,"name":"Spa","item":"https:\/\/www.lavillak.com\/de\/spa-wellness\/"},{"@type":"ListItem","position":3,"name":"Unsere Spa-Pauschalen"}]},{"@type":"WebSite","@id":"https:\/\/www.lavillak.com\/de\/#website","url":"https:\/\/www.lavillak.com\/de\/","name":"La Villa K","description":"H\u00f4tel Spa Restaurant 4 \u00e9toiles","publisher":{"@id":"https:\/\/www.lavillak.com\/de\/#organization"},"potentialAction":[{"@type":"SearchAction","target":{"@type":"EntryPoint","urlTemplate":"https:\/\/www.lavillak.com\/de\/?s={search_term_string}"},"query-input":{"@type":"PropertyValueSpecification","valueRequired":true,"valueName":"search_term_string"}}],"inLanguage":"de"},{"@type":"Organization","@id":"https:\/\/www.lavillak.com\/de\/#organization","name":"La Villa K","url":"https:\/\/www.lavillak.com\/de\/","logo":{"@type":"ImageObject","inLanguage":"de","@id":"https:\/\/www.lavillak.com\/de\/#\/schema\/logo\/image\/","url":"https:\/\/www.lavillak.com\/wp-inside\/uploads\/2021\/05\/logo-hotel-lavillak-230x144_2x.png","contentUrl":"https:\/\/www.lavillak.com\/wp-inside\/uploads\/2021\/05\/logo-hotel-lavillak-230x144_2x.png","width":460,"height":288,"caption":"La Villa K"},"image":{"@id":"https:\/\/www.lavillak.com\/de\/#\/schema\/logo\/image\/"},"sameAs":["https:\/\/www.facebook.com\/lavillak\/","https:\/\/www.instagram.com\/hotellavillak\/","https:\/\/fr.pinterest.com\/hotellavillaket\/"]}]}},"_links":{"self":[{"href":"https:\/\/www.lavillak.com\/de\/wp-json\/wp\/v2\/pages\/9034","targetHints":{"allow":["GET"]}}],"collection":[{"href":"https:\/\/www.lavillak.com\/de\/wp-json\/wp\/v2\/pages"}],"about":[{"href":"https:\/\/www.lavillak.com\/de\/wp-json\/wp\/v2\/types\/page"}],"author":[{"embeddable":true,"href":"https:\/\/www.lavillak.com\/de\/wp-json\/wp\/v2\/users\/3"}],"replies":[{"embeddable":true,"href":"https:\/\/www.lavillak.com\/de\/wp-json\/wp\/v2\/comments?post=9034"}],"version-history":[{"count":4,"href":"https:\/\/www.lavillak.com\/de\/wp-json\/wp\/v2\/pages\/9034\/revisions"}],"predecessor-version":[{"id":30375,"href":"https:\/\/www.lavillak.com\/de\/wp-json\/wp\/v2\/pages\/9034\/revisions\/30375"}],"up":[{"embeddable":true,"href":"https:\/\/www.lavillak.com\/de\/wp-json\/wp\/v2\/pages\/8960"}],"wp:featuredmedia":[{"embeddable":true,"href":"https:\/\/www.lavillak.com\/de\/wp-json\/wp\/v2\/media\/9023"}],"wp:attachment":[{"href":"https:\/\/www.lavillak.com\/de\/wp-json\/wp\/v2\/media?parent=9034"}],"curies":[{"name":"wp","href":"https:\/\/api.w.org\/{rel}","templated":true}]}}