{"id":9100,"date":"2021-02-08T09:53:11","date_gmt":"2021-02-08T08:53:11","guid":{"rendered":"https:\/\/www.lavillak.com\/seminaires\/cgv-contact\/"},"modified":"2021-05-21T15:01:13","modified_gmt":"2021-05-21T13:01:13","slug":"agb-und-kontakt","status":"publish","type":"page","link":"https:\/\/www.lavillak.com\/de\/meetings\/agb-und-kontakt\/","title":{"rendered":"AGB und Kontakt"},"content":{"rendered":"<p><!-- flzn:zn_pagebanner --><\/p>\n<header id=\"flzn-pagebanner-1\" class=\"zone zn-pagebanner\">\n<div class=\"zone-block zn-pagebanner-block alignfull va-center\">\n<div class=\"row zn-pagebanner-row has-bg-imgs with-txt\">\n<div class=\"columns zn-pagebanner-col-content large-12\">\n<div class=\"columns-inner\">\n<div class=\"zn-pagebanner-content\">\n<div class=\"zn-pagebanner-desc wig-content\">\n<p>Diese Gesch\u00e4ftsbedingungen gelten f\u00fcr alle Anl\u00e4sse, sofern nichts Gegenteiliges schriftlich vereinbart wurde.<\/p>\n<\/p><\/div>\n<\/p><\/div>\n<\/p><\/div>\n<\/p><\/div>\n<\/p><\/div>\n<\/p><\/div>\n<\/header>\n<p><!-- \/flzn:zn_pagebanner --><br \/>\n<!-- flzn:zn_text --><\/p>\n<div id=\"flzn-text-1\" class=\"zone zn-text\">\n<div class=\"zone-block zn-text-block va-top\">\n<div class=\"row mw-content-zone\">\n<div class=\"columns large-12\">\n<div class=\"row large-up-1 with-nice-alignment nbloc-1\">\n<div class=\"column zn-text-col\">\n<div class=\"column-inner\">\n<div class=\"wig-content mw-content\">\n<h2><span lang=\"DE\">Reservationsgarantie<\/span><\/h2>\n<p><span lang=\"DE\">Die Preise auf den Offerten des Hotel und oder Restaurants sind bis zum Datum der Option verbindlich. Die Reservation ist erst bei Empfang der Akontozahlung (per Post, \u00dcberweisung) best\u00e4tigt. Diese muss bis sp\u00e4testens am Datum des Anlasses mit einem Begleitschreiben eingehen. Diese Akontozahlung betr\u00e4gt dreissig Prozent der reservierten Leistungen<\/span><\/p>\n<h2><span lang=\"DE\">Garantie Anzahl Gedecke<\/span><\/h2>\n<p><span lang=\"DE\">Die Anzahl Gedecke muss bis sp\u00e4testens einen Monat vor dem Datum des Anlasses best\u00e4tigt werden und wird als Grundlage f\u00fcr die Rechnungstellung verwendet. Bei Annullation von Gedecken nach dieser Frist, wird der gesamte Betrag f\u00fcr bestellte und nicht konsumierte Speisen f\u00e4llig.<\/span><\/p>\n<h2><span lang=\"DE\">\u00dcberstunden<\/span><\/h2>\n<p><span lang=\"DE\">F\u00fcr Mittagessen die l\u00e4nger als 14:14 Uhr dauern und f\u00fcr Abendessen die l\u00e4nger als 00:15 Uhr dauern, werden Personalkosten pro \u00dcberstunde nach den geltenden Tarifen verrechnet.<\/span><\/p>\n<h2><span lang=\"DE\">Annullation<\/span><\/h2>\n<p><span lang=\"DE\">Bei einer Annullation des Seminars bis drei Wochen vor dem Eintreffen der Teilnehmer, stellt das Hotel resp. Restaurant f\u00fcnfzig Prozent der reservierten Leistungen in Rechnung.<\/span><\/p>\n<h2><span lang=\"DE\">Zus\u00e4tzliche Leistungen<\/span><\/h2>\n<p><span lang=\"DE\">Alle zus\u00e4tzlichen Leistungen (Telefon, Verpflegung Bar\/Restaurant\u2026) m\u00fcssen vor Ort, durch die jeweiligen Teilnehmer, vor der Abreise, bezahlt werden. Werden diese Leistungen nicht durch die Teilnehmer bezahlt, werden sie der juristischen oder nat\u00fcrlichen Person, die die Reservation get\u00e4tigt hat belastet. Das Hotel lehnt jegliche Haftung f\u00fcr Sch\u00e4den ab, ungeachtet von deren Art (Diebstahl, Sch\u00e4digung\u2026) gegen G\u00fcter jeglicher Art (pers\u00f6nliche, materielle), die durch den Organisator oder die Teilnehmer verursacht werden, ungeachtet des Ortes, wo die G\u00fcter zwischengelagert werden (Parkplatz, Salons etc.). Bei F\u00e4llen h\u00f6herer Gewalt oder Zufall (Streik, Feuer, Wasserschaden), wird das Hotel von jeglicher Haftung entbunden<\/span><\/p>\n<h2><span lang=\"DE\">Reklamationen<\/span><\/h2>\n<p><span lang=\"DE\">Jede Beschwerde oder Reklamation muss mittels eingeschriebenen Briefs mit R\u00fcckschein, innert maximal acht Tagen nach Abreise der Teilnehmer, an das Hotel adressiert werden. Nach Ablauf dieser Frist werden Reklamationen nicht mehr bearbeitet.<\/span><\/p>\n<h2><span lang=\"DE\">Rechtsstreitigkeiten<\/span><\/h2>\n<p><span lang=\"DE\">Streitigkeiten zwischen den Parteien, die nicht auf g\u00fctlichem Weg geregelt werden k\u00f6nnen, unterstehen der einzigen Gerichtsbarkeit der Gerichte am Sitz des Hotels.<\/span><\/p>\n<h2><span lang=\"DE\">Zahlung, zu bestimmen<\/span><\/h2>\n<p><span lang=\"DE\">Anzahlung 30% bei Best\u00e4tigung, Restsaldo vor Ort.<\/span><\/p>\n<h2><span lang=\"DE\">Ihr pers\u00f6nlicher Kontakt<\/span><\/h2>\n<p><span lang=\"DE\">Alexis Sanli<br \/>\n1 rue de Lectoure<br \/>\n68300 Saint-Louis<br \/>\nT\u00e9l. +33 (0)3 89 70 93 45<br \/>\nFax. +33 (0)3 89 70 93 41<\/span><\/p>\n<\/p><\/div>\n<\/p><\/div>\n<\/p><\/div>\n<\/p><\/div>\n<\/p><\/div>\n<\/p><\/div>\n<\/div>\n<\/div>\n<p><!-- \/flzn:zn_text --><\/p>\n","protected":false},"excerpt":{"rendered":"<p>Diese Gesch\u00e4ftsbedingungen gelten f\u00fcr alle Anl\u00e4sse, sofern nichts Gegenteiliges schriftlich vereinbart wurde. Reservationsgarantie Die Preise auf den Offerten des Hotel und oder Restaurants sind bis zum Datum der Option verbindlich. [&hellip;]<\/p>\n","protected":false},"author":3,"featured_media":8256,"parent":9015,"menu_order":35,"comment_status":"closed","ping_status":"closed","template":"","meta":{"_acf_changed":false,"footnotes":""},"class_list":["post-9100","page","type-page","status-publish","has-post-thumbnail","hentry","wp-sticky"],"acf":[],"yoast_head":"<!-- This site is optimized with the Yoast SEO plugin v27.5 - https:\/\/yoast.com\/product\/yoast-seo-wordpress\/ -->\n<title>AGB und Kontakt<\/title>\n<meta name=\"robots\" content=\"index, follow, max-snippet:-1, max-image-preview:large, max-video-preview:-1\" \/>\n<link rel=\"canonical\" href=\"https:\/\/www.lavillak.com\/de\/meetings\/agb-und-kontakt\/\" \/>\n<meta property=\"og:locale\" content=\"de_DE\" \/>\n<meta property=\"og:type\" content=\"article\" \/>\n<meta property=\"og:title\" content=\"AGB und Kontakt\" \/>\n<meta property=\"og:description\" content=\"Diese Gesch\u00e4ftsbedingungen gelten f\u00fcr alle Anl\u00e4sse, sofern nichts Gegenteiliges schriftlich vereinbart wurde. Reservationsgarantie Die Preise auf den Offerten des Hotel und oder Restaurants sind bis zum Datum der Option verbindlich. [&hellip;]\" \/>\n<meta property=\"og:url\" content=\"https:\/\/www.lavillak.com\/de\/meetings\/agb-und-kontakt\/\" \/>\n<meta property=\"og:site_name\" content=\"La Villa K\" \/>\n<meta property=\"article:publisher\" content=\"https:\/\/www.facebook.com\/lavillak\/\" \/>\n<meta property=\"article:modified_time\" content=\"2021-05-21T13:01:13+00:00\" \/>\n<meta property=\"og:image\" content=\"https:\/\/www.lavillak.com\/wp-inside\/uploads\/2021\/05\/cgv.jpg\" \/>\n\t<meta property=\"og:image:width\" content=\"1920\" \/>\n\t<meta property=\"og:image:height\" content=\"375\" \/>\n\t<meta property=\"og:image:type\" content=\"image\/jpeg\" \/>\n<meta name=\"twitter:card\" content=\"summary_large_image\" \/>\n<meta name=\"twitter:label1\" content=\"Gesch\u00e4tzte Lesezeit\" \/>\n\t<meta name=\"twitter:data1\" content=\"2\u00a0Minuten\" \/>\n<script type=\"application\/ld+json\" class=\"yoast-schema-graph\">{\"@context\":\"https:\\\/\\\/schema.org\",\"@graph\":[{\"@type\":\"WebPage\",\"@id\":\"https:\\\/\\\/www.lavillak.com\\\/de\\\/meetings\\\/agb-und-kontakt\\\/\",\"url\":\"https:\\\/\\\/www.lavillak.com\\\/de\\\/meetings\\\/agb-und-kontakt\\\/\",\"name\":\"AGB und Kontakt\",\"isPartOf\":{\"@id\":\"https:\\\/\\\/www.lavillak.com\\\/de\\\/#website\"},\"primaryImageOfPage\":{\"@id\":\"https:\\\/\\\/www.lavillak.com\\\/de\\\/meetings\\\/agb-und-kontakt\\\/#primaryimage\"},\"image\":{\"@id\":\"https:\\\/\\\/www.lavillak.com\\\/de\\\/meetings\\\/agb-und-kontakt\\\/#primaryimage\"},\"thumbnailUrl\":\"https:\\\/\\\/www.lavillak.com\\\/wp-inside\\\/uploads\\\/2021\\\/05\\\/cgv.jpg\",\"datePublished\":\"2021-02-08T08:53:11+00:00\",\"dateModified\":\"2021-05-21T13:01:13+00:00\",\"breadcrumb\":{\"@id\":\"https:\\\/\\\/www.lavillak.com\\\/de\\\/meetings\\\/agb-und-kontakt\\\/#breadcrumb\"},\"inLanguage\":\"de\",\"potentialAction\":[{\"@type\":\"ReadAction\",\"target\":[\"https:\\\/\\\/www.lavillak.com\\\/de\\\/meetings\\\/agb-und-kontakt\\\/\"]}]},{\"@type\":\"ImageObject\",\"inLanguage\":\"de\",\"@id\":\"https:\\\/\\\/www.lavillak.com\\\/de\\\/meetings\\\/agb-und-kontakt\\\/#primaryimage\",\"url\":\"https:\\\/\\\/www.lavillak.com\\\/wp-inside\\\/uploads\\\/2021\\\/05\\\/cgv.jpg\",\"contentUrl\":\"https:\\\/\\\/www.lavillak.com\\\/wp-inside\\\/uploads\\\/2021\\\/05\\\/cgv.jpg\",\"width\":1920,\"height\":375,\"caption\":\"CGV\"},{\"@type\":\"BreadcrumbList\",\"@id\":\"https:\\\/\\\/www.lavillak.com\\\/de\\\/meetings\\\/agb-und-kontakt\\\/#breadcrumb\",\"itemListElement\":[{\"@type\":\"ListItem\",\"position\":1,\"name\":\"Home\",\"item\":\"https:\\\/\\\/www.lavillak.com\\\/de\\\/\"},{\"@type\":\"ListItem\",\"position\":2,\"name\":\"Meetings\",\"item\":\"https:\\\/\\\/www.lavillak.com\\\/de\\\/meetings\\\/\"},{\"@type\":\"ListItem\",\"position\":3,\"name\":\"AGB und Kontakt\"}]},{\"@type\":\"WebSite\",\"@id\":\"https:\\\/\\\/www.lavillak.com\\\/de\\\/#website\",\"url\":\"https:\\\/\\\/www.lavillak.com\\\/de\\\/\",\"name\":\"La Villa K\",\"description\":\"H\u00f4tel Spa Restaurant 4 \u00e9toiles\",\"publisher\":{\"@id\":\"https:\\\/\\\/www.lavillak.com\\\/de\\\/#organization\"},\"potentialAction\":[{\"@type\":\"SearchAction\",\"target\":{\"@type\":\"EntryPoint\",\"urlTemplate\":\"https:\\\/\\\/www.lavillak.com\\\/de\\\/?s={search_term_string}\"},\"query-input\":{\"@type\":\"PropertyValueSpecification\",\"valueRequired\":true,\"valueName\":\"search_term_string\"}}],\"inLanguage\":\"de\"},{\"@type\":\"Organization\",\"@id\":\"https:\\\/\\\/www.lavillak.com\\\/de\\\/#organization\",\"name\":\"La Villa K\",\"url\":\"https:\\\/\\\/www.lavillak.com\\\/de\\\/\",\"logo\":{\"@type\":\"ImageObject\",\"inLanguage\":\"de\",\"@id\":\"https:\\\/\\\/www.lavillak.com\\\/de\\\/#\\\/schema\\\/logo\\\/image\\\/\",\"url\":\"https:\\\/\\\/www.lavillak.com\\\/wp-inside\\\/uploads\\\/2021\\\/05\\\/logo-hotel-lavillak-230x144_2x.png\",\"contentUrl\":\"https:\\\/\\\/www.lavillak.com\\\/wp-inside\\\/uploads\\\/2021\\\/05\\\/logo-hotel-lavillak-230x144_2x.png\",\"width\":460,\"height\":288,\"caption\":\"La Villa K\"},\"image\":{\"@id\":\"https:\\\/\\\/www.lavillak.com\\\/de\\\/#\\\/schema\\\/logo\\\/image\\\/\"},\"sameAs\":[\"https:\\\/\\\/www.facebook.com\\\/lavillak\\\/\",\"https:\\\/\\\/www.instagram.com\\\/hotellavillak\\\/\",\"https:\\\/\\\/fr.pinterest.com\\\/hotellavillaket\\\/\"]}]}<\/script>\n<!-- \/ Yoast SEO plugin. -->","yoast_head_json":{"title":"AGB und Kontakt","robots":{"index":"index","follow":"follow","max-snippet":"max-snippet:-1","max-image-preview":"max-image-preview:large","max-video-preview":"max-video-preview:-1"},"canonical":"https:\/\/www.lavillak.com\/de\/meetings\/agb-und-kontakt\/","og_locale":"de_DE","og_type":"article","og_title":"AGB und Kontakt","og_description":"Diese Gesch\u00e4ftsbedingungen gelten f\u00fcr alle Anl\u00e4sse, sofern nichts Gegenteiliges schriftlich vereinbart wurde. Reservationsgarantie Die Preise auf den Offerten des Hotel und oder Restaurants sind bis zum Datum der Option verbindlich. [&hellip;]","og_url":"https:\/\/www.lavillak.com\/de\/meetings\/agb-und-kontakt\/","og_site_name":"La Villa K","article_publisher":"https:\/\/www.facebook.com\/lavillak\/","article_modified_time":"2021-05-21T13:01:13+00:00","og_image":[{"width":1920,"height":375,"url":"https:\/\/www.lavillak.com\/wp-inside\/uploads\/2021\/05\/cgv.jpg","type":"image\/jpeg"}],"twitter_card":"summary_large_image","twitter_misc":{"Gesch\u00e4tzte Lesezeit":"2\u00a0Minuten"},"schema":{"@context":"https:\/\/schema.org","@graph":[{"@type":"WebPage","@id":"https:\/\/www.lavillak.com\/de\/meetings\/agb-und-kontakt\/","url":"https:\/\/www.lavillak.com\/de\/meetings\/agb-und-kontakt\/","name":"AGB und Kontakt","isPartOf":{"@id":"https:\/\/www.lavillak.com\/de\/#website"},"primaryImageOfPage":{"@id":"https:\/\/www.lavillak.com\/de\/meetings\/agb-und-kontakt\/#primaryimage"},"image":{"@id":"https:\/\/www.lavillak.com\/de\/meetings\/agb-und-kontakt\/#primaryimage"},"thumbnailUrl":"https:\/\/www.lavillak.com\/wp-inside\/uploads\/2021\/05\/cgv.jpg","datePublished":"2021-02-08T08:53:11+00:00","dateModified":"2021-05-21T13:01:13+00:00","breadcrumb":{"@id":"https:\/\/www.lavillak.com\/de\/meetings\/agb-und-kontakt\/#breadcrumb"},"inLanguage":"de","potentialAction":[{"@type":"ReadAction","target":["https:\/\/www.lavillak.com\/de\/meetings\/agb-und-kontakt\/"]}]},{"@type":"ImageObject","inLanguage":"de","@id":"https:\/\/www.lavillak.com\/de\/meetings\/agb-und-kontakt\/#primaryimage","url":"https:\/\/www.lavillak.com\/wp-inside\/uploads\/2021\/05\/cgv.jpg","contentUrl":"https:\/\/www.lavillak.com\/wp-inside\/uploads\/2021\/05\/cgv.jpg","width":1920,"height":375,"caption":"CGV"},{"@type":"BreadcrumbList","@id":"https:\/\/www.lavillak.com\/de\/meetings\/agb-und-kontakt\/#breadcrumb","itemListElement":[{"@type":"ListItem","position":1,"name":"Home","item":"https:\/\/www.lavillak.com\/de\/"},{"@type":"ListItem","position":2,"name":"Meetings","item":"https:\/\/www.lavillak.com\/de\/meetings\/"},{"@type":"ListItem","position":3,"name":"AGB und Kontakt"}]},{"@type":"WebSite","@id":"https:\/\/www.lavillak.com\/de\/#website","url":"https:\/\/www.lavillak.com\/de\/","name":"La Villa K","description":"H\u00f4tel Spa Restaurant 4 \u00e9toiles","publisher":{"@id":"https:\/\/www.lavillak.com\/de\/#organization"},"potentialAction":[{"@type":"SearchAction","target":{"@type":"EntryPoint","urlTemplate":"https:\/\/www.lavillak.com\/de\/?s={search_term_string}"},"query-input":{"@type":"PropertyValueSpecification","valueRequired":true,"valueName":"search_term_string"}}],"inLanguage":"de"},{"@type":"Organization","@id":"https:\/\/www.lavillak.com\/de\/#organization","name":"La Villa K","url":"https:\/\/www.lavillak.com\/de\/","logo":{"@type":"ImageObject","inLanguage":"de","@id":"https:\/\/www.lavillak.com\/de\/#\/schema\/logo\/image\/","url":"https:\/\/www.lavillak.com\/wp-inside\/uploads\/2021\/05\/logo-hotel-lavillak-230x144_2x.png","contentUrl":"https:\/\/www.lavillak.com\/wp-inside\/uploads\/2021\/05\/logo-hotel-lavillak-230x144_2x.png","width":460,"height":288,"caption":"La Villa K"},"image":{"@id":"https:\/\/www.lavillak.com\/de\/#\/schema\/logo\/image\/"},"sameAs":["https:\/\/www.facebook.com\/lavillak\/","https:\/\/www.instagram.com\/hotellavillak\/","https:\/\/fr.pinterest.com\/hotellavillaket\/"]}]}},"_links":{"self":[{"href":"https:\/\/www.lavillak.com\/de\/wp-json\/wp\/v2\/pages\/9100","targetHints":{"allow":["GET"]}}],"collection":[{"href":"https:\/\/www.lavillak.com\/de\/wp-json\/wp\/v2\/pages"}],"about":[{"href":"https:\/\/www.lavillak.com\/de\/wp-json\/wp\/v2\/types\/page"}],"author":[{"embeddable":true,"href":"https:\/\/www.lavillak.com\/de\/wp-json\/wp\/v2\/users\/3"}],"replies":[{"embeddable":true,"href":"https:\/\/www.lavillak.com\/de\/wp-json\/wp\/v2\/comments?post=9100"}],"version-history":[{"count":2,"href":"https:\/\/www.lavillak.com\/de\/wp-json\/wp\/v2\/pages\/9100\/revisions"}],"predecessor-version":[{"id":9110,"href":"https:\/\/www.lavillak.com\/de\/wp-json\/wp\/v2\/pages\/9100\/revisions\/9110"}],"up":[{"embeddable":true,"href":"https:\/\/www.lavillak.com\/de\/wp-json\/wp\/v2\/pages\/9015"}],"wp:featuredmedia":[{"embeddable":true,"href":"https:\/\/www.lavillak.com\/de\/wp-json\/wp\/v2\/media\/8256"}],"wp:attachment":[{"href":"https:\/\/www.lavillak.com\/de\/wp-json\/wp\/v2\/media?parent=9100"}],"curies":[{"name":"wp","href":"https:\/\/api.w.org\/{rel}","templated":true}]}}