{"id":9233,"date":"2021-02-08T10:13:49","date_gmt":"2021-02-08T09:13:49","guid":{"rendered":"https:\/\/www.lavillak.com\/la-villa-k\/services\/"},"modified":"2021-05-27T10:14:35","modified_gmt":"2021-05-27T08:14:35","slug":"dienstleistungen","status":"publish","type":"page","link":"https:\/\/www.lavillak.com\/de\/la-villa-k\/dienstleistungen\/","title":{"rendered":"Gehobene Leistungen f\u00fcr einen entspannenden Aufenthalt in unserem Hotel****"},"content":{"rendered":"<p><!-- flzn:zn_pagebanner --><\/p>\n<header id=\"flzn-pagebanner-1\" class=\"zone zn-pagebanner\">\n<div class=\"zone-block zn-pagebanner-block alignfull va-center\">\n<div class=\"row zn-pagebanner-row has-side-imgs with-txt\">\n<div class=\"columns zn-pagebanner-col-content large-12\">\n<div class=\"columns-inner\">\n<div class=\"zn-pagebanner-content\">\n<div class=\"zn-pagebanner-desc wig-content\">\n<p><strong>Unser Hotel-Spa La Villa K Basel Airport bietet Ihnen eine Reihe von Leistungen, die es Ihnen erm\u00f6glichen, Ihren Aufenthalt in Saint-Louis entspannter und in vollen Z\u00fcgen zu genie\u00dfen.<\/strong><\/p>\n<\/p><\/div>\n<\/p><\/div>\n<\/p><\/div>\n<\/p><\/div>\n<\/p><\/div>\n<\/p><\/div>\n<\/header>\n<p><!-- \/flzn:zn_pagebanner --><br \/>\n<!-- flzn:zn_text_img --><\/p>\n<div id=\"flzn-textimg-1\" class=\"zone zn-textimg\">\n<div class=\"zone-block zn-textimg-block alignwide va-center\">\n<div class=\"row mw-content-zone\">\n<div class=\"columns large-12\">\n<div class=\"row with-nice-alignment zn-textimg-row va-center\" data-equalizer data-equalize-on=\"large\">\n<div class=\"columns large-6 zn-textimg-colimg\" data-equalizer-watch>\n<div class=\"columns-inner zn-textimg-col-inner\">\n<div class=\"zn-textimg-imgs\">\n<div class=\"zn-textimg-imgbox\" title=\"\">\n<figure class=\"zn-textimg-figure\">\n\t\t\t\t\t\t\t\t\t<img decoding=\"async\" class=\"zn-textimg-img\" src=\"https:\/\/www.lavillak.com\/wp-inside\/uploads\/2021\/05\/bon-cadeau-hotel-spa-alsace-5-1.jpg\" alt=\"Spa\"\/><br \/>\n\t\t\t\t\t\t\t\t\t\t\t\t\t\t\t\t\t<\/figure>\n<\/p><\/div>\n<\/p><\/div>\n<\/p><\/div>\n<\/p><\/div>\n<div class=\"columns large-6 zn-textimg-coldesc\" data-equalizer-watch>\n<div class=\"columns-inner zn-textimg-descbox\">\n<div class=\"zn-textimg-desc wig-content\">\n<h2>Spa<\/h2>\n<p>G\u00f6nnen Sie sich einen Moment der Entspannung in unserem Spa. Dieser Bereich bietet Ihnen einen Hammam, eine Sauna und ein Jacuzzi sowie zwei Behandlungskabinen (Massagen, K\u00f6rper- und Gesichtsbehandlungen, Kosmetik).<br \/>\nGut zu wissen: Unser Spa steht auch Personen, die keine Hotelg\u00e4ste sind, zur Verf\u00fcgung!<\/p>\n<\/div><\/div>\n<\/p><\/div>\n<\/p><\/div>\n<\/p><\/div>\n<\/p><\/div>\n<\/div>\n<\/div>\n<p><!-- \/flzn:zn_text_img --><br \/>\n<!-- flzn:zn_text_img --><\/p>\n<div id=\"flzn-textimg-2\" class=\"zone zn-textimg\">\n<div class=\"zone-block zn-textimg-block alignwide va-center\">\n<div class=\"row mw-content-zone\">\n<div class=\"columns large-12\">\n<div class=\"row with-nice-alignment zn-textimg-row va-center\" data-equalizer data-equalize-on=\"large\">\n<div class=\"columns large-6 large-push-6 zn-textimg-colimg\" data-equalizer-watch>\n<div class=\"columns-inner zn-textimg-col-inner\">\n<div class=\"zn-textimg-imgs\">\n<div class=\"zn-textimg-imgbox\" title=\"\">\n<figure class=\"zn-textimg-figure\">\n\t\t\t\t\t\t\t\t\t<img decoding=\"async\" class=\"zn-textimg-img\" src=\"https:\/\/www.lavillak.com\/wp-inside\/uploads\/2021\/05\/salle-de-sport-villa-k-haut-rhin.jpg\" alt=\"Fitness, la villa K\"\/><br \/>\n\t\t\t\t\t\t\t\t\t\t\t\t\t\t\t\t\t<\/figure>\n<\/p><\/div>\n<\/p><\/div>\n<\/p><\/div>\n<\/p><\/div>\n<div class=\"columns large-6 large-pull-6 zn-textimg-coldesc\" data-equalizer-watch>\n<div class=\"columns-inner zn-textimg-descbox\">\n<div class=\"zn-textimg-desc wig-content\">\n<h2>Fitness<\/h2>\n<p>Wir stellen Ihnen kostenlos einen Raum mit einer Reihe von Ger\u00e4ten zur Verf\u00fcgung: Fahrrad, Laufband, Dr\u00fcckbank. Wenn Sie es w\u00fcnschen, sind ebenfalls private Trainer-Stunden verf\u00fcgbar (Informationen unter +33 3 89 70 93 40).<\/p>\n<\/div><\/div>\n<\/p><\/div>\n<\/p><\/div>\n<\/p><\/div>\n<\/p><\/div>\n<\/div>\n<\/div>\n<p><!-- \/flzn:zn_text_img --><br \/>\n<!-- flzn:zn_button --><\/p>\n<div id=\"flzn-button-1\" class=\"zone zn-button with-bg bg-color is-bgc-bluepattern bg-is-dark\"><span class=\"zone-bg bg-color bgc-bluepattern alignfull\"><\/span><\/p>\n<div class=\"zone-block zn-button-block alignfull va-top text-center\">\n<div class=\"zn-button-bgbox block-alignfull oneblock\">\n<div class=\"zn-button-bgbox-bg\" ><\/div>\n<\/p><\/div>\n<div class=\"zn-button-list row small-up-1 medium-up-1 nb-bloc-1  without-blocs-bg alignfull va-top text-center oneblock\" data-equalizer data-equalize-on=\"large\">\n<div class=\"zn-button-bloc column\" data-equalizer-watch>\n<div class=\"column-inner\">\n<div class=\"zn-button-innerbox\">\n<div class=\"zn-button-bloc-titledesc\">\n<h3 class=\"zn-button-bloc-title h2 cursive-font title-with-deco\">\n\t\t\t\t\t\t\t\t\t\tF\u00fcr mehr Informationen\t\t\t\t\t\t\t\t\t<\/h3>\n<\/p><\/div>\n<div class=\"zn-button-buttons-box\">\n<p>\t\t\t\t\t\t\t\t\t\t\t\t\t\t\t\t\t\t<a class=\"button secondary\" href=\"https:\/\/www.lavillak.com\/de\/kontakt-anreise\/\" title=\"Kontakt\"><br \/>\n\t\t\t\t\t\t\t\t\t\t\t\t\t\t\t\t\t\t\t\t\tKontakt\t\t\t\t\t\t\t\t\t\t\t\t\t\t\t\t\t\t\t<\/a>\n\t\t\t\t\t\t\t\t\t\t\t\t\t\t\t\t\t\t\t\t\t<\/div>\n<\/p><\/div>\n<\/p><\/div>\n<\/p><\/div>\n<\/p><\/div>\n<\/div>\n<\/div>\n<p><!-- \/flzn:zn_button --><br \/>\n<!-- flzn:zn_text --><\/p>\n<div id=\"flzn-text-1\" class=\"zone zn-text\">\n<div class=\"zone-block zn-text-block alignwide va-top\">\n<div class=\"row mw-content-zone\">\n<div class=\"columns large-12\">\n<div class=\"row with-nice-alignment nbloc-2 va-top\">\n<div class=\"columns large-6 zn-text-col\">\n<div class=\"columns-inner\">\n<div class=\"wig-content mw-content\">\n<h2>Restaurant<\/h2>\n<p>Le Bistrot La Cave heisst Sie t\u00e4glich (mittags und abends) zu einem guten Essen willkommen. Entdecken Sie unsere Weinkarte, die der Weinh\u00e4ndler \u201eAu Monde du Vin\u201c aus Saint-Louis f\u00fcr uns erstellt hat.<\/p>\n<h2>Parkplatz<\/h2>\n<p>Unser Privat Parkplatz kann ihren Auto behalten w\u00e4hrend ihres Aufenthalts im H\u00f4tel. \u2013 Zus\u00e4tzlichen Kosten : 12\u20ac TTC pro Tag<\/p>\n<h2>Sleep Park and Fly<\/h2>\n<p>Reisen Sie mit dieser Pauschale unbesorgt! Nach Ihrer \u00dcbernachtung im Hotel-Spa La Villa K begleiten wir Sie kostenlos zum Flughafen. Ihr Fahrzeug bleibt w\u00e4hrend Ihrer Reise auf unserem privaten und gesicherten Parkplatz.<\/p>\n<h2>Flughafen-Pendelbus (EuroAirport \u2013 Mulhouse, Basel, Freiburg)<\/h2>\n<p>Wir sorgen kostenlos f\u00fcr Ihren Transport vom Flughafen zum Hotel 7\/7 und 24\/24. Am Vortag Ihrer Abreise aus dem Hotel bitten wir Sie, Ihren Pendelbus zum EuroAirport zu reservieren. Buchung unter +33 3 89 70 93 40.<\/p>\n<h2>Rezeption 24\/24<\/h2>\n<p>Unsere Rezeptionisten stehen Tag und Nacht rund um die Uhr bereit, um Ihre W\u00fcnsche zu erf\u00fcllen.<\/p>\n<p>Nos r\u00e9ceptionnistes parlent votre langue et se tiennent \u00e0 votre disposition pour r\u00e9pondre \u00e0 vos demandes, \u00e0 toute heure du jour et de la nuit\u00a0!<\/p>\n<h2>WLAN kostenlos<\/h2>\n<p>Nutzen Sie eine kostenlose WLAN-Verbindung im gesamten Haus.<\/p>\n<h2>Reinigung<\/h2>\n<p>Schneller Reinigungsservice. Informationen an der Rezeption des Hotels.<\/p>\n<\/p><\/div>\n<\/p><\/div>\n<\/p><\/div>\n<div class=\"columns large-6 zn-text-col\">\n<div class=\"columns-inner\">\n<div class=\"wig-content mw-content\">\n<h2>Elektrofahrradverleih<\/h2>\n<p>Um die Gegend der 3 Dreil\u00e4ndereck zu entdecken, dem Kanal entlang, im \u201eParc des Eaux Vives\u201c oder in der \u201ePetite Camargue\u201c zu spazieren\u2026 Um Basel zu erobern\u2026 Denken Sie Gr\u00fcn! Mieten Sie unsere Fahrr\u00e4der!<\/p>\n<p>Elektrische Fahrr\u00e4der auf Anfrage: 8 \u20ac \/ Stunde ; 20 \u20ac \/ halber Tag (3-4 Stunden) und 30 \u20ac den ganzen Tag<\/p>\n<h2>Tesla-Ladestationspartner<\/h2>\n<p>Laden Sie Ihr Tesla Fahrzeug an der Lades\u00e4ule auf unserem Parkplatz auf! Das Ladeprogramm f\u00fcr Tesla Fahrzeuge ist eine einfache und praktische Art, Ihr Fahrzeug an ausgelesenen Adressen rund um die Welt aufzuladen. Mit der daf\u00fcr verwendeten Technologie erhalten Sie bis zu 100km Autonomie pro Ladestunde. Wir sind stolz, mit Tesla zusammen zu arbeiten und damit zur Entwicklung von umweltfreundlichen Verkehrsmitteln beizutragen.<\/p>\n<h2>Zimmerservice<\/h2>\n<p>Versp\u00fcren Sie einen kleinen Hunger? Lust auf eine Erfrischung? F\u00fcr Ihren Komfort steht Ihnen unser Zimmerservice 24\/24 zu Ihrer Verf\u00fcgung \u2013 eine telefonische Bestellung von ihrem Zimmer aus gen\u00fcgt. Und Sie kommen ausserhalb der \u00d6ffnungszeiten vom Bistrot La Cave, in den Genuss eines Pl\u00e4ttchens mit K\u00e4se\/Aufschnitt!<\/p>\n<h2>Zug\u00e4nglichkeit f\u00fcr Menschen mit Behinderungen<\/h2>\n<p>Wir stellen Menschen mit Behinderungen bez\u00fcglich der Ausstattung angepasste Zimmer zur Verf\u00fcgung. Das Restaurant Bistrot La Cave ist ebenfalls ausgestattet um Menschen mit Behinderungen zu empfangen.<\/p>\n<h2>Mehrsprachiges Personal<\/h2>\n<p>Unsere Mannschaft kann mit Ihnen auf Franz\u00f6sisch, Deutsch und Englisch kommunizieren.<\/p>\n<\/p><\/div>\n<\/p><\/div>\n<\/p><\/div>\n<\/p><\/div>\n<\/p><\/div>\n<\/p><\/div>\n<\/div>\n<\/div>\n<p><!-- \/flzn:zn_text --><\/p>\n","protected":false},"excerpt":{"rendered":"<p>Unser Hotel-Spa La Villa K Basel Airport bietet Ihnen eine Reihe von Leistungen, die es Ihnen erm\u00f6glichen, Ihren Aufenthalt in Saint-Louis entspannter und in vollen Z\u00fcgen zu genie\u00dfen. Spa G\u00f6nnen [&hellip;]<\/p>\n","protected":false},"author":3,"featured_media":16931,"parent":8859,"menu_order":5,"comment_status":"closed","ping_status":"closed","template":"","meta":{"_acf_changed":false,"footnotes":""},"class_list":["post-9233","page","type-page","status-publish","has-post-thumbnail","hentry","wp-sticky"],"acf":[],"yoast_head":"<!-- This site is optimized with the Yoast SEO plugin v27.5 - https:\/\/yoast.com\/product\/yoast-seo-wordpress\/ -->\n<title>Gehobene Leistungen f\u00fcr einen entspannenden Aufenthalt in unserem Hotel****<\/title>\n<meta name=\"robots\" content=\"index, follow, max-snippet:-1, max-image-preview:large, max-video-preview:-1\" \/>\n<link rel=\"canonical\" href=\"https:\/\/www.lavillak.com\/de\/la-villa-k\/dienstleistungen\/\" \/>\n<meta property=\"og:locale\" content=\"de_DE\" \/>\n<meta property=\"og:type\" content=\"article\" \/>\n<meta property=\"og:title\" content=\"Gehobene Leistungen f\u00fcr einen entspannenden Aufenthalt in unserem Hotel****\" \/>\n<meta property=\"og:description\" content=\"Unser Hotel-Spa La Villa K Basel Airport bietet Ihnen eine Reihe von Leistungen, die es Ihnen erm\u00f6glichen, Ihren Aufenthalt in Saint-Louis entspannter und in vollen Z\u00fcgen zu genie\u00dfen. Spa G\u00f6nnen [&hellip;]\" \/>\n<meta property=\"og:url\" content=\"https:\/\/www.lavillak.com\/de\/la-villa-k\/dienstleistungen\/\" \/>\n<meta property=\"og:site_name\" content=\"La Villa K\" \/>\n<meta property=\"article:publisher\" content=\"https:\/\/www.facebook.com\/lavillak\/\" \/>\n<meta property=\"article:modified_time\" content=\"2021-05-27T08:14:35+00:00\" \/>\n<meta property=\"og:image\" content=\"https:\/\/www.lavillak.com\/wp-inside\/uploads\/2021\/06\/location-velo-1.jpg\" \/>\n\t<meta property=\"og:image:width\" content=\"1920\" \/>\n\t<meta property=\"og:image:height\" content=\"1280\" \/>\n\t<meta property=\"og:image:type\" content=\"image\/jpeg\" \/>\n<meta name=\"twitter:card\" content=\"summary_large_image\" \/>\n<meta name=\"twitter:label1\" content=\"Gesch\u00e4tzte Lesezeit\" \/>\n\t<meta name=\"twitter:data1\" content=\"3\u00a0Minuten\" \/>\n<script type=\"application\/ld+json\" class=\"yoast-schema-graph\">{\"@context\":\"https:\\\/\\\/schema.org\",\"@graph\":[{\"@type\":\"WebPage\",\"@id\":\"https:\\\/\\\/www.lavillak.com\\\/de\\\/la-villa-k\\\/dienstleistungen\\\/\",\"url\":\"https:\\\/\\\/www.lavillak.com\\\/de\\\/la-villa-k\\\/dienstleistungen\\\/\",\"name\":\"Gehobene Leistungen f\u00fcr einen entspannenden Aufenthalt in unserem Hotel****\",\"isPartOf\":{\"@id\":\"https:\\\/\\\/www.lavillak.com\\\/de\\\/#website\"},\"primaryImageOfPage\":{\"@id\":\"https:\\\/\\\/www.lavillak.com\\\/de\\\/la-villa-k\\\/dienstleistungen\\\/#primaryimage\"},\"image\":{\"@id\":\"https:\\\/\\\/www.lavillak.com\\\/de\\\/la-villa-k\\\/dienstleistungen\\\/#primaryimage\"},\"thumbnailUrl\":\"https:\\\/\\\/www.lavillak.com\\\/wp-inside\\\/uploads\\\/2021\\\/06\\\/location-velo-1.jpg\",\"datePublished\":\"2021-02-08T09:13:49+00:00\",\"dateModified\":\"2021-05-27T08:14:35+00:00\",\"breadcrumb\":{\"@id\":\"https:\\\/\\\/www.lavillak.com\\\/de\\\/la-villa-k\\\/dienstleistungen\\\/#breadcrumb\"},\"inLanguage\":\"de\",\"potentialAction\":[{\"@type\":\"ReadAction\",\"target\":[\"https:\\\/\\\/www.lavillak.com\\\/de\\\/la-villa-k\\\/dienstleistungen\\\/\"]}]},{\"@type\":\"ImageObject\",\"inLanguage\":\"de\",\"@id\":\"https:\\\/\\\/www.lavillak.com\\\/de\\\/la-villa-k\\\/dienstleistungen\\\/#primaryimage\",\"url\":\"https:\\\/\\\/www.lavillak.com\\\/wp-inside\\\/uploads\\\/2021\\\/06\\\/location-velo-1.jpg\",\"contentUrl\":\"https:\\\/\\\/www.lavillak.com\\\/wp-inside\\\/uploads\\\/2021\\\/06\\\/location-velo-1.jpg\",\"width\":1920,\"height\":1280},{\"@type\":\"BreadcrumbList\",\"@id\":\"https:\\\/\\\/www.lavillak.com\\\/de\\\/la-villa-k\\\/dienstleistungen\\\/#breadcrumb\",\"itemListElement\":[{\"@type\":\"ListItem\",\"position\":1,\"name\":\"Home\",\"item\":\"https:\\\/\\\/www.lavillak.com\\\/de\\\/\"},{\"@type\":\"ListItem\",\"position\":2,\"name\":\"La Villa K\",\"item\":\"https:\\\/\\\/www.lavillak.com\\\/de\\\/la-villa-k\\\/\"},{\"@type\":\"ListItem\",\"position\":3,\"name\":\"Gehobene Leistungen f\u00fcr einen entspannenden Aufenthalt in unserem Hotel****\"}]},{\"@type\":\"WebSite\",\"@id\":\"https:\\\/\\\/www.lavillak.com\\\/de\\\/#website\",\"url\":\"https:\\\/\\\/www.lavillak.com\\\/de\\\/\",\"name\":\"La Villa K\",\"description\":\"H\u00f4tel Spa Restaurant 4 \u00e9toiles\",\"publisher\":{\"@id\":\"https:\\\/\\\/www.lavillak.com\\\/de\\\/#organization\"},\"potentialAction\":[{\"@type\":\"SearchAction\",\"target\":{\"@type\":\"EntryPoint\",\"urlTemplate\":\"https:\\\/\\\/www.lavillak.com\\\/de\\\/?s={search_term_string}\"},\"query-input\":{\"@type\":\"PropertyValueSpecification\",\"valueRequired\":true,\"valueName\":\"search_term_string\"}}],\"inLanguage\":\"de\"},{\"@type\":\"Organization\",\"@id\":\"https:\\\/\\\/www.lavillak.com\\\/de\\\/#organization\",\"name\":\"La Villa K\",\"url\":\"https:\\\/\\\/www.lavillak.com\\\/de\\\/\",\"logo\":{\"@type\":\"ImageObject\",\"inLanguage\":\"de\",\"@id\":\"https:\\\/\\\/www.lavillak.com\\\/de\\\/#\\\/schema\\\/logo\\\/image\\\/\",\"url\":\"https:\\\/\\\/www.lavillak.com\\\/wp-inside\\\/uploads\\\/2021\\\/05\\\/logo-hotel-lavillak-230x144_2x.png\",\"contentUrl\":\"https:\\\/\\\/www.lavillak.com\\\/wp-inside\\\/uploads\\\/2021\\\/05\\\/logo-hotel-lavillak-230x144_2x.png\",\"width\":460,\"height\":288,\"caption\":\"La Villa K\"},\"image\":{\"@id\":\"https:\\\/\\\/www.lavillak.com\\\/de\\\/#\\\/schema\\\/logo\\\/image\\\/\"},\"sameAs\":[\"https:\\\/\\\/www.facebook.com\\\/lavillak\\\/\",\"https:\\\/\\\/www.instagram.com\\\/hotellavillak\\\/\",\"https:\\\/\\\/fr.pinterest.com\\\/hotellavillaket\\\/\"]}]}<\/script>\n<!-- \/ Yoast SEO plugin. -->","yoast_head_json":{"title":"Gehobene Leistungen f\u00fcr einen entspannenden Aufenthalt in unserem Hotel****","robots":{"index":"index","follow":"follow","max-snippet":"max-snippet:-1","max-image-preview":"max-image-preview:large","max-video-preview":"max-video-preview:-1"},"canonical":"https:\/\/www.lavillak.com\/de\/la-villa-k\/dienstleistungen\/","og_locale":"de_DE","og_type":"article","og_title":"Gehobene Leistungen f\u00fcr einen entspannenden Aufenthalt in unserem Hotel****","og_description":"Unser Hotel-Spa La Villa K Basel Airport bietet Ihnen eine Reihe von Leistungen, die es Ihnen erm\u00f6glichen, Ihren Aufenthalt in Saint-Louis entspannter und in vollen Z\u00fcgen zu genie\u00dfen. Spa G\u00f6nnen [&hellip;]","og_url":"https:\/\/www.lavillak.com\/de\/la-villa-k\/dienstleistungen\/","og_site_name":"La Villa K","article_publisher":"https:\/\/www.facebook.com\/lavillak\/","article_modified_time":"2021-05-27T08:14:35+00:00","og_image":[{"width":1920,"height":1280,"url":"https:\/\/www.lavillak.com\/wp-inside\/uploads\/2021\/06\/location-velo-1.jpg","type":"image\/jpeg"}],"twitter_card":"summary_large_image","twitter_misc":{"Gesch\u00e4tzte Lesezeit":"3\u00a0Minuten"},"schema":{"@context":"https:\/\/schema.org","@graph":[{"@type":"WebPage","@id":"https:\/\/www.lavillak.com\/de\/la-villa-k\/dienstleistungen\/","url":"https:\/\/www.lavillak.com\/de\/la-villa-k\/dienstleistungen\/","name":"Gehobene Leistungen f\u00fcr einen entspannenden Aufenthalt in unserem Hotel****","isPartOf":{"@id":"https:\/\/www.lavillak.com\/de\/#website"},"primaryImageOfPage":{"@id":"https:\/\/www.lavillak.com\/de\/la-villa-k\/dienstleistungen\/#primaryimage"},"image":{"@id":"https:\/\/www.lavillak.com\/de\/la-villa-k\/dienstleistungen\/#primaryimage"},"thumbnailUrl":"https:\/\/www.lavillak.com\/wp-inside\/uploads\/2021\/06\/location-velo-1.jpg","datePublished":"2021-02-08T09:13:49+00:00","dateModified":"2021-05-27T08:14:35+00:00","breadcrumb":{"@id":"https:\/\/www.lavillak.com\/de\/la-villa-k\/dienstleistungen\/#breadcrumb"},"inLanguage":"de","potentialAction":[{"@type":"ReadAction","target":["https:\/\/www.lavillak.com\/de\/la-villa-k\/dienstleistungen\/"]}]},{"@type":"ImageObject","inLanguage":"de","@id":"https:\/\/www.lavillak.com\/de\/la-villa-k\/dienstleistungen\/#primaryimage","url":"https:\/\/www.lavillak.com\/wp-inside\/uploads\/2021\/06\/location-velo-1.jpg","contentUrl":"https:\/\/www.lavillak.com\/wp-inside\/uploads\/2021\/06\/location-velo-1.jpg","width":1920,"height":1280},{"@type":"BreadcrumbList","@id":"https:\/\/www.lavillak.com\/de\/la-villa-k\/dienstleistungen\/#breadcrumb","itemListElement":[{"@type":"ListItem","position":1,"name":"Home","item":"https:\/\/www.lavillak.com\/de\/"},{"@type":"ListItem","position":2,"name":"La Villa K","item":"https:\/\/www.lavillak.com\/de\/la-villa-k\/"},{"@type":"ListItem","position":3,"name":"Gehobene Leistungen f\u00fcr einen entspannenden Aufenthalt in unserem Hotel****"}]},{"@type":"WebSite","@id":"https:\/\/www.lavillak.com\/de\/#website","url":"https:\/\/www.lavillak.com\/de\/","name":"La Villa K","description":"H\u00f4tel Spa Restaurant 4 \u00e9toiles","publisher":{"@id":"https:\/\/www.lavillak.com\/de\/#organization"},"potentialAction":[{"@type":"SearchAction","target":{"@type":"EntryPoint","urlTemplate":"https:\/\/www.lavillak.com\/de\/?s={search_term_string}"},"query-input":{"@type":"PropertyValueSpecification","valueRequired":true,"valueName":"search_term_string"}}],"inLanguage":"de"},{"@type":"Organization","@id":"https:\/\/www.lavillak.com\/de\/#organization","name":"La Villa K","url":"https:\/\/www.lavillak.com\/de\/","logo":{"@type":"ImageObject","inLanguage":"de","@id":"https:\/\/www.lavillak.com\/de\/#\/schema\/logo\/image\/","url":"https:\/\/www.lavillak.com\/wp-inside\/uploads\/2021\/05\/logo-hotel-lavillak-230x144_2x.png","contentUrl":"https:\/\/www.lavillak.com\/wp-inside\/uploads\/2021\/05\/logo-hotel-lavillak-230x144_2x.png","width":460,"height":288,"caption":"La Villa K"},"image":{"@id":"https:\/\/www.lavillak.com\/de\/#\/schema\/logo\/image\/"},"sameAs":["https:\/\/www.facebook.com\/lavillak\/","https:\/\/www.instagram.com\/hotellavillak\/","https:\/\/fr.pinterest.com\/hotellavillaket\/"]}]}},"_links":{"self":[{"href":"https:\/\/www.lavillak.com\/de\/wp-json\/wp\/v2\/pages\/9233","targetHints":{"allow":["GET"]}}],"collection":[{"href":"https:\/\/www.lavillak.com\/de\/wp-json\/wp\/v2\/pages"}],"about":[{"href":"https:\/\/www.lavillak.com\/de\/wp-json\/wp\/v2\/types\/page"}],"author":[{"embeddable":true,"href":"https:\/\/www.lavillak.com\/de\/wp-json\/wp\/v2\/users\/3"}],"replies":[{"embeddable":true,"href":"https:\/\/www.lavillak.com\/de\/wp-json\/wp\/v2\/comments?post=9233"}],"version-history":[{"count":4,"href":"https:\/\/www.lavillak.com\/de\/wp-json\/wp\/v2\/pages\/9233\/revisions"}],"predecessor-version":[{"id":15965,"href":"https:\/\/www.lavillak.com\/de\/wp-json\/wp\/v2\/pages\/9233\/revisions\/15965"}],"up":[{"embeddable":true,"href":"https:\/\/www.lavillak.com\/de\/wp-json\/wp\/v2\/pages\/8859"}],"wp:featuredmedia":[{"embeddable":true,"href":"https:\/\/www.lavillak.com\/de\/wp-json\/wp\/v2\/media\/16931"}],"wp:attachment":[{"href":"https:\/\/www.lavillak.com\/de\/wp-json\/wp\/v2\/media?parent=9233"}],"curies":[{"name":"wp","href":"https:\/\/api.w.org\/{rel}","templated":true}]}}