{"id":9688,"date":"2021-02-08T09:31:43","date_gmt":"2021-02-08T08:31:43","guid":{"rendered":"https:\/\/www.lavillak.com\/recrutement\/"},"modified":"2021-05-27T10:39:21","modified_gmt":"2021-05-27T08:39:21","slug":"offene-stellen","status":"publish","type":"page","link":"https:\/\/www.lavillak.com\/de\/offene-stellen\/","title":{"rendered":"Personalbeschaffung"},"content":{"rendered":"<p><!-- flzn:zn_pagebanner --><\/p>\n<header id=\"flzn-pagebanner-1\" class=\"zone zn-pagebanner\">\n<div class=\"zone-block zn-pagebanner-block pdd-bottom-off alignfull va-center\"><\/div>\n<\/header>\n<p><!-- \/flzn:zn_pagebanner --><br \/>\n<!-- flzn:zn_text --><\/p>\n<div id=\"flzn-text-1\" class=\"zone zn-text\">\n<div class=\"zone-block zn-text-block pdd-top pdd-bottom-off alignwide va-top\">\n<div class=\"row mw-content-zone\">\n<div class=\"columns large-12\">\n<div class=\"zn-text-titlebox\">\n<h2 class=\"zone-title zn-text-title\">\n\t\t\t\t\t\tOffene Stellen\t\t\t\t\t<\/h2>\n<\/p><\/div>\n<div class=\"row large-up-1 with-nice-alignment nbloc-1\">\n<div class=\"column zn-text-col\">\n<div class=\"column-inner\">\n<div class=\"wig-content mw-content\">\n<table id=\"tablepress-5\" class=\"tablepress tablepress-id-5\">\n<thead>\n<tr class=\"row-1 odd\">\n<th class=\"column-1\">Hotel<\/th>\n<th class=\"column-2\">Restaurant<\/th>\n<th class=\"column-3\">Spa<\/th>\n<\/tr>\n<\/thead>\n<tbody class=\"row-hover\">\n<tr class=\"row-2 even\">\n<td class=\"column-1\">Zur Zeit keine Angebote.<\/td>\n<td class=\"column-2\">Zur Zeit keine Angebote.<\/td>\n<td class=\"column-3\">Zur Zeit keine Angebote.<\/td>\n<\/tr>\n<\/tbody>\n<\/table><\/div>\n<\/p><\/div>\n<\/p><\/div>\n<\/p><\/div>\n<\/p><\/div>\n<\/p><\/div>\n<\/div>\n<\/div>\n<p><!-- \/flzn:zn_text --><br \/>\n<!-- flzn:zn_text --><\/p>\n<div id=\"flzn-text-2\" class=\"zone zn-text\">\n<div class=\"zone-block zn-text-block pdd-top alignwide va-top\">\n<div class=\"row mw-content-zone\">\n<div class=\"columns large-12\">\n<div class=\"zn-text-titlebox\">\n<h2 class=\"zone-title zn-text-title\">\n\t\t\t\t\t\tBewerben Sie sich\t\t\t\t\t<\/h2>\n<\/p><\/div>\n<div class=\"row large-up-1 with-nice-alignment nbloc-1\">\n<div class=\"column zn-text-col\">\n<div class=\"column-inner\">\n<div class=\"wig-content mw-content\">\n<div role=\"form\" class=\"wpcf7\" id=\"wpcf7-f10151-o1\" lang=\"fr-FR\" dir=\"ltr\">\n<div class=\"screen-reader-response\">\n<p role=\"status\" aria-live=\"polite\" aria-atomic=\"true\">\n<ul><\/ul>\n<\/div>\n<form action=\"\/wp-admin\/post.php#wpcf7-f10151-o1\" method=\"post\" class=\"wpcf7-form init\" enctype=\"multipart\/form-data\" novalidate=\"novalidate\" data-status=\"init\">\n<div style=\"display: none;\">\n<input type=\"hidden\" name=\"_wpcf7\" value=\"10151\" \/><br \/>\n<input type=\"hidden\" name=\"_wpcf7_version\" value=\"5.4.1\" \/><br \/>\n<input type=\"hidden\" name=\"_wpcf7_locale\" value=\"fr_FR\" \/><br \/>\n<input type=\"hidden\" name=\"_wpcf7_unit_tag\" value=\"wpcf7-f10151-o1\" \/><br \/>\n<input type=\"hidden\" name=\"_wpcf7_container_post\" value=\"0\" \/><br \/>\n<input type=\"hidden\" name=\"_wpcf7_posted_data_hash\" value=\"\" \/><br \/>\n<input type=\"hidden\" name=\"_wpcf7_recaptcha_response\" value=\"\" \/>\n<\/div>\n<div class=\"formcontact formsite with-magiclabel\">\n<div class=\"row\">\n<div class=\"columns medium-6\">\n<div class=\"fieldbox\">\n\t\t\t\t<label for=\"nom\" class=\"fieldbox-label\">Name<span class=\"redstar\">*<\/span><\/label><br \/>\n\t\t\t\t<span class=\"wpcf7-form-control-wrap nom\"><input type=\"text\" name=\"nom\" value=\"\" size=\"40\" class=\"wpcf7-form-control wpcf7-text wpcf7-validates-as-required fieldbox-field\" aria-required=\"true\" aria-invalid=\"false\" \/><\/span>\n\t\t\t<\/div>\n<\/p><\/div>\n<div class=\"columns medium-6\">\n<div class=\"fieldbox\">\n\t\t\t\t<label for=\"prenom\" class=\"fieldbox-label\">Vorname<span class=\"redstar\">*<\/span><\/label><br \/>\n\t\t\t\t<span class=\"wpcf7-form-control-wrap prenom\"><input type=\"text\" name=\"prenom\" value=\"\" size=\"40\" class=\"wpcf7-form-control wpcf7-text wpcf7-validates-as-required fieldbox-field\" aria-required=\"true\" aria-invalid=\"false\" \/><\/span>\n\t\t\t<\/div>\n<\/p><\/div>\n<\/p><\/div>\n<div class=\"row\">\n<div class=\"columns medium-4\">\n<div class=\"fieldbox\">\n\t\t\t\t<label for=\"telephone\" class=\"fieldbox-label\">Telefon<span class=\"redstar\">*<\/span><\/label><br \/>\n\t\t\t\t<span class=\"wpcf7-form-control-wrap telephone\"><input type=\"tel\" name=\"telephone\" value=\"\" size=\"40\" class=\"wpcf7-form-control wpcf7-text wpcf7-tel wpcf7-validates-as-required wpcf7-validates-as-tel fieldbox-field\" aria-required=\"true\" aria-invalid=\"false\" \/><\/span>\n\t\t\t<\/div>\n<\/p><\/div>\n<div class=\"columns medium-8\">\n<div class=\"fieldbox\">\n\t\t\t\t<label for=\"email\" class=\"fieldbox-label\">E-mail<span class=\"redstar\">*<\/span><\/label><br \/>\n\t\t\t\t<span class=\"wpcf7-form-control-wrap email\"><input type=\"email\" name=\"email\" value=\"\" size=\"40\" class=\"wpcf7-form-control wpcf7-text wpcf7-email wpcf7-validates-as-required wpcf7-validates-as-email fieldbox-field\" aria-required=\"true\" aria-invalid=\"false\" \/><\/span>\n\t\t\t<\/div>\n<\/p><\/div>\n<\/p><\/div>\n<fieldset class=\"fieldbox-fieldset\">\n<legend class=\"fieldbox-fieldset-legend\">Suchen Sie eine Stelle? Ein Praktikum?<\/legend>\n<div class=\"row\">\n<div class=\"columns medium-12\">\n<div class=\"fieldbox fieldbox-radio no-magic horizontal-list\">\n\t\t\t\t\t<span class=\"wpcf7-form-control-wrap job\"><span class=\"wpcf7-form-control wpcf7-radio fieldbox-field\"><span class=\"wpcf7-list-item first\"><label><input type=\"radio\" name=\"job\" value=\"Stelle\" checked=\"checked\" \/><span class=\"wpcf7-list-item-label\">Stelle<\/span><\/label><\/span><span class=\"wpcf7-list-item\"><label><input type=\"radio\" name=\"job\" value=\"Praktikum\" \/><span class=\"wpcf7-list-item-label\">Praktikum<\/span><\/label><\/span><span class=\"wpcf7-list-item last\"><label><input type=\"radio\" name=\"job\" value=\"Lehrlingsausbildung\" \/><span class=\"wpcf7-list-item-label\">Lehrlingsausbildung<\/span><\/label><\/span><\/span><\/span>\n\t\t\t\t<\/div>\n<\/p><\/div>\n<\/p><\/div>\n<\/fieldset>\n<div class=\"row\">\n<div class=\"columns large-12\">\n<div class=\"fieldbox is-textarea\">\n\t\t\t\t<label for=\"message\" class=\"fieldbox-label\">Mitteilung (bitte angeben, welches Angebot Sie interessiert)<span class=\"redstar\">*<\/span><\/label><br \/>\n\t\t\t\t<span class=\"wpcf7-form-control-wrap message\"><textarea name=\"message\" cols=\"40\" rows=\"10\" class=\"wpcf7-form-control wpcf7-textarea wpcf7-validates-as-required fieldbox-field\" aria-required=\"true\" aria-invalid=\"false\"><\/textarea><\/span>\n\t\t\t<\/div>\n<\/p><\/div>\n<\/p><\/div>\n<div class=\"row\">\n<div class=\"medium-6 columns\">\n<div class=\"fieldbox is-file no-magic\">\n\t\t\t\t<label for=\"message\" class=\"fieldbox-label\">Lebenslauf<span class=\"redstar\">*<\/span><\/label><br \/>\n\t\t\t\t<span class=\"wpcf7-form-control-wrap cv\"><input type=\"file\" name=\"cv\" size=\"40\" class=\"wpcf7-form-control wpcf7-file wpcf7-validates-as-required fieldbox-field\" accept=\".doc,.docx,.pdf,.rtf,.jpg,.jpeg,.png\" aria-required=\"true\" aria-invalid=\"false\" \/><\/span>\n\t\t\t<\/div>\n<\/p><\/div>\n<div class=\"medium-6 columns\">\n<div class=\"fieldbox is-file no-magic\">\n\t\t\t\t<label for=\"message\" class=\"fieldbox-label\">Anschreiben \/ Praktikumsvereinbarung<span class=\"redstar\">*<\/span><\/label><br \/>\n\t\t\t\t<span class=\"wpcf7-form-control-wrap letter\"><input type=\"file\" name=\"letter\" size=\"40\" class=\"wpcf7-form-control wpcf7-file wpcf7-validates-as-required fieldbox-field\" accept=\".doc,.docx,.pdf,.rtf,.jpg,.jpeg,.png\" aria-required=\"true\" aria-invalid=\"false\" \/><\/span>\n\t\t\t<\/div>\n<\/p><\/div>\n<\/p><\/div>\n<div class=\"row\">\n<div class=\"columns large-12\">\n<div class=\"fieldbox fieldbox-checkbox no-magic\">\n\t\t\t\t<label for=\"rgpd\" class=\"fieldbox-label show-for-sr\">Traitement des donn\u00e9es<span class=\"redstar\">*<\/span><\/label><br \/>\n\t\t\t\t<span class=\"wpcf7-form-control-wrap rgpd\"><span class=\"wpcf7-form-control wpcf7-checkbox wpcf7-validates-as-required fieldbox-field\"><span class=\"wpcf7-list-item first last\"><label><input type=\"checkbox\" name=\"rgpd[]\" value=\"Durch Sendung dieses Formulars genehmige ich, dass die erfassten Daten dazu verwendet werden, meine Bewerbung zu beurteilen und mich zu kontaktieren. *\" \/><span class=\"wpcf7-list-item-label\">Durch Sendung dieses Formulars genehmige ich, dass die erfassten Daten dazu verwendet werden, meine Bewerbung zu beurteilen und mich zu kontaktieren. *<\/span><\/label><\/span><\/span><\/span>\n\t\t\t<\/div>\n<\/p><\/div>\n<\/p><\/div>\n<div class=\"row\">\n<div class=\"columns large-12\">\n<div class=\"formsite-sepline\"><\/div>\n<div class=\"formsite-legaltxt\">\n<p>Die auf diesem Formular gesammelten Daten werden durch La Villa K, zum Zweck der Verwaltung von Spontanbewerbungen, in einer computerisierten Datei gespeichert. Sie werden w\u00e4hrend 12 Monaten aufbewahrt und sind nur f\u00fcr die Belegschaft von La Villa K bestimmt. Gem\u00e4ss dem Gesetz \u00ab informatique et libert\u00e9s \u00bb (\u00ab EDV und Freiheiten \u00bb), k\u00f6nnen Sie Ihre Zugriffsrechte auf Sie betreffende Daten aus\u00fcben und diese berichtigen lassen, indem Sie La Villa K \u00fcber das <a href=\"https:\/\/www.lavillak.com\/de\/kontakt-anreise\/\"> Kontaktformular<\/a> oder auf dem Postweg, an die nachfolgende Adresse, kontaktieren : La Villa K &#8211; 1 rue de Lectoure \u2013 F-68300 Saint-Louis.<br \/>\n<a href=\"https:\/\/www.lavillak.com\/de\/rechtliche-hinweise\/\" target=\"_blank\" rel=\"noopener\">Mehr \u00fcber unseren Umgang mit dem Schutz pers\u00f6nlicher Daten erfahren<\/a><\/p>\n<p class=\"google-recaptcha-privacy-text\">Diese Website wird durch reCAPTCHA gesch\u00fctzt und es gelten die <a href=\"https:\/\/policies.google.com\/privacy\" target=\"_blank\" rel=\"noopener noreferrer external\">Datenschutzrichtlinen<\/a> und die <a href=\"https:\/\/policies.google.com\/terms\" target=\"_blank\" rel=\"noopener noreferrer external\"> Nutzungsbedinungen<\/a> von Google.<\/p>\n<\/p><\/div>\n<div class=\"formsite-sepline\"><\/div>\n<\/p><\/div>\n<\/p><\/div>\n<div class=\"row\">\n<div class=\"columns medium-12 formsite-submit-col\">\n\t\t\t<span class=\"formsite-txt-info\"><span class=\"redstar\">*<\/span>Mandatory fields<\/span><br \/>\n\t\t\t<span class=\"formsite-submit-box\"><br \/>\n\t\t\t\t<input type=\"submit\" value=\"Senden\" class=\"wpcf7-form-control wpcf7-submit button-box\" \/><br \/>\n\t\t\t<\/span>\n\t\t<\/div>\n<\/p><\/div>\n<\/div>\n<div class=\"wpcf7-response-output\" aria-hidden=\"true\"><\/div>\n<\/form>\n<\/div><\/div>\n<\/p><\/div>\n<\/p><\/div>\n<\/p><\/div>\n<\/p><\/div>\n<\/p><\/div>\n<\/div>\n<\/div>\n<p><!-- \/flzn:zn_text --><\/p>\n","protected":false},"excerpt":{"rendered":"<p>Offene Stellen Hotel Restaurant Spa Zur Zeit keine Angebote. Zur Zeit keine Angebote. Zur Zeit keine Angebote. Bewerben Sie sich Name* Vorname* Telefon* E-mail* Suchen Sie eine Stelle? Ein Praktikum? [&hellip;]<\/p>\n","protected":false},"author":3,"featured_media":0,"parent":0,"menu_order":50,"comment_status":"closed","ping_status":"closed","template":"","meta":{"_acf_changed":false,"footnotes":""},"class_list":["post-9688","page","type-page","status-publish","hentry","wp-sticky"],"acf":[],"yoast_head":"<!-- This site is optimized with the Yoast SEO plugin v27.5 - https:\/\/yoast.com\/product\/yoast-seo-wordpress\/ -->\n<title>Offres d&#039;emploi H\u00f4tel-Restaurant Saint-Louis Haut-Rhin<\/title>\n<meta name=\"robots\" content=\"index, follow, max-snippet:-1, max-image-preview:large, max-video-preview:-1\" \/>\n<link rel=\"canonical\" href=\"https:\/\/www.lavillak.com\/de\/offene-stellen\/\" \/>\n<meta property=\"og:locale\" content=\"de_DE\" \/>\n<meta property=\"og:type\" content=\"article\" \/>\n<meta property=\"og:title\" content=\"Offres d&#039;emploi H\u00f4tel-Restaurant Saint-Louis Haut-Rhin\" \/>\n<meta property=\"og:description\" content=\"Offene Stellen Hotel Restaurant Spa Zur Zeit keine Angebote. Zur Zeit keine Angebote. Zur Zeit keine Angebote. Bewerben Sie sich Name* Vorname* Telefon* E-mail* Suchen Sie eine Stelle? Ein Praktikum? [&hellip;]\" \/>\n<meta property=\"og:url\" content=\"https:\/\/www.lavillak.com\/de\/offene-stellen\/\" \/>\n<meta property=\"og:site_name\" content=\"La Villa K\" \/>\n<meta property=\"article:publisher\" content=\"https:\/\/www.facebook.com\/lavillak\/\" \/>\n<meta property=\"article:modified_time\" content=\"2021-05-27T08:39:21+00:00\" \/>\n<meta property=\"og:image\" content=\"https:\/\/www.lavillak.com\/wp-inside\/uploads\/2021\/05\/2021-05-27-lavillak-logo-1200-630.jpg\" \/>\n\t<meta property=\"og:image:width\" content=\"1200\" \/>\n\t<meta property=\"og:image:height\" content=\"630\" \/>\n\t<meta property=\"og:image:type\" content=\"image\/jpeg\" \/>\n<meta name=\"twitter:card\" content=\"summary_large_image\" \/>\n<meta name=\"twitter:label1\" content=\"Gesch\u00e4tzte Lesezeit\" \/>\n\t<meta name=\"twitter:data1\" content=\"1\u00a0Minute\" \/>\n<script type=\"application\/ld+json\" class=\"yoast-schema-graph\">{\"@context\":\"https:\\\/\\\/schema.org\",\"@graph\":[{\"@type\":\"WebPage\",\"@id\":\"https:\\\/\\\/www.lavillak.com\\\/de\\\/offene-stellen\\\/\",\"url\":\"https:\\\/\\\/www.lavillak.com\\\/de\\\/offene-stellen\\\/\",\"name\":\"Offres d'emploi H\u00f4tel-Restaurant Saint-Louis Haut-Rhin\",\"isPartOf\":{\"@id\":\"https:\\\/\\\/www.lavillak.com\\\/de\\\/#website\"},\"datePublished\":\"2021-02-08T08:31:43+00:00\",\"dateModified\":\"2021-05-27T08:39:21+00:00\",\"breadcrumb\":{\"@id\":\"https:\\\/\\\/www.lavillak.com\\\/de\\\/offene-stellen\\\/#breadcrumb\"},\"inLanguage\":\"de\",\"potentialAction\":[{\"@type\":\"ReadAction\",\"target\":[\"https:\\\/\\\/www.lavillak.com\\\/de\\\/offene-stellen\\\/\"]}]},{\"@type\":\"BreadcrumbList\",\"@id\":\"https:\\\/\\\/www.lavillak.com\\\/de\\\/offene-stellen\\\/#breadcrumb\",\"itemListElement\":[{\"@type\":\"ListItem\",\"position\":1,\"name\":\"Home\",\"item\":\"https:\\\/\\\/www.lavillak.com\\\/de\\\/\"},{\"@type\":\"ListItem\",\"position\":2,\"name\":\"Personalbeschaffung\"}]},{\"@type\":\"WebSite\",\"@id\":\"https:\\\/\\\/www.lavillak.com\\\/de\\\/#website\",\"url\":\"https:\\\/\\\/www.lavillak.com\\\/de\\\/\",\"name\":\"La Villa K\",\"description\":\"H\u00f4tel Spa Restaurant 4 \u00e9toiles\",\"publisher\":{\"@id\":\"https:\\\/\\\/www.lavillak.com\\\/de\\\/#organization\"},\"potentialAction\":[{\"@type\":\"SearchAction\",\"target\":{\"@type\":\"EntryPoint\",\"urlTemplate\":\"https:\\\/\\\/www.lavillak.com\\\/de\\\/?s={search_term_string}\"},\"query-input\":{\"@type\":\"PropertyValueSpecification\",\"valueRequired\":true,\"valueName\":\"search_term_string\"}}],\"inLanguage\":\"de\"},{\"@type\":\"Organization\",\"@id\":\"https:\\\/\\\/www.lavillak.com\\\/de\\\/#organization\",\"name\":\"La Villa K\",\"url\":\"https:\\\/\\\/www.lavillak.com\\\/de\\\/\",\"logo\":{\"@type\":\"ImageObject\",\"inLanguage\":\"de\",\"@id\":\"https:\\\/\\\/www.lavillak.com\\\/de\\\/#\\\/schema\\\/logo\\\/image\\\/\",\"url\":\"https:\\\/\\\/www.lavillak.com\\\/wp-inside\\\/uploads\\\/2021\\\/05\\\/logo-hotel-lavillak-230x144_2x.png\",\"contentUrl\":\"https:\\\/\\\/www.lavillak.com\\\/wp-inside\\\/uploads\\\/2021\\\/05\\\/logo-hotel-lavillak-230x144_2x.png\",\"width\":460,\"height\":288,\"caption\":\"La Villa K\"},\"image\":{\"@id\":\"https:\\\/\\\/www.lavillak.com\\\/de\\\/#\\\/schema\\\/logo\\\/image\\\/\"},\"sameAs\":[\"https:\\\/\\\/www.facebook.com\\\/lavillak\\\/\",\"https:\\\/\\\/www.instagram.com\\\/hotellavillak\\\/\",\"https:\\\/\\\/fr.pinterest.com\\\/hotellavillaket\\\/\"]}]}<\/script>\n<!-- \/ Yoast SEO plugin. -->","yoast_head_json":{"title":"Offres d'emploi H\u00f4tel-Restaurant Saint-Louis Haut-Rhin","robots":{"index":"index","follow":"follow","max-snippet":"max-snippet:-1","max-image-preview":"max-image-preview:large","max-video-preview":"max-video-preview:-1"},"canonical":"https:\/\/www.lavillak.com\/de\/offene-stellen\/","og_locale":"de_DE","og_type":"article","og_title":"Offres d'emploi H\u00f4tel-Restaurant Saint-Louis Haut-Rhin","og_description":"Offene Stellen Hotel Restaurant Spa Zur Zeit keine Angebote. Zur Zeit keine Angebote. Zur Zeit keine Angebote. Bewerben Sie sich Name* Vorname* Telefon* E-mail* Suchen Sie eine Stelle? Ein Praktikum? [&hellip;]","og_url":"https:\/\/www.lavillak.com\/de\/offene-stellen\/","og_site_name":"La Villa K","article_publisher":"https:\/\/www.facebook.com\/lavillak\/","article_modified_time":"2021-05-27T08:39:21+00:00","og_image":[{"width":1200,"height":630,"url":"https:\/\/www.lavillak.com\/wp-inside\/uploads\/2021\/05\/2021-05-27-lavillak-logo-1200-630.jpg","type":"image\/jpeg"}],"twitter_card":"summary_large_image","twitter_misc":{"Gesch\u00e4tzte Lesezeit":"1\u00a0Minute"},"schema":{"@context":"https:\/\/schema.org","@graph":[{"@type":"WebPage","@id":"https:\/\/www.lavillak.com\/de\/offene-stellen\/","url":"https:\/\/www.lavillak.com\/de\/offene-stellen\/","name":"Offres d'emploi H\u00f4tel-Restaurant Saint-Louis Haut-Rhin","isPartOf":{"@id":"https:\/\/www.lavillak.com\/de\/#website"},"datePublished":"2021-02-08T08:31:43+00:00","dateModified":"2021-05-27T08:39:21+00:00","breadcrumb":{"@id":"https:\/\/www.lavillak.com\/de\/offene-stellen\/#breadcrumb"},"inLanguage":"de","potentialAction":[{"@type":"ReadAction","target":["https:\/\/www.lavillak.com\/de\/offene-stellen\/"]}]},{"@type":"BreadcrumbList","@id":"https:\/\/www.lavillak.com\/de\/offene-stellen\/#breadcrumb","itemListElement":[{"@type":"ListItem","position":1,"name":"Home","item":"https:\/\/www.lavillak.com\/de\/"},{"@type":"ListItem","position":2,"name":"Personalbeschaffung"}]},{"@type":"WebSite","@id":"https:\/\/www.lavillak.com\/de\/#website","url":"https:\/\/www.lavillak.com\/de\/","name":"La Villa K","description":"H\u00f4tel Spa Restaurant 4 \u00e9toiles","publisher":{"@id":"https:\/\/www.lavillak.com\/de\/#organization"},"potentialAction":[{"@type":"SearchAction","target":{"@type":"EntryPoint","urlTemplate":"https:\/\/www.lavillak.com\/de\/?s={search_term_string}"},"query-input":{"@type":"PropertyValueSpecification","valueRequired":true,"valueName":"search_term_string"}}],"inLanguage":"de"},{"@type":"Organization","@id":"https:\/\/www.lavillak.com\/de\/#organization","name":"La Villa K","url":"https:\/\/www.lavillak.com\/de\/","logo":{"@type":"ImageObject","inLanguage":"de","@id":"https:\/\/www.lavillak.com\/de\/#\/schema\/logo\/image\/","url":"https:\/\/www.lavillak.com\/wp-inside\/uploads\/2021\/05\/logo-hotel-lavillak-230x144_2x.png","contentUrl":"https:\/\/www.lavillak.com\/wp-inside\/uploads\/2021\/05\/logo-hotel-lavillak-230x144_2x.png","width":460,"height":288,"caption":"La Villa K"},"image":{"@id":"https:\/\/www.lavillak.com\/de\/#\/schema\/logo\/image\/"},"sameAs":["https:\/\/www.facebook.com\/lavillak\/","https:\/\/www.instagram.com\/hotellavillak\/","https:\/\/fr.pinterest.com\/hotellavillaket\/"]}]}},"_links":{"self":[{"href":"https:\/\/www.lavillak.com\/de\/wp-json\/wp\/v2\/pages\/9688","targetHints":{"allow":["GET"]}}],"collection":[{"href":"https:\/\/www.lavillak.com\/de\/wp-json\/wp\/v2\/pages"}],"about":[{"href":"https:\/\/www.lavillak.com\/de\/wp-json\/wp\/v2\/types\/page"}],"author":[{"embeddable":true,"href":"https:\/\/www.lavillak.com\/de\/wp-json\/wp\/v2\/users\/3"}],"replies":[{"embeddable":true,"href":"https:\/\/www.lavillak.com\/de\/wp-json\/wp\/v2\/comments?post=9688"}],"version-history":[{"count":5,"href":"https:\/\/www.lavillak.com\/de\/wp-json\/wp\/v2\/pages\/9688\/revisions"}],"predecessor-version":[{"id":16041,"href":"https:\/\/www.lavillak.com\/de\/wp-json\/wp\/v2\/pages\/9688\/revisions\/16041"}],"wp:attachment":[{"href":"https:\/\/www.lavillak.com\/de\/wp-json\/wp\/v2\/media?parent=9688"}],"curies":[{"name":"wp","href":"https:\/\/api.w.org\/{rel}","templated":true}]}}