{"id":9734,"date":"2021-02-08T09:32:57","date_gmt":"2021-02-08T08:32:57","guid":{"rendered":"https:\/\/www.lavillak.com\/mentions-legales\/"},"modified":"2023-02-21T14:19:36","modified_gmt":"2023-02-21T13:19:36","slug":"rechtliche-hinweise","status":"publish","type":"page","link":"https:\/\/www.lavillak.com\/de\/rechtliche-hinweise\/","title":{"rendered":"Rechtliche Hinweise"},"content":{"rendered":"<p><!-- flzn:zn_pagebanner --><\/p>\n<header id=\"flzn-pagebanner-1\" class=\"zone zn-pagebanner\">\n<div class=\"zone-block zn-pagebanner-block alignfull va-center\"><\/div>\n<\/header>\n<p><!-- \/flzn:zn_pagebanner --><br \/>\n<!-- flzn:zn_text --><\/p>\n<div id=\"flzn-text-1\" class=\"zone zn-text\">\n<div class=\"zone-block zn-text-block va-top\">\n<div class=\"row mw-content-zone\">\n<div class=\"columns large-12\">\n<div class=\"row large-up-1 with-nice-alignment nbloc-1\">\n<div class=\"column zn-text-col\">\n<div class=\"column-inner\">\n<div class=\"wig-content mw-content\">\n<h2>Informationen zur Website<\/h2>\n<p>Sie sind derzeit mit der Website von La Villa K verbunden.<br \/>\nAlle Daten und Informationen auf der Website <strong>www.lavillak.com<\/strong> werden von La Villa K der \u00d6ffentlichkeit zur Verf\u00fcgung gestellt.<br \/>\nDurch den Besuch auf unserer Website <strong>www.lavillak.com<\/strong> verpflichten Sie sich, die Bedingungen in diesem Hinweis zu akzeptieren.<\/p>\n<h2>Herausgeber<\/h2>\n<p><strong>La Villa K<\/strong><br \/>\nGesch\u00e4ftssitz: 1 rue de Lectoure &#8211; 68300 Saint-Louis (Frankreich)<\/p>\n<p>Tel: +33 (0) 3 89 70 93 40<\/p>\n<p><strong>Direktor der Ver\u00f6ffentlichung:<\/strong> Jean-Christophe Touzeau<\/p>\n<h2>Hosting<\/h2>\n<p><strong>OVH<\/strong><br \/>\nRCS Lille M\u00e9tropole 424 761 419 00045<br \/>\nAPE Kode 2620Z<br \/>\nUmsatzsteuer-Identifikationsnummer: FR 22 424 761 419<br \/>\nHauptsitz: 2 rue Kellermann \u2013 59100 Roubaix \u2013 Frankreich<\/p>\n<h2>Konzeption und Referenzierung der Website<\/h2>\n<p><strong>Premi\u00e8re Place<\/strong><br \/>\nSAS mit einem Kapital von 4,860.00 Euro<br \/>\nHauptsitz: 30 rue Fran\u00e7ois Spoerry \u2013 68100 Mulhouse \u2013 Frankreich<br \/>\nTelefon: +33 (0) 3 89 60 71 61<br \/>\ncontact@premiere.place<br \/>\nRCS Mulhouse 489 995 985<br \/>\nUmsatzsteuer-Identifikationsnummer: FR 12 489 995 985<br \/>\n<strong><a href=\"https:\/\/www.premiere.place\/\" target=\"_blank\" rel=\"noopener\">www.premiere.place<\/a><\/strong><\/p>\n<h2>Schutz personenbezogener Daten<\/h2>\n<p>La Villa K legt besonderen Wert auf die Pers\u00f6nlichkeitsrechte von Internetnutzern und verpflichtet sich, ihre pers\u00f6nlichen Daten in \u00dcbereinstimmung mit der geltenden franz\u00f6sischen und europ\u00e4ischen Gesetzgebung zu sch\u00fctzen. Es werden keine pers\u00f6nlichen Daten von den Besuchern verlangt, damit sie die Website <strong>www.lavillak.com<\/strong> besuchen k\u00f6nnen.<\/p>\n<p>Jedes Formular auf der Website beschr\u00e4nkt sich darauf, nur die wirklich wichtigen Daten zu erfassen und gibt systematisch an:<\/p>\n<ul>\n<li>den Zweck f\u00fcr die Erfassung personenbezogener Daten<\/li>\n<li>die obligatorische oder fakultative Natur der Daten<\/li>\n<li>den oder die Empf\u00e4nger der erfassten Daten<\/li>\n<li>die Dauer der Speicherung der erfassten Daten<\/li>\n<li>Ihre Datenschutzrechte und wie Sie diese aus\u00fcben k\u00f6nnen<\/li>\n<\/ul>\n<p>Auf jedem Formular auf der Website <strong>www.lavillak.com<\/strong> k\u00f6nnen Sie ein oder mehrere K\u00e4stchen ankreuzen, um Ihre Zustimmung zur Erhebung und Verarbeitung der angeforderten personenbezogenen Daten zu erteilen. Dadurch kann La Villa K sicherstellen, dass die an sie \u00fcbermittelten personenbezogenen Daten tats\u00e4chlich f\u00fcr den ausdr\u00fccklich auf dem Formular angegebenen und vom Internetnutzer akzeptierten Zweck verwendet werden k\u00f6nnen. Jedes angekreuzte Feld entspricht einem bestimmten Zweck zur Verarbeitung personenbezogener Daten und dient als rechtlicher Nachweis der Zustimmung des Internetnutzers.<\/p>\n<p>Keinesfalls darf Villa K diese pers\u00f6nlichen Daten f\u00fcr einen anderen als den ausdr\u00fccklich auf dem Formular angegebenen und vom Internetnutzer akzeptierten Zweck verwenden. Ebenso d\u00fcrfen diese personenbezogenen Daten nicht ohne ausdr\u00fcckliche Erw\u00e4hnung dieser M\u00f6glichkeit auf dem Formular an Dritte weitergegeben oder abgetreten werden.<\/p>\n<p>In \u00dcbereinstimmung mit dem franz\u00f6sischen Datenschutzgesetz \u201eInformatique et Libert\u00e9s\u201c vom 6. Januar 1978 (Artikel 34) haben Sie das Recht auf Zugriff, \u00c4nderung, Berichtigung und L\u00f6schung der Sie betreffenden Daten. Um dieses Recht auszu\u00fcben, k\u00f6nnen Sie La Villa K \u00fcber das <strong><a href=\"https:\/\/www.lavillak.com\/de\/kontakt-anreise\/\">Kontaktformular<\/a><\/strong> auf der Website oder per Post unter folgender Adresse kontaktieren:<\/p>\n<p>La Villa K<br \/>\n1 rue de Lectoure<br \/>\n68300 Saint-Louis (Frankreich)<\/p>\n<p>Die personenbezogenen Daten, die auf der Website <strong>www.lavillak.com<\/strong> erhoben werden, werden nach gesicherten Protokollen verarbeitet, die das Risiko des Abfangens oder der Nutzung durch Dritte erheblich begrenzen. Achten Sie jedoch darauf, dass Sie bei der Verwendung unserer Formulare keine unn\u00f6tigen oder sensiblen pers\u00f6nlichen Daten preisgeben. Wenn Sie uns solche Informationen mitteilen m\u00f6chten, bitten wir Sie, dies auf dem Postweg zu tun.<\/p>\n<h2>Cookies<\/h2>\n<p>Die Website <strong>www.lavillak.com<\/strong> verwendet Cookies. Es handelt sich hierbei um kleine Dateien, die auf Ihren Computer heruntergeladen werden und einen reibungslosen und sicheren Betrieb der Website erm\u00f6glichen (Session- und Sicherheits-Cookies) und Informationen dar\u00fcber aufzeichnen, wie unsere Besucher unsere Website besuchen (Tracking-Cookies). So k\u00f6nnen wir beispielsweise erfahren, welche Seiten von unseren Besuchern am meisten besucht werden und wieviel Zeit sie auf unserer Website verbringen.<\/p>\n<p>Wenn Sie Ihren Browser konfigurieren, haben Sie die M\u00f6glichkeit, Cookies zu deaktivieren oder sich benachrichtigen zu lassen, wenn Cookies auf Ihren Computer heruntergeladen werden sollen. Wenn Sie jedoch alle Cookies deaktivieren, k\u00f6nnen Sie m\u00f6glicherweise nicht alle Funktionen dieser Website richtig nutzen. Wir geben Ihnen daher die M\u00f6glichkeit, nur Tracking-Cookies zu deaktivieren, die Ihre Navigation nicht beeintr\u00e4chtigen (siehe unten \u00ab\u00a0Cookie-Einstellungen\u00a0\u00bb).<\/p>\n<h3>Google Analytics<\/h3>\n<p>Diese Website verwendet den Webanalysedienst Google Analytics. Dadurch k\u00f6nnen wir analysieren, wie Internetnutzer unsere Seite nutzen, um ihnen ein besseres Browser-Erlebnis zu bieten. Google Analytics verwendet dazu Tracking-Cookies, um den Navigationsverlauf eines Nutzers auf der Website nachzuverfolgen. Diese Cookies werden f\u00fcr eine Dauer von 13 Monaten gespeichert.<\/p>\n<p>Wir haben die Anonymisierung von IP-Adressen f\u00fcr diese Website aktiviert. Dies bedeutet, dass die von Google Analytics erfassten IP-Adressen systematisch gek\u00fcrzt werden, um eine Nutzer-Identifizierung zu verhindern. In Ausnahmef\u00e4llen kann die vollst\u00e4ndige IP-Adresse an einen Server von Google in den USA \u00fcbertragen und auf diesem umgehend gek\u00fcrzt werden. Google verwendet die \u00fcber Cookies gesammelten Daten im Auftrag von La Villa K, um die Navigationsgewohnheiten der Internetnutzer zu analysieren und Berichte \u00fcber die Aktivit\u00e4t der Website zu erstellen.<\/p>\n<p>Google stellt Internetnutzern ein Plug-In f\u00fcr ihren Browser zur Verf\u00fcgung, um die Erfassung von Daten in Bezug auf deren Navigation auf Websites mit Google Analytics zu verhindern.<br \/>\nDieses Plug-In ist unter folgender Adresse verf\u00fcgbar: <a href=\"https:\/\/tools.google.com\/dlpage\/gaoptout?hl=de\" target=\"_blank\" rel=\"noopener\"><strong>tools.google.com\/dlpage\/gaoptout<\/strong><\/a><\/p>\n<h3>Google Remarketing<\/h3>\n<p>Diese Website kann den Google Remarketing-Dienst dazu nutzen, um Internetnutzern gezielte Werbung basierend auf Webseiten anzubieten, die im Google-Werbenetzwerk besucht werden. Dadurch k\u00f6nnen wir Ihre Browserdaten auf dieser Website dazu verwenden, Ihnen beim Besuch anderer Websites im Google-Werbenetzwerk gezielte Anzeigen anzuzeigen. Sie k\u00f6nnen diese Funktion \u00fcber den folgenden Link deaktivieren: <strong><a href=\"http:\/\/www.google.com\/settings\/ads\" target=\"_blank\" rel=\"noopener\">www.google.com\/settings\/ads<\/a><\/strong><\/p>\n<p>Wenn Sie ein Google-Konto besitzen und mit diesem durch den Besuch unserer Website verbunden sind und Sie Google gestattet haben, Ihren Browserverlauf mit Ihrem Google-Konto zu verkn\u00fcpfen und diesen Verlauf zur Personalisierung der Anzeigen zu verwenden, wird Google Ihre \u00fcber Google Analytics gesammelten Browser-Daten mit Ihrem Google-Konto verkn\u00fcpfen. Wenn Sie Ihr Google-Konto auf mehreren Ger\u00e4ten verwenden, werden unsere Anzeigen m\u00f6glicherweise auf diesen anderen Ger\u00e4ten angezeigt. Obwohl Google Daten \u00fcber die Nutzung von Google-Konten auf dieser Website sammelt, kann La Villa K in keiner Weise auf die Identit\u00e4t von Nutzern von Google-Konten schlie\u00dfen, die die Website konsultieren.<\/p>\n<p>Wenn Sie weitere Informationen dazu, wie Google diese Daten sammelt und verwendet, w\u00fcnschen, empfehlen wir Ihnen, die Datenschutzerkl\u00e4rung von Google zu lesen: <strong><a href=\"http:\/\/www.google.com\/policies\/privacy\/\" target=\"_blank\" rel=\"noopener\">www.google.com\/policies\/privacy<\/a><\/strong><\/p>\n<h3>Cookie-Einstellungen<\/h3>\n<p>Hier k\u00f6nnen Sie Ihre Cookie-Einstellungen f\u00fcr diese Website \u00e4ndern:<\/p>\n<div class=\"skp-rgpd-cookie-form\">\n<div class=\"cookie-options\">\n\t\t<label><br \/>\n\t\t\t<input name=\"skp-rgpd-cookie\" type=\"radio\" value=\"1\" checked=\"checked\" \/><br \/>\n\t\t\t<strong>Tous les cookies de pistage sont activ\u00e9s<\/strong><br \/>\n\t\t<\/label><br \/>\n\t\t<label><br \/>\n\t\t\t<input name=\"skp-rgpd-cookie\" type=\"radio\" value=\"2\" \/><br \/>\n\t\t\t<strong>Tous les cookies de pistage sont d\u00e9sactiv\u00e9s<\/strong><br \/>\n\t\t<\/label>\n\t<\/div>\n<div class=\"cookie-submit\">\n\t\t<a href=\"#\" class=\"skp-rgpd-cookie-save\">Sauvegarder<\/a>\n\t<\/div>\n<\/div>\n<p>Weitere Informationen zu Cookies und deren Verwaltung finden Sie unter <strong><a href=\"http:\/\/www.youronlinechoices.com\/de\/\" target=\"_blank\" rel=\"noopener\">www.youronlinechoices.com<\/a><\/strong>, entwickelt von der European Interactive Digital Advertising Alliance (EDAA).<\/p>\n<h2>Geistiges Eigentum<\/h2>\n<p>Die gesamte Website unterliegt der franz\u00f6sischen und internationalen Gesetzgebung zu Urheberrecht und geistigem Eigentum. Alle Reproduktionsrechte, einschlie\u00dflich herunterladbarer Dokumente und ikonografische und fotografische Darstellungen sowie animierter Sequenzen, sind vorbehalten.<\/p>\n<p>Jede Reproduktion oder Darstellung, ganz oder teilweise und ungeachtet des Verfahrens, des Inhalts der Website <strong>www.lavillak.com<\/strong>, die ohne die ausdr\u00fcckliche Genehmigung von La Villa K gemacht wurde, ist rechtswidrig und stellt eine F\u00e4lschung dar.<\/p>\n<p>Jede Verwendung von Informationen von der Website <strong>www.lavillak.com<\/strong> muss zwingend die Quelle der Informationen nennen. Die Internetadresse der Website von La Villa K muss unbedingt in der Referenz erscheinen.<\/p>\n<p>Die auf dieser Website genannten Marken wurden durch die jeweiligen Inhaber eingestellt.<\/p>\n<h2>Haftung<\/h2>\n<p>La Villa K haftet nicht f\u00fcr den Inhalt und die Umgebung externer Seiten, auf die die Website <strong>www.lavillak.com<\/strong> verweisen kann (insbesondere \u00fcber Hypertext-Links).<\/p>\n<p>Die Installation von Hypertext-Links durch Dritte auf Seiten oder Dokumenten der Website von Villa K ist gestattet, sofern die Links nicht gegen die Interessen von La Villa K versto\u00dfen und dem Nutzer die M\u00f6glichkeit geben, den Ursprung und den Autor des Dokuments zu identifizieren.<\/p>\n<p>La Villa K kann in keiner Weise f\u00fcr den Inhalt der Informationen, die auf dieser Website erscheinen, oder Konsequenzen, die sich aus deren Nutzung oder Interpretation ergeben k\u00f6nnten, haftbar gemacht werden.<\/p>\n<p>Der Besuch der Website <strong>www.lavillak.com<\/strong> setzt voraus, dass der Internetnutzer die oben genannten Bedingungen akzeptiert.<\/p>\n<\/p><\/div>\n<\/p><\/div>\n<\/p><\/div>\n<\/p><\/div>\n<\/p><\/div>\n<\/p><\/div>\n<\/div>\n<\/div>\n<p><!-- \/flzn:zn_text --><\/p>\n","protected":false},"excerpt":{"rendered":"<p>Informationen zur Website Sie sind derzeit mit der Website von La Villa K verbunden. Alle Daten und Informationen auf der Website www.lavillak.com werden von La Villa K der \u00d6ffentlichkeit zur [&hellip;]<\/p>\n","protected":false},"author":3,"featured_media":0,"parent":0,"menu_order":100,"comment_status":"closed","ping_status":"closed","template":"","meta":{"_acf_changed":false,"footnotes":""},"class_list":["post-9734","page","type-page","status-publish","hentry","wp-sticky"],"acf":[],"yoast_head":"<!-- This site is optimized with the Yoast SEO plugin v27.5 - https:\/\/yoast.com\/product\/yoast-seo-wordpress\/ -->\n<title>Mentions l\u00e9gales<\/title>\n<meta name=\"robots\" content=\"index, follow, max-snippet:-1, max-image-preview:large, max-video-preview:-1\" \/>\n<link rel=\"canonical\" href=\"https:\/\/www.lavillak.com\/de\/rechtliche-hinweise\/\" \/>\n<meta property=\"og:locale\" content=\"de_DE\" \/>\n<meta property=\"og:type\" content=\"article\" \/>\n<meta property=\"og:title\" content=\"Mentions l\u00e9gales\" \/>\n<meta property=\"og:description\" content=\"Informationen zur Website Sie sind derzeit mit der Website von La Villa K verbunden. Alle Daten und Informationen auf der Website www.lavillak.com werden von La Villa K der \u00d6ffentlichkeit zur [&hellip;]\" \/>\n<meta property=\"og:url\" content=\"https:\/\/www.lavillak.com\/de\/rechtliche-hinweise\/\" \/>\n<meta property=\"og:site_name\" content=\"La Villa K\" \/>\n<meta property=\"article:publisher\" content=\"https:\/\/www.facebook.com\/lavillak\/\" \/>\n<meta property=\"article:modified_time\" content=\"2023-02-21T13:19:36+00:00\" \/>\n<meta property=\"og:image\" content=\"https:\/\/www.lavillak.com\/wp-inside\/uploads\/2021\/05\/2021-05-27-lavillak-logo-1200-630.jpg\" \/>\n\t<meta property=\"og:image:width\" content=\"1200\" \/>\n\t<meta property=\"og:image:height\" content=\"630\" \/>\n\t<meta property=\"og:image:type\" content=\"image\/jpeg\" \/>\n<meta name=\"twitter:card\" content=\"summary_large_image\" \/>\n<meta name=\"twitter:label1\" content=\"Gesch\u00e4tzte Lesezeit\" \/>\n\t<meta name=\"twitter:data1\" content=\"6\u00a0Minuten\" \/>\n<script type=\"application\/ld+json\" class=\"yoast-schema-graph\">{\"@context\":\"https:\\\/\\\/schema.org\",\"@graph\":[{\"@type\":\"WebPage\",\"@id\":\"https:\\\/\\\/www.lavillak.com\\\/de\\\/rechtliche-hinweise\\\/\",\"url\":\"https:\\\/\\\/www.lavillak.com\\\/de\\\/rechtliche-hinweise\\\/\",\"name\":\"Mentions l\u00e9gales\",\"isPartOf\":{\"@id\":\"https:\\\/\\\/www.lavillak.com\\\/de\\\/#website\"},\"datePublished\":\"2021-02-08T08:32:57+00:00\",\"dateModified\":\"2023-02-21T13:19:36+00:00\",\"breadcrumb\":{\"@id\":\"https:\\\/\\\/www.lavillak.com\\\/de\\\/rechtliche-hinweise\\\/#breadcrumb\"},\"inLanguage\":\"de\",\"potentialAction\":[{\"@type\":\"ReadAction\",\"target\":[\"https:\\\/\\\/www.lavillak.com\\\/de\\\/rechtliche-hinweise\\\/\"]}]},{\"@type\":\"BreadcrumbList\",\"@id\":\"https:\\\/\\\/www.lavillak.com\\\/de\\\/rechtliche-hinweise\\\/#breadcrumb\",\"itemListElement\":[{\"@type\":\"ListItem\",\"position\":1,\"name\":\"Home\",\"item\":\"https:\\\/\\\/www.lavillak.com\\\/de\\\/\"},{\"@type\":\"ListItem\",\"position\":2,\"name\":\"Rechtliche Hinweise\"}]},{\"@type\":\"WebSite\",\"@id\":\"https:\\\/\\\/www.lavillak.com\\\/de\\\/#website\",\"url\":\"https:\\\/\\\/www.lavillak.com\\\/de\\\/\",\"name\":\"La Villa K\",\"description\":\"H\u00f4tel Spa Restaurant 4 \u00e9toiles\",\"publisher\":{\"@id\":\"https:\\\/\\\/www.lavillak.com\\\/de\\\/#organization\"},\"potentialAction\":[{\"@type\":\"SearchAction\",\"target\":{\"@type\":\"EntryPoint\",\"urlTemplate\":\"https:\\\/\\\/www.lavillak.com\\\/de\\\/?s={search_term_string}\"},\"query-input\":{\"@type\":\"PropertyValueSpecification\",\"valueRequired\":true,\"valueName\":\"search_term_string\"}}],\"inLanguage\":\"de\"},{\"@type\":\"Organization\",\"@id\":\"https:\\\/\\\/www.lavillak.com\\\/de\\\/#organization\",\"name\":\"La Villa K\",\"url\":\"https:\\\/\\\/www.lavillak.com\\\/de\\\/\",\"logo\":{\"@type\":\"ImageObject\",\"inLanguage\":\"de\",\"@id\":\"https:\\\/\\\/www.lavillak.com\\\/de\\\/#\\\/schema\\\/logo\\\/image\\\/\",\"url\":\"https:\\\/\\\/www.lavillak.com\\\/wp-inside\\\/uploads\\\/2021\\\/05\\\/logo-hotel-lavillak-230x144_2x.png\",\"contentUrl\":\"https:\\\/\\\/www.lavillak.com\\\/wp-inside\\\/uploads\\\/2021\\\/05\\\/logo-hotel-lavillak-230x144_2x.png\",\"width\":460,\"height\":288,\"caption\":\"La Villa K\"},\"image\":{\"@id\":\"https:\\\/\\\/www.lavillak.com\\\/de\\\/#\\\/schema\\\/logo\\\/image\\\/\"},\"sameAs\":[\"https:\\\/\\\/www.facebook.com\\\/lavillak\\\/\",\"https:\\\/\\\/www.instagram.com\\\/hotellavillak\\\/\",\"https:\\\/\\\/fr.pinterest.com\\\/hotellavillaket\\\/\"]}]}<\/script>\n<!-- \/ Yoast SEO plugin. -->","yoast_head_json":{"title":"Mentions l\u00e9gales","robots":{"index":"index","follow":"follow","max-snippet":"max-snippet:-1","max-image-preview":"max-image-preview:large","max-video-preview":"max-video-preview:-1"},"canonical":"https:\/\/www.lavillak.com\/de\/rechtliche-hinweise\/","og_locale":"de_DE","og_type":"article","og_title":"Mentions l\u00e9gales","og_description":"Informationen zur Website Sie sind derzeit mit der Website von La Villa K verbunden. Alle Daten und Informationen auf der Website www.lavillak.com werden von La Villa K der \u00d6ffentlichkeit zur [&hellip;]","og_url":"https:\/\/www.lavillak.com\/de\/rechtliche-hinweise\/","og_site_name":"La Villa K","article_publisher":"https:\/\/www.facebook.com\/lavillak\/","article_modified_time":"2023-02-21T13:19:36+00:00","og_image":[{"width":1200,"height":630,"url":"https:\/\/www.lavillak.com\/wp-inside\/uploads\/2021\/05\/2021-05-27-lavillak-logo-1200-630.jpg","type":"image\/jpeg"}],"twitter_card":"summary_large_image","twitter_misc":{"Gesch\u00e4tzte Lesezeit":"6\u00a0Minuten"},"schema":{"@context":"https:\/\/schema.org","@graph":[{"@type":"WebPage","@id":"https:\/\/www.lavillak.com\/de\/rechtliche-hinweise\/","url":"https:\/\/www.lavillak.com\/de\/rechtliche-hinweise\/","name":"Mentions l\u00e9gales","isPartOf":{"@id":"https:\/\/www.lavillak.com\/de\/#website"},"datePublished":"2021-02-08T08:32:57+00:00","dateModified":"2023-02-21T13:19:36+00:00","breadcrumb":{"@id":"https:\/\/www.lavillak.com\/de\/rechtliche-hinweise\/#breadcrumb"},"inLanguage":"de","potentialAction":[{"@type":"ReadAction","target":["https:\/\/www.lavillak.com\/de\/rechtliche-hinweise\/"]}]},{"@type":"BreadcrumbList","@id":"https:\/\/www.lavillak.com\/de\/rechtliche-hinweise\/#breadcrumb","itemListElement":[{"@type":"ListItem","position":1,"name":"Home","item":"https:\/\/www.lavillak.com\/de\/"},{"@type":"ListItem","position":2,"name":"Rechtliche Hinweise"}]},{"@type":"WebSite","@id":"https:\/\/www.lavillak.com\/de\/#website","url":"https:\/\/www.lavillak.com\/de\/","name":"La Villa K","description":"H\u00f4tel Spa Restaurant 4 \u00e9toiles","publisher":{"@id":"https:\/\/www.lavillak.com\/de\/#organization"},"potentialAction":[{"@type":"SearchAction","target":{"@type":"EntryPoint","urlTemplate":"https:\/\/www.lavillak.com\/de\/?s={search_term_string}"},"query-input":{"@type":"PropertyValueSpecification","valueRequired":true,"valueName":"search_term_string"}}],"inLanguage":"de"},{"@type":"Organization","@id":"https:\/\/www.lavillak.com\/de\/#organization","name":"La Villa K","url":"https:\/\/www.lavillak.com\/de\/","logo":{"@type":"ImageObject","inLanguage":"de","@id":"https:\/\/www.lavillak.com\/de\/#\/schema\/logo\/image\/","url":"https:\/\/www.lavillak.com\/wp-inside\/uploads\/2021\/05\/logo-hotel-lavillak-230x144_2x.png","contentUrl":"https:\/\/www.lavillak.com\/wp-inside\/uploads\/2021\/05\/logo-hotel-lavillak-230x144_2x.png","width":460,"height":288,"caption":"La Villa K"},"image":{"@id":"https:\/\/www.lavillak.com\/de\/#\/schema\/logo\/image\/"},"sameAs":["https:\/\/www.facebook.com\/lavillak\/","https:\/\/www.instagram.com\/hotellavillak\/","https:\/\/fr.pinterest.com\/hotellavillaket\/"]}]}},"_links":{"self":[{"href":"https:\/\/www.lavillak.com\/de\/wp-json\/wp\/v2\/pages\/9734","targetHints":{"allow":["GET"]}}],"collection":[{"href":"https:\/\/www.lavillak.com\/de\/wp-json\/wp\/v2\/pages"}],"about":[{"href":"https:\/\/www.lavillak.com\/de\/wp-json\/wp\/v2\/types\/page"}],"author":[{"embeddable":true,"href":"https:\/\/www.lavillak.com\/de\/wp-json\/wp\/v2\/users\/3"}],"replies":[{"embeddable":true,"href":"https:\/\/www.lavillak.com\/de\/wp-json\/wp\/v2\/comments?post=9734"}],"version-history":[{"count":4,"href":"https:\/\/www.lavillak.com\/de\/wp-json\/wp\/v2\/pages\/9734\/revisions"}],"predecessor-version":[{"id":24119,"href":"https:\/\/www.lavillak.com\/de\/wp-json\/wp\/v2\/pages\/9734\/revisions\/24119"}],"wp:attachment":[{"href":"https:\/\/www.lavillak.com\/de\/wp-json\/wp\/v2\/media?parent=9734"}],"curies":[{"name":"wp","href":"https:\/\/api.w.org\/{rel}","templated":true}]}}