{"id":9783,"date":"2021-02-08T09:32:23","date_gmt":"2021-02-08T08:32:23","guid":{"rendered":"https:\/\/www.lavillak.com\/contact-access\/"},"modified":"2021-06-17T15:12:36","modified_gmt":"2021-06-17T13:12:36","slug":"kontakt-anreise","status":"publish","type":"page","link":"https:\/\/www.lavillak.com\/de\/kontakt-anreise\/","title":{"rendered":"Kontakt &#038; Anreise"},"content":{"rendered":"<p><!-- flzn:zn_pagebanner --><\/p>\n<header id=\"flzn-pagebanner-1\" class=\"zone zn-pagebanner\">\n<div class=\"zone-block zn-pagebanner-block alignfull va-center\"><\/div>\n<\/header>\n<p><!-- \/flzn:zn_pagebanner --><br \/>\n<!-- flzn:zn_gmaps --><\/p>\n<div id=\"flzn-gmaps-1\" class=\"zone zn-gmaps\">\n<div class=\"zone-block zn-gmaps-block alignwide va-top\">\n<div class=\"row\">\n<div class=\"columns large-12\">\n<div class=\"zn-gmaps-descbox\">\n<div class=\"wig-content mw-content zn-gmaps-desc\">\n<p style=\"text-align: center;\"><strong>La Villa K &#8211; BaselAirport<br \/>\n<\/strong>1 rue de Lectoure<br \/>\n68300 Saint-Louis<br \/>\nTel <a class=\"-badge\" title=\"Rufen Sie uns an\" href=\"tel:+33389709340\" data-hidenum=\"Rufen Sie uns an\">+33 (0) 03 89 70 93 40<\/a><br \/>\n<a href=\"mailto:reception@lavillak.com\">reception@lavillak.com<\/a><\/p>\n<\/p><\/div>\n<\/p><\/div>\n<div class=\"mapblock googlemaps-gmaps-flzn-gmaps-1\">\n<div class=\"mapblock-wait\">\n\t\t\t\t\t<button class=\"button secondary mapblock-loadbtn with-ico\" data-skp-load-gmap=\"gmaps-flzn-gmaps-1\"><i class=\"skf-location\"><\/i>Localiser sur la carte<\/button>\n\t\t\t\t<\/div>\n<div class=\"mapblock-gmap\"><\/div>\n<\/p><\/div>\n<p>\t\t\t<script type=\"text\/javascript\">\n\t\t\t\tjQuery('[data-skp-load-gmap]').click(function() {\n\t\t\t\t\tvar map_id = jQuery(this).attr('data-skp-load-gmap');\n\t\t\t\t\tvar map_block = jQuery('.mapblock.googlemaps-' + map_id);\n\t\t\t\t\tvar map_is_load = map_block.hasClass('is-load');\n\t\t\t\t\tvar map_container = map_block.find('.mapblock-gmap');<\/p>\n<p>\t\t\t\t\tif( !map_is_load ) {\n\t\t\t\t\t\tjQuery.post(skp.ajax_url, {\n\t\t\t\t\t\t\t\t'action': \t\t\t\t\t'skp_ajax_load_google_maps',\n\t\t\t\t\t\t\t\t'map_points': \t\t\t[{\"name\":\"H\u00f4tel La Villa K\",\"type\":\"\",\"lat\":47.5849335,\"lng\":7.564831199999999,\"infowindow\":\"u003Ch3u003EH\u00f4tel La Villa Ku003C\/h3u003Eu003Cpu003Eu003Ca href=u0022https:\/\/www.google.com\/maps\/dir\/\/1+Rue+de+Lectoure,+68300+Saint-Louis,+France\/@47.5849335,7.5648312,17zu0022 title=u0022Itin\u00e9raire Google Mapsu0022 target=u0022_blanku0022u003E1 Rue de Lectoure, 68300 Saint-Louis, Franceu003C\/au003Eu003C\/pu003E\"}],\n\t\t\t\t\t\t\t\t'map_id': \t\t\t\t\tmap_id,\n\t\t\t\t\t\t\t\t'map_zoom': \t\t\t\t'',\n\t\t\t\t\t\t\t}, function(response){\n\t\t\t\t\t\t\t\tresponse = JSON.parse(response);\n\t\t\t\t\t\t\t\tvar map_render = response.html;<\/p>\n<p>\t\t\t\t\t\t\t\tmap_container.html(map_render);\n\t\t\t\t\t\t\t\tmap_block.addClass('is-load');\n\t\t\t\t\t\t});\n\t\t\t\t\t}\n\t\t\t\t});\n\t\t\t<\/script><\/p><\/div>\n<\/p><\/div>\n<\/div>\n<\/div>\n<p><!-- \/flzn:zn_gmaps --><br \/>\n<!-- flzn:zn_text --><\/p>\n<div id=\"flzn-text-1\" class=\"zone zn-text\">\n<div class=\"zone-block zn-text-block pdd-top-off alignwide va-top\">\n<div class=\"row mw-content-zone\">\n<div class=\"columns large-12\">\n<div class=\"row large-up-1 with-nice-alignment nbloc-1\">\n<div class=\"column zn-text-col\">\n<div class=\"column-inner\">\n<div class=\"wig-content mw-content\">\n<h2>Transport bis zum Hotel****<\/h2>\n<ul>\n<li>Flugzeug: Unser Hotel liegt in der N\u00e4he des Flughafens Basel-Mulhouse-Freiburg \u2013 EuroAirport (5 Minuten). Wir verf\u00fcgen \u00fcber einen kostenlosen Pendelbus-Service und k\u00f6nnen Sie so am Flughafen abholen oder Sie dort hinbringen. Um mehr zu erfahren, kontaktieren Sie die Rezeption unter +33 3 89 70 93 40.<\/li>\n<li>Bahn: Der Bahnhof von Saint-Louis liegt 2 Minuten Fahrt oder 15 Minuten zu Fuss vom Hotel entfernt.<br \/>\nDer Bahnhof von Basel: Nehmen Sie die Stra\u00dfenbahn 11 vom Bahnhof bis zur Grenze und dort den Bus 604 bis zum Hotel.<\/li>\n<li>Auto: Autobahn A 35 aus Richtung Colmar &#8211; Wenn Sie \u00fcber die Autobahn aus Mulhouse kommen, nehmen Sie die Ausfahrt Saint-Louis\/L\u00f6rrach bis zur Innenstadt von Saint-Louis. Wir stellen Ihnen einen Parkplatz zur Verf\u00fcgung.<\/li>\n<li>Bus 604: Er bringt Sie zur Haltestelle \u201eFerrette\u201c, die nur wenige Meter vom Hotel entfernt ist.<\/li>\n<\/ul>\n<h2>Kostenloser Pendelbus vom EuroAirport und Pauschale Sleep, Park &amp; Fly<\/h2>\n<p>La Villa K bietet Ihnen einen kostenlosen Pendelbusservice an zwischen dem Flughafen EuroAirport und dem Hotel.<\/p>\n<p>Nutzen Sie mit dem Auto unsere <strong>Pauschale \u201ePark\u2019n\u2019Fly\u201c<\/strong>, mit der Sie Ihr Fahrzeug zu vorteilhaften Wochentarifen in der N\u00e4he des Flughafens parken k\u00f6nnen: 32 \u20ac pro Woche (+ 20 \u20ac f\u00fcr jede zus\u00e4tzliche Woche).<\/p>\n<p>Genie\u00dfen Sie eine Nacht in unserem Spa-Hotel und reisen Sie entspannt ab: Wir bringen Sie am n\u00e4chsten Tag zum Flughafen (Service ab 4:30 Uhr verf\u00fcgbar). Ihr Fahrzeug ist w\u00e4hrenddessen gut untergebracht.<\/p>\n<\/p><\/div>\n<\/p><\/div>\n<\/p><\/div>\n<\/p><\/div>\n<\/p><\/div>\n<\/p><\/div>\n<\/div>\n<\/div>\n<p><!-- \/flzn:zn_text --><\/p>\n","protected":false},"excerpt":{"rendered":"<p>La Villa K &#8211; BaselAirport 1 rue de Lectoure 68300 Saint-Louis Tel +33 (0) 03 89 70 93 40 reception@lavillak.com Localiser sur la carte Transport bis zum Hotel**** Flugzeug: Unser [&hellip;]<\/p>\n","protected":false},"author":3,"featured_media":0,"parent":0,"menu_order":55,"comment_status":"closed","ping_status":"closed","template":"","meta":{"_acf_changed":false,"footnotes":""},"class_list":["post-9783","page","type-page","status-publish","hentry","wp-sticky"],"acf":[],"yoast_head":"<!-- This site is optimized with the Yoast SEO plugin v27.4 - https:\/\/yoast.com\/product\/yoast-seo-wordpress\/ -->\n<title>La Villa K | H\u00f4tel 4* Saint-Louis (a\u00e9roport B\u00e2le Mulhouse), prox. B\u00e2le, L\u00f6rrach<\/title>\n<meta name=\"robots\" content=\"index, follow, max-snippet:-1, max-image-preview:large, max-video-preview:-1\" \/>\n<link rel=\"canonical\" href=\"https:\/\/www.lavillak.com\/de\/kontakt-anreise\/\" \/>\n<meta property=\"og:locale\" content=\"de_DE\" \/>\n<meta property=\"og:type\" content=\"article\" \/>\n<meta property=\"og:title\" content=\"La Villa K | H\u00f4tel 4* Saint-Louis (a\u00e9roport B\u00e2le Mulhouse), prox. B\u00e2le, L\u00f6rrach\" \/>\n<meta property=\"og:description\" content=\"La Villa K &#8211; BaselAirport 1 rue de Lectoure 68300 Saint-Louis Tel +33 (0) 03 89 70 93 40 reception@lavillak.com Localiser sur la carte Transport bis zum Hotel**** Flugzeug: Unser [&hellip;]\" \/>\n<meta property=\"og:url\" content=\"https:\/\/www.lavillak.com\/de\/kontakt-anreise\/\" \/>\n<meta property=\"og:site_name\" content=\"La Villa K\" \/>\n<meta property=\"article:publisher\" content=\"https:\/\/www.facebook.com\/lavillak\/\" \/>\n<meta property=\"article:modified_time\" content=\"2021-06-17T13:12:36+00:00\" \/>\n<meta property=\"og:image\" content=\"https:\/\/www.lavillak.com\/wp-inside\/uploads\/2021\/05\/2021-05-27-lavillak-logo-1200-630.jpg\" \/>\n\t<meta property=\"og:image:width\" content=\"1200\" \/>\n\t<meta property=\"og:image:height\" content=\"630\" \/>\n\t<meta property=\"og:image:type\" content=\"image\/jpeg\" \/>\n<meta name=\"twitter:card\" content=\"summary_large_image\" \/>\n<meta name=\"twitter:label1\" content=\"Gesch\u00e4tzte Lesezeit\" \/>\n\t<meta name=\"twitter:data1\" content=\"1\u00a0Minute\" \/>\n<script type=\"application\/ld+json\" class=\"yoast-schema-graph\">{\"@context\":\"https:\\\/\\\/schema.org\",\"@graph\":[{\"@type\":\"WebPage\",\"@id\":\"https:\\\/\\\/www.lavillak.com\\\/de\\\/kontakt-anreise\\\/\",\"url\":\"https:\\\/\\\/www.lavillak.com\\\/de\\\/kontakt-anreise\\\/\",\"name\":\"La Villa K | H\u00f4tel 4* Saint-Louis (a\u00e9roport B\u00e2le Mulhouse), prox. B\u00e2le, L\u00f6rrach\",\"isPartOf\":{\"@id\":\"https:\\\/\\\/www.lavillak.com\\\/de\\\/#website\"},\"datePublished\":\"2021-02-08T08:32:23+00:00\",\"dateModified\":\"2021-06-17T13:12:36+00:00\",\"breadcrumb\":{\"@id\":\"https:\\\/\\\/www.lavillak.com\\\/de\\\/kontakt-anreise\\\/#breadcrumb\"},\"inLanguage\":\"de\",\"potentialAction\":[{\"@type\":\"ReadAction\",\"target\":[\"https:\\\/\\\/www.lavillak.com\\\/de\\\/kontakt-anreise\\\/\"]}]},{\"@type\":\"BreadcrumbList\",\"@id\":\"https:\\\/\\\/www.lavillak.com\\\/de\\\/kontakt-anreise\\\/#breadcrumb\",\"itemListElement\":[{\"@type\":\"ListItem\",\"position\":1,\"name\":\"Home\",\"item\":\"https:\\\/\\\/www.lavillak.com\\\/de\\\/\"},{\"@type\":\"ListItem\",\"position\":2,\"name\":\"Kontakt &#038; Anreise\"}]},{\"@type\":\"WebSite\",\"@id\":\"https:\\\/\\\/www.lavillak.com\\\/de\\\/#website\",\"url\":\"https:\\\/\\\/www.lavillak.com\\\/de\\\/\",\"name\":\"La Villa K\",\"description\":\"H\u00f4tel Spa Restaurant 4 \u00e9toiles\",\"publisher\":{\"@id\":\"https:\\\/\\\/www.lavillak.com\\\/de\\\/#organization\"},\"potentialAction\":[{\"@type\":\"SearchAction\",\"target\":{\"@type\":\"EntryPoint\",\"urlTemplate\":\"https:\\\/\\\/www.lavillak.com\\\/de\\\/?s={search_term_string}\"},\"query-input\":{\"@type\":\"PropertyValueSpecification\",\"valueRequired\":true,\"valueName\":\"search_term_string\"}}],\"inLanguage\":\"de\"},{\"@type\":\"Organization\",\"@id\":\"https:\\\/\\\/www.lavillak.com\\\/de\\\/#organization\",\"name\":\"La Villa K\",\"url\":\"https:\\\/\\\/www.lavillak.com\\\/de\\\/\",\"logo\":{\"@type\":\"ImageObject\",\"inLanguage\":\"de\",\"@id\":\"https:\\\/\\\/www.lavillak.com\\\/de\\\/#\\\/schema\\\/logo\\\/image\\\/\",\"url\":\"https:\\\/\\\/www.lavillak.com\\\/wp-inside\\\/uploads\\\/2021\\\/05\\\/logo-hotel-lavillak-230x144_2x.png\",\"contentUrl\":\"https:\\\/\\\/www.lavillak.com\\\/wp-inside\\\/uploads\\\/2021\\\/05\\\/logo-hotel-lavillak-230x144_2x.png\",\"width\":460,\"height\":288,\"caption\":\"La Villa K\"},\"image\":{\"@id\":\"https:\\\/\\\/www.lavillak.com\\\/de\\\/#\\\/schema\\\/logo\\\/image\\\/\"},\"sameAs\":[\"https:\\\/\\\/www.facebook.com\\\/lavillak\\\/\",\"https:\\\/\\\/www.instagram.com\\\/hotellavillak\\\/\",\"https:\\\/\\\/fr.pinterest.com\\\/hotellavillaket\\\/\"]}]}<\/script>\n<!-- \/ Yoast SEO plugin. -->","yoast_head_json":{"title":"La Villa K | H\u00f4tel 4* Saint-Louis (a\u00e9roport B\u00e2le Mulhouse), prox. B\u00e2le, L\u00f6rrach","robots":{"index":"index","follow":"follow","max-snippet":"max-snippet:-1","max-image-preview":"max-image-preview:large","max-video-preview":"max-video-preview:-1"},"canonical":"https:\/\/www.lavillak.com\/de\/kontakt-anreise\/","og_locale":"de_DE","og_type":"article","og_title":"La Villa K | H\u00f4tel 4* Saint-Louis (a\u00e9roport B\u00e2le Mulhouse), prox. B\u00e2le, L\u00f6rrach","og_description":"La Villa K &#8211; BaselAirport 1 rue de Lectoure 68300 Saint-Louis Tel +33 (0) 03 89 70 93 40 reception@lavillak.com Localiser sur la carte Transport bis zum Hotel**** Flugzeug: Unser [&hellip;]","og_url":"https:\/\/www.lavillak.com\/de\/kontakt-anreise\/","og_site_name":"La Villa K","article_publisher":"https:\/\/www.facebook.com\/lavillak\/","article_modified_time":"2021-06-17T13:12:36+00:00","og_image":[{"width":1200,"height":630,"url":"https:\/\/www.lavillak.com\/wp-inside\/uploads\/2021\/05\/2021-05-27-lavillak-logo-1200-630.jpg","type":"image\/jpeg"}],"twitter_card":"summary_large_image","twitter_misc":{"Gesch\u00e4tzte Lesezeit":"1\u00a0Minute"},"schema":{"@context":"https:\/\/schema.org","@graph":[{"@type":"WebPage","@id":"https:\/\/www.lavillak.com\/de\/kontakt-anreise\/","url":"https:\/\/www.lavillak.com\/de\/kontakt-anreise\/","name":"La Villa K | H\u00f4tel 4* Saint-Louis (a\u00e9roport B\u00e2le Mulhouse), prox. B\u00e2le, L\u00f6rrach","isPartOf":{"@id":"https:\/\/www.lavillak.com\/de\/#website"},"datePublished":"2021-02-08T08:32:23+00:00","dateModified":"2021-06-17T13:12:36+00:00","breadcrumb":{"@id":"https:\/\/www.lavillak.com\/de\/kontakt-anreise\/#breadcrumb"},"inLanguage":"de","potentialAction":[{"@type":"ReadAction","target":["https:\/\/www.lavillak.com\/de\/kontakt-anreise\/"]}]},{"@type":"BreadcrumbList","@id":"https:\/\/www.lavillak.com\/de\/kontakt-anreise\/#breadcrumb","itemListElement":[{"@type":"ListItem","position":1,"name":"Home","item":"https:\/\/www.lavillak.com\/de\/"},{"@type":"ListItem","position":2,"name":"Kontakt &#038; Anreise"}]},{"@type":"WebSite","@id":"https:\/\/www.lavillak.com\/de\/#website","url":"https:\/\/www.lavillak.com\/de\/","name":"La Villa K","description":"H\u00f4tel Spa Restaurant 4 \u00e9toiles","publisher":{"@id":"https:\/\/www.lavillak.com\/de\/#organization"},"potentialAction":[{"@type":"SearchAction","target":{"@type":"EntryPoint","urlTemplate":"https:\/\/www.lavillak.com\/de\/?s={search_term_string}"},"query-input":{"@type":"PropertyValueSpecification","valueRequired":true,"valueName":"search_term_string"}}],"inLanguage":"de"},{"@type":"Organization","@id":"https:\/\/www.lavillak.com\/de\/#organization","name":"La Villa K","url":"https:\/\/www.lavillak.com\/de\/","logo":{"@type":"ImageObject","inLanguage":"de","@id":"https:\/\/www.lavillak.com\/de\/#\/schema\/logo\/image\/","url":"https:\/\/www.lavillak.com\/wp-inside\/uploads\/2021\/05\/logo-hotel-lavillak-230x144_2x.png","contentUrl":"https:\/\/www.lavillak.com\/wp-inside\/uploads\/2021\/05\/logo-hotel-lavillak-230x144_2x.png","width":460,"height":288,"caption":"La Villa K"},"image":{"@id":"https:\/\/www.lavillak.com\/de\/#\/schema\/logo\/image\/"},"sameAs":["https:\/\/www.facebook.com\/lavillak\/","https:\/\/www.instagram.com\/hotellavillak\/","https:\/\/fr.pinterest.com\/hotellavillaket\/"]}]}},"_links":{"self":[{"href":"https:\/\/www.lavillak.com\/de\/wp-json\/wp\/v2\/pages\/9783","targetHints":{"allow":["GET"]}}],"collection":[{"href":"https:\/\/www.lavillak.com\/de\/wp-json\/wp\/v2\/pages"}],"about":[{"href":"https:\/\/www.lavillak.com\/de\/wp-json\/wp\/v2\/types\/page"}],"author":[{"embeddable":true,"href":"https:\/\/www.lavillak.com\/de\/wp-json\/wp\/v2\/users\/3"}],"replies":[{"embeddable":true,"href":"https:\/\/www.lavillak.com\/de\/wp-json\/wp\/v2\/comments?post=9783"}],"version-history":[{"count":5,"href":"https:\/\/www.lavillak.com\/de\/wp-json\/wp\/v2\/pages\/9783\/revisions"}],"predecessor-version":[{"id":16977,"href":"https:\/\/www.lavillak.com\/de\/wp-json\/wp\/v2\/pages\/9783\/revisions\/16977"}],"wp:attachment":[{"href":"https:\/\/www.lavillak.com\/de\/wp-json\/wp\/v2\/media?parent=9783"}],"curies":[{"name":"wp","href":"https:\/\/api.w.org\/{rel}","templated":true}]}}