{"id":9042,"date":"2021-02-08T10:14:22","date_gmt":"2021-02-08T09:14:22","guid":{"rendered":"https:\/\/www.lavillak.com\/la-villa-k\/coffrets-cadeaux\/"},"modified":"2025-12-01T10:32:36","modified_gmt":"2025-12-01T09:32:36","slug":"gift-box","status":"publish","type":"page","link":"https:\/\/www.lavillak.com\/en\/la-villa-k\/gift-box\/","title":{"rendered":"Hotel**** gift packages"},"content":{"rendered":"<p><!-- flzn:zn_pagebanner --><\/p>\n<header id=\"flzn-pagebanner-1\" class=\"zone zn-pagebanner\">\n<div class=\"zone-block zn-pagebanner-block alignfull va-center\"><\/div>\n<\/header>\n<p><!-- \/flzn:zn_pagebanner --><br \/>\n<!-- flzn:zn_text --><\/p>\n<div id=\"flzn-text-1\" class=\"zone zn-text\">\n<div class=\"zone-block zn-text-block pdd-top-off va-top\">\n<div class=\"row mw-content-zone\">\n<div class=\"columns large-12\">\n<div class=\"row large-up-1 with-nice-alignment nbloc-1\">\n<div class=\"column zn-text-col\">\n<div class=\"column-inner\">\n<div class=\"wig-content mw-content\">\n<h2>All occasions are a reason to make someone happy<\/h2>\n<p>For every occasion, a hotel gift card will please your loved ones: Christmas, birthday, wedding anniversary, Valentine\u2019s Day, Mother\u2019s Day, Father\u2019s Day\u2026 or just because you want to make them happy, our gift packages will meet all your needs!<\/p>\n<p>We propose that you offer your loved one a <strong>weekend or a romantic and relaxing stay<\/strong>: a night in the hotel, spa, restaurant\u2026 take advantage of all the services of our four star establishment.<\/p>\n<h2>How to gift a stay in our hotel?<\/h2>\n<p><strong>Two options are available to you:<\/strong><\/p>\n<ul>\n<li>You chose a treatment, package, etc.\u2026 all our offers are available as a gift voucher<\/li>\n<li>You pick the value and leave the choice up to the recipient.<\/li>\n<\/ul>\n<p>Our gift packages are valid for <strong>1 year starting from the purchase date<\/strong>.<\/p>\n<p>We also offer gift boxes containing beauty products from our brand partner\u00a0<strong>Matis<\/strong>.<br \/>\nIndulge yourself\u2026<\/p>\n<\/p><\/div>\n<\/p><\/div>\n<\/p><\/div>\n<\/p><\/div>\n<\/p><\/div>\n<\/p><\/div>\n<\/div>\n<\/div>\n<p><!-- \/flzn:zn_text --><\/p>\n","protected":false},"excerpt":{"rendered":"<p>All occasions are a reason to make someone happy For every occasion, a hotel gift card will please your loved ones: Christmas, birthday, wedding anniversary, Valentine\u2019s Day, Mother\u2019s Day, Father\u2019s [&hellip;]<\/p>\n","protected":false},"author":3,"featured_media":8328,"parent":8715,"menu_order":15,"comment_status":"closed","ping_status":"closed","template":"","meta":{"_acf_changed":false,"footnotes":""},"class_list":["post-9042","page","type-page","status-publish","has-post-thumbnail","hentry","wp-sticky"],"acf":[],"yoast_head":"<!-- This site is optimized with the Yoast SEO plugin v27.4 - https:\/\/yoast.com\/product\/yoast-seo-wordpress\/ -->\n<title>Hotel**** gift packages<\/title>\n<meta name=\"description\" content=\"Envie de faire plaisir ? D\u00e9couvrez les coffrets cadeaux de notre h\u00f4tel spa restaurant 4 \u00e9toiles : weekend tout compris, weekend gourmand, weekend d\u00e9tente (massage et spa).\" \/>\n<meta name=\"robots\" content=\"index, follow, max-snippet:-1, max-image-preview:large, max-video-preview:-1\" \/>\n<link rel=\"canonical\" href=\"https:\/\/www.lavillak.com\/en\/la-villa-k\/gift-box\/\" \/>\n<meta property=\"og:locale\" content=\"en_US\" \/>\n<meta property=\"og:type\" content=\"article\" \/>\n<meta property=\"og:title\" content=\"Hotel**** gift packages\" \/>\n<meta property=\"og:description\" content=\"Envie de faire plaisir ? D\u00e9couvrez les coffrets cadeaux de notre h\u00f4tel spa restaurant 4 \u00e9toiles : weekend tout compris, weekend gourmand, weekend d\u00e9tente (massage et spa).\" \/>\n<meta property=\"og:url\" content=\"https:\/\/www.lavillak.com\/en\/la-villa-k\/gift-box\/\" \/>\n<meta property=\"og:site_name\" content=\"La Villa K\" \/>\n<meta property=\"article:publisher\" content=\"https:\/\/www.facebook.com\/lavillak\/\" \/>\n<meta property=\"article:modified_time\" content=\"2025-12-01T09:32:36+00:00\" \/>\n<meta property=\"og:image\" content=\"https:\/\/www.lavillak.com\/wp-inside\/uploads\/2021\/05\/coffrets-cadeau.jpg\" \/>\n\t<meta property=\"og:image:width\" content=\"1920\" \/>\n\t<meta property=\"og:image:height\" content=\"750\" \/>\n\t<meta property=\"og:image:type\" content=\"image\/jpeg\" \/>\n<meta name=\"twitter:card\" content=\"summary_large_image\" \/>\n<meta name=\"twitter:label1\" content=\"Est. reading time\" \/>\n\t<meta name=\"twitter:data1\" content=\"1 minute\" \/>\n<script type=\"application\/ld+json\" class=\"yoast-schema-graph\">{\"@context\":\"https:\\\/\\\/schema.org\",\"@graph\":[{\"@type\":\"WebPage\",\"@id\":\"https:\\\/\\\/www.lavillak.com\\\/en\\\/la-villa-k\\\/gift-box\\\/\",\"url\":\"https:\\\/\\\/www.lavillak.com\\\/en\\\/la-villa-k\\\/gift-box\\\/\",\"name\":\"Hotel**** gift packages\",\"isPartOf\":{\"@id\":\"https:\\\/\\\/www.lavillak.com\\\/en\\\/#website\"},\"primaryImageOfPage\":{\"@id\":\"https:\\\/\\\/www.lavillak.com\\\/en\\\/la-villa-k\\\/gift-box\\\/#primaryimage\"},\"image\":{\"@id\":\"https:\\\/\\\/www.lavillak.com\\\/en\\\/la-villa-k\\\/gift-box\\\/#primaryimage\"},\"thumbnailUrl\":\"https:\\\/\\\/www.lavillak.com\\\/wp-inside\\\/uploads\\\/2021\\\/05\\\/coffrets-cadeau.jpg\",\"datePublished\":\"2021-02-08T09:14:22+00:00\",\"dateModified\":\"2025-12-01T09:32:36+00:00\",\"description\":\"Envie de faire plaisir ? D\u00e9couvrez les coffrets cadeaux de notre h\u00f4tel spa restaurant 4 \u00e9toiles : weekend tout compris, weekend gourmand, weekend d\u00e9tente (massage et spa).\",\"breadcrumb\":{\"@id\":\"https:\\\/\\\/www.lavillak.com\\\/en\\\/la-villa-k\\\/gift-box\\\/#breadcrumb\"},\"inLanguage\":\"en-US\",\"potentialAction\":[{\"@type\":\"ReadAction\",\"target\":[\"https:\\\/\\\/www.lavillak.com\\\/en\\\/la-villa-k\\\/gift-box\\\/\"]}]},{\"@type\":\"ImageObject\",\"inLanguage\":\"en-US\",\"@id\":\"https:\\\/\\\/www.lavillak.com\\\/en\\\/la-villa-k\\\/gift-box\\\/#primaryimage\",\"url\":\"https:\\\/\\\/www.lavillak.com\\\/wp-inside\\\/uploads\\\/2021\\\/05\\\/coffrets-cadeau.jpg\",\"contentUrl\":\"https:\\\/\\\/www.lavillak.com\\\/wp-inside\\\/uploads\\\/2021\\\/05\\\/coffrets-cadeau.jpg\",\"width\":1920,\"height\":750,\"caption\":\"Coffrets cadeaux\"},{\"@type\":\"BreadcrumbList\",\"@id\":\"https:\\\/\\\/www.lavillak.com\\\/en\\\/la-villa-k\\\/gift-box\\\/#breadcrumb\",\"itemListElement\":[{\"@type\":\"ListItem\",\"position\":1,\"name\":\"Home\",\"item\":\"https:\\\/\\\/www.lavillak.com\\\/en\\\/\"},{\"@type\":\"ListItem\",\"position\":2,\"name\":\"La Villa K\",\"item\":\"https:\\\/\\\/www.lavillak.com\\\/en\\\/la-villa-k\\\/\"},{\"@type\":\"ListItem\",\"position\":3,\"name\":\"Hotel**** gift packages\"}]},{\"@type\":\"WebSite\",\"@id\":\"https:\\\/\\\/www.lavillak.com\\\/en\\\/#website\",\"url\":\"https:\\\/\\\/www.lavillak.com\\\/en\\\/\",\"name\":\"La Villa K\",\"description\":\"H\u00f4tel Spa Restaurant 4 \u00e9toiles\",\"publisher\":{\"@id\":\"https:\\\/\\\/www.lavillak.com\\\/en\\\/#organization\"},\"potentialAction\":[{\"@type\":\"SearchAction\",\"target\":{\"@type\":\"EntryPoint\",\"urlTemplate\":\"https:\\\/\\\/www.lavillak.com\\\/en\\\/?s={search_term_string}\"},\"query-input\":{\"@type\":\"PropertyValueSpecification\",\"valueRequired\":true,\"valueName\":\"search_term_string\"}}],\"inLanguage\":\"en-US\"},{\"@type\":\"Organization\",\"@id\":\"https:\\\/\\\/www.lavillak.com\\\/en\\\/#organization\",\"name\":\"La Villa K\",\"url\":\"https:\\\/\\\/www.lavillak.com\\\/en\\\/\",\"logo\":{\"@type\":\"ImageObject\",\"inLanguage\":\"en-US\",\"@id\":\"https:\\\/\\\/www.lavillak.com\\\/en\\\/#\\\/schema\\\/logo\\\/image\\\/\",\"url\":\"https:\\\/\\\/www.lavillak.com\\\/wp-inside\\\/uploads\\\/2021\\\/05\\\/logo-hotel-lavillak-230x144_2x.png\",\"contentUrl\":\"https:\\\/\\\/www.lavillak.com\\\/wp-inside\\\/uploads\\\/2021\\\/05\\\/logo-hotel-lavillak-230x144_2x.png\",\"width\":460,\"height\":288,\"caption\":\"La Villa K\"},\"image\":{\"@id\":\"https:\\\/\\\/www.lavillak.com\\\/en\\\/#\\\/schema\\\/logo\\\/image\\\/\"},\"sameAs\":[\"https:\\\/\\\/www.facebook.com\\\/lavillak\\\/\",\"https:\\\/\\\/www.instagram.com\\\/hotellavillak\\\/\",\"https:\\\/\\\/fr.pinterest.com\\\/hotellavillaket\\\/\"]}]}<\/script>\n<!-- \/ Yoast SEO plugin. -->","yoast_head_json":{"title":"Hotel**** gift packages","description":"Envie de faire plaisir ? D\u00e9couvrez les coffrets cadeaux de notre h\u00f4tel spa restaurant 4 \u00e9toiles : weekend tout compris, weekend gourmand, weekend d\u00e9tente (massage et spa).","robots":{"index":"index","follow":"follow","max-snippet":"max-snippet:-1","max-image-preview":"max-image-preview:large","max-video-preview":"max-video-preview:-1"},"canonical":"https:\/\/www.lavillak.com\/en\/la-villa-k\/gift-box\/","og_locale":"en_US","og_type":"article","og_title":"Hotel**** gift packages","og_description":"Envie de faire plaisir ? D\u00e9couvrez les coffrets cadeaux de notre h\u00f4tel spa restaurant 4 \u00e9toiles : weekend tout compris, weekend gourmand, weekend d\u00e9tente (massage et spa).","og_url":"https:\/\/www.lavillak.com\/en\/la-villa-k\/gift-box\/","og_site_name":"La Villa K","article_publisher":"https:\/\/www.facebook.com\/lavillak\/","article_modified_time":"2025-12-01T09:32:36+00:00","og_image":[{"width":1920,"height":750,"url":"https:\/\/www.lavillak.com\/wp-inside\/uploads\/2021\/05\/coffrets-cadeau.jpg","type":"image\/jpeg"}],"twitter_card":"summary_large_image","twitter_misc":{"Est. reading time":"1 minute"},"schema":{"@context":"https:\/\/schema.org","@graph":[{"@type":"WebPage","@id":"https:\/\/www.lavillak.com\/en\/la-villa-k\/gift-box\/","url":"https:\/\/www.lavillak.com\/en\/la-villa-k\/gift-box\/","name":"Hotel**** gift packages","isPartOf":{"@id":"https:\/\/www.lavillak.com\/en\/#website"},"primaryImageOfPage":{"@id":"https:\/\/www.lavillak.com\/en\/la-villa-k\/gift-box\/#primaryimage"},"image":{"@id":"https:\/\/www.lavillak.com\/en\/la-villa-k\/gift-box\/#primaryimage"},"thumbnailUrl":"https:\/\/www.lavillak.com\/wp-inside\/uploads\/2021\/05\/coffrets-cadeau.jpg","datePublished":"2021-02-08T09:14:22+00:00","dateModified":"2025-12-01T09:32:36+00:00","description":"Envie de faire plaisir ? D\u00e9couvrez les coffrets cadeaux de notre h\u00f4tel spa restaurant 4 \u00e9toiles : weekend tout compris, weekend gourmand, weekend d\u00e9tente (massage et spa).","breadcrumb":{"@id":"https:\/\/www.lavillak.com\/en\/la-villa-k\/gift-box\/#breadcrumb"},"inLanguage":"en-US","potentialAction":[{"@type":"ReadAction","target":["https:\/\/www.lavillak.com\/en\/la-villa-k\/gift-box\/"]}]},{"@type":"ImageObject","inLanguage":"en-US","@id":"https:\/\/www.lavillak.com\/en\/la-villa-k\/gift-box\/#primaryimage","url":"https:\/\/www.lavillak.com\/wp-inside\/uploads\/2021\/05\/coffrets-cadeau.jpg","contentUrl":"https:\/\/www.lavillak.com\/wp-inside\/uploads\/2021\/05\/coffrets-cadeau.jpg","width":1920,"height":750,"caption":"Coffrets cadeaux"},{"@type":"BreadcrumbList","@id":"https:\/\/www.lavillak.com\/en\/la-villa-k\/gift-box\/#breadcrumb","itemListElement":[{"@type":"ListItem","position":1,"name":"Home","item":"https:\/\/www.lavillak.com\/en\/"},{"@type":"ListItem","position":2,"name":"La Villa K","item":"https:\/\/www.lavillak.com\/en\/la-villa-k\/"},{"@type":"ListItem","position":3,"name":"Hotel**** gift packages"}]},{"@type":"WebSite","@id":"https:\/\/www.lavillak.com\/en\/#website","url":"https:\/\/www.lavillak.com\/en\/","name":"La Villa K","description":"H\u00f4tel Spa Restaurant 4 \u00e9toiles","publisher":{"@id":"https:\/\/www.lavillak.com\/en\/#organization"},"potentialAction":[{"@type":"SearchAction","target":{"@type":"EntryPoint","urlTemplate":"https:\/\/www.lavillak.com\/en\/?s={search_term_string}"},"query-input":{"@type":"PropertyValueSpecification","valueRequired":true,"valueName":"search_term_string"}}],"inLanguage":"en-US"},{"@type":"Organization","@id":"https:\/\/www.lavillak.com\/en\/#organization","name":"La Villa K","url":"https:\/\/www.lavillak.com\/en\/","logo":{"@type":"ImageObject","inLanguage":"en-US","@id":"https:\/\/www.lavillak.com\/en\/#\/schema\/logo\/image\/","url":"https:\/\/www.lavillak.com\/wp-inside\/uploads\/2021\/05\/logo-hotel-lavillak-230x144_2x.png","contentUrl":"https:\/\/www.lavillak.com\/wp-inside\/uploads\/2021\/05\/logo-hotel-lavillak-230x144_2x.png","width":460,"height":288,"caption":"La Villa K"},"image":{"@id":"https:\/\/www.lavillak.com\/en\/#\/schema\/logo\/image\/"},"sameAs":["https:\/\/www.facebook.com\/lavillak\/","https:\/\/www.instagram.com\/hotellavillak\/","https:\/\/fr.pinterest.com\/hotellavillaket\/"]}]}},"_links":{"self":[{"href":"https:\/\/www.lavillak.com\/en\/wp-json\/wp\/v2\/pages\/9042","targetHints":{"allow":["GET"]}}],"collection":[{"href":"https:\/\/www.lavillak.com\/en\/wp-json\/wp\/v2\/pages"}],"about":[{"href":"https:\/\/www.lavillak.com\/en\/wp-json\/wp\/v2\/types\/page"}],"author":[{"embeddable":true,"href":"https:\/\/www.lavillak.com\/en\/wp-json\/wp\/v2\/users\/3"}],"replies":[{"embeddable":true,"href":"https:\/\/www.lavillak.com\/en\/wp-json\/wp\/v2\/comments?post=9042"}],"version-history":[{"count":5,"href":"https:\/\/www.lavillak.com\/en\/wp-json\/wp\/v2\/pages\/9042\/revisions"}],"predecessor-version":[{"id":30253,"href":"https:\/\/www.lavillak.com\/en\/wp-json\/wp\/v2\/pages\/9042\/revisions\/30253"}],"up":[{"embeddable":true,"href":"https:\/\/www.lavillak.com\/en\/wp-json\/wp\/v2\/pages\/8715"}],"wp:featuredmedia":[{"embeddable":true,"href":"https:\/\/www.lavillak.com\/en\/wp-json\/wp\/v2\/media\/8328"}],"wp:attachment":[{"href":"https:\/\/www.lavillak.com\/en\/wp-json\/wp\/v2\/media?parent=9042"}],"curies":[{"name":"wp","href":"https:\/\/api.w.org\/{rel}","templated":true}]}}