{"id":9667,"date":"2021-02-08T09:31:43","date_gmt":"2021-02-08T08:31:43","guid":{"rendered":"https:\/\/www.lavillak.com\/recrutement\/"},"modified":"2021-05-26T09:32:33","modified_gmt":"2021-05-26T07:32:33","slug":"recruitment","status":"publish","type":"page","link":"https:\/\/www.lavillak.com\/en\/recruitment\/","title":{"rendered":"Recruitment"},"content":{"rendered":"<p><!-- flzn:zn_pagebanner --><\/p>\n<header id=\"flzn-pagebanner-1\" class=\"zone zn-pagebanner\">\n<div class=\"zone-block zn-pagebanner-block alignfull va-center\"><\/div>\n<\/header>\n<p><!-- \/flzn:zn_pagebanner --><br \/>\n<!-- flzn:zn_text --><\/p>\n<div id=\"flzn-text-1\" class=\"zone zn-text\">\n<div class=\"zone-block zn-text-block alignwide va-top\">\n<div class=\"row mw-content-zone\">\n<div class=\"columns large-12\">\n<div class=\"zn-text-titlebox\">\n<h2 class=\"zone-title zn-text-title\">\n\t\t\t\t\t\tPosition openings\t\t\t\t\t<\/h2>\n<\/p><\/div>\n<div class=\"row large-up-1 with-nice-alignment nbloc-1\">\n<div class=\"column zn-text-col\">\n<div class=\"column-inner\">\n<div class=\"wig-content mw-content\">\n<table id=\"tablepress-4\" class=\"tablepress tablepress-id-4\">\n<thead>\n<tr class=\"row-1 odd\">\n<th class=\"column-1\">Hotel<\/th>\n<th class=\"column-2\">Restaurant<\/th>\n<th class=\"column-3\">Spa<\/th>\n<\/tr>\n<\/thead>\n<tbody class=\"row-hover\">\n<tr class=\"row-2 even\">\n<td class=\"column-1\">Receptionist<br \/>\nEnglish an German speaking<\/td>\n<td class=\"column-2\">waiters<\/td>\n<td class=\"column-3\">No offers for the moment.<\/td>\n<\/tr>\n<\/tbody>\n<\/table><\/div>\n<\/p><\/div>\n<\/p><\/div>\n<\/p><\/div>\n<\/p><\/div>\n<\/p><\/div>\n<\/div>\n<\/div>\n<p><!-- \/flzn:zn_text --><br \/>\n<!-- flzn:zn_text --><\/p>\n<div id=\"flzn-text-2\" class=\"zone zn-text\">\n<div class=\"zone-block zn-text-block alignwide va-top\">\n<div class=\"row mw-content-zone\">\n<div class=\"columns large-12\">\n<div class=\"zn-text-titlebox\">\n<h2 class=\"zone-title zn-text-title\">\n\t\t\t\t\t\tSubmit your application\t\t\t\t\t<\/h2>\n<\/p><\/div>\n<div class=\"row large-up-1 with-nice-alignment nbloc-1\">\n<div class=\"column zn-text-col\">\n<div class=\"column-inner\">\n<div class=\"wig-content mw-content\">\n<div role=\"form\" class=\"wpcf7\" id=\"wpcf7-f9675-o1\" lang=\"fr-FR\" dir=\"ltr\">\n<div class=\"screen-reader-response\">\n<p role=\"status\" aria-live=\"polite\" aria-atomic=\"true\">\n<ul><\/ul>\n<\/div>\n<form action=\"\/wp-admin\/post.php#wpcf7-f9675-o1\" method=\"post\" class=\"wpcf7-form init\" enctype=\"multipart\/form-data\" novalidate=\"novalidate\" data-status=\"init\">\n<div style=\"display: none;\">\n<input type=\"hidden\" name=\"_wpcf7\" value=\"9675\" \/><br \/>\n<input type=\"hidden\" name=\"_wpcf7_version\" value=\"5.4.1\" \/><br \/>\n<input type=\"hidden\" name=\"_wpcf7_locale\" value=\"fr_FR\" \/><br \/>\n<input type=\"hidden\" name=\"_wpcf7_unit_tag\" value=\"wpcf7-f9675-o1\" \/><br \/>\n<input type=\"hidden\" name=\"_wpcf7_container_post\" value=\"0\" \/><br \/>\n<input type=\"hidden\" name=\"_wpcf7_posted_data_hash\" value=\"\" \/><br \/>\n<input type=\"hidden\" name=\"_wpcf7_recaptcha_response\" value=\"\" \/>\n<\/div>\n<div class=\"formcontact formsite with-magiclabel\">\n<div class=\"row\">\n<div class=\"columns medium-6\">\n<div class=\"fieldbox\">\n\t\t\t\t<label for=\"nom\" class=\"fieldbox-label\">Name<span class=\"redstar\">*<\/span><\/label><br \/>\n\t\t\t\t<span class=\"wpcf7-form-control-wrap nom\"><input type=\"text\" name=\"nom\" value=\"\" size=\"40\" class=\"wpcf7-form-control wpcf7-text wpcf7-validates-as-required fieldbox-field\" aria-required=\"true\" aria-invalid=\"false\" \/><\/span>\n\t\t\t<\/div>\n<\/p><\/div>\n<div class=\"columns medium-6\">\n<div class=\"fieldbox\">\n\t\t\t\t<label for=\"prenom\" class=\"fieldbox-label\">Last name<span class=\"redstar\">*<\/span><\/label><br \/>\n\t\t\t\t<span class=\"wpcf7-form-control-wrap prenom\"><input type=\"text\" name=\"prenom\" value=\"\" size=\"40\" class=\"wpcf7-form-control wpcf7-text wpcf7-validates-as-required fieldbox-field\" aria-required=\"true\" aria-invalid=\"false\" \/><\/span>\n\t\t\t<\/div>\n<\/p><\/div>\n<\/p><\/div>\n<div class=\"row\">\n<div class=\"columns medium-4\">\n<div class=\"fieldbox\">\n\t\t\t\t<label for=\"telephone\" class=\"fieldbox-label\">Phone<span class=\"redstar\">*<\/span><\/label><br \/>\n\t\t\t\t<span class=\"wpcf7-form-control-wrap telephone\"><input type=\"tel\" name=\"telephone\" value=\"\" size=\"40\" class=\"wpcf7-form-control wpcf7-text wpcf7-tel wpcf7-validates-as-required wpcf7-validates-as-tel fieldbox-field\" aria-required=\"true\" aria-invalid=\"false\" \/><\/span>\n\t\t\t<\/div>\n<\/p><\/div>\n<div class=\"columns medium-8\">\n<div class=\"fieldbox\">\n\t\t\t\t<label for=\"email\" class=\"fieldbox-label\">E-mail<span class=\"redstar\">*<\/span><\/label><br \/>\n\t\t\t\t<span class=\"wpcf7-form-control-wrap email\"><input type=\"email\" name=\"email\" value=\"\" size=\"40\" class=\"wpcf7-form-control wpcf7-text wpcf7-email wpcf7-validates-as-required wpcf7-validates-as-email fieldbox-field\" aria-required=\"true\" aria-invalid=\"false\" \/><\/span>\n\t\t\t<\/div>\n<\/p><\/div>\n<\/p><\/div>\n<fieldset class=\"fieldbox-fieldset\">\n<legend class=\"fieldbox-fieldset-legend\">Are you looking for a job?<\/legend>\n<div class=\"row\">\n<div class=\"columns medium-12\">\n<div class=\"fieldbox fieldbox-radio no-magic horizontal-list\">\n\t\t\t\t\t<span class=\"wpcf7-form-control-wrap job\"><span class=\"wpcf7-form-control wpcf7-radio fieldbox-field\"><span class=\"wpcf7-list-item first\"><label><input type=\"radio\" name=\"job\" value=\"Job\" checked=\"checked\" \/><span class=\"wpcf7-list-item-label\">Job<\/span><\/label><\/span><span class=\"wpcf7-list-item\"><label><input type=\"radio\" name=\"job\" value=\"Internship\" \/><span class=\"wpcf7-list-item-label\">Internship<\/span><\/label><\/span><span class=\"wpcf7-list-item last\"><label><input type=\"radio\" name=\"job\" value=\"Apprenticeship\" \/><span class=\"wpcf7-list-item-label\">Apprenticeship<\/span><\/label><\/span><\/span><\/span>\n\t\t\t\t<\/div>\n<\/p><\/div>\n<\/p><\/div>\n<\/fieldset>\n<div class=\"row\">\n<div class=\"columns large-12\">\n<div class=\"fieldbox is-textarea\">\n\t\t\t\t<label for=\"message\" class=\"fieldbox-label\">Message(please indicate the offer that you are interested in<span class=\"redstar\">*<\/span><\/label><br \/>\n\t\t\t\t<span class=\"wpcf7-form-control-wrap message\"><textarea name=\"message\" cols=\"40\" rows=\"10\" class=\"wpcf7-form-control wpcf7-textarea wpcf7-validates-as-required fieldbox-field\" aria-required=\"true\" aria-invalid=\"false\"><\/textarea><\/span>\n\t\t\t<\/div>\n<\/p><\/div>\n<\/p><\/div>\n<div class=\"row\">\n<div class=\"medium-6 columns\">\n<div class=\"fieldbox is-file no-magic\">\n\t\t\t\t<label for=\"message\" class=\"fieldbox-label\">CV<span class=\"redstar\">*<\/span><\/label><br \/>\n\t\t\t\t<span class=\"wpcf7-form-control-wrap cv\"><input type=\"file\" name=\"cv\" size=\"40\" class=\"wpcf7-form-control wpcf7-file wpcf7-validates-as-required fieldbox-field\" accept=\".doc,.docx,.pdf,.rtf,.jpg,.jpeg,.png\" aria-required=\"true\" aria-invalid=\"false\" \/><\/span>\n\t\t\t<\/div>\n<\/p><\/div>\n<div class=\"medium-6 columns\">\n<div class=\"fieldbox is-file no-magic\">\n\t\t\t\t<label for=\"message\" class=\"fieldbox-label\">Cover letter \/ Internship agreement<span class=\"redstar\">*<\/span><\/label><br \/>\n\t\t\t\t<span class=\"wpcf7-form-control-wrap letter\"><input type=\"file\" name=\"letter\" size=\"40\" class=\"wpcf7-form-control wpcf7-file wpcf7-validates-as-required fieldbox-field\" accept=\".doc,.docx,.pdf,.rtf,.jpg,.jpeg,.png\" aria-required=\"true\" aria-invalid=\"false\" \/><\/span>\n\t\t\t<\/div>\n<\/p><\/div>\n<\/p><\/div>\n<div class=\"row\">\n<div class=\"columns large-12\">\n<div class=\"fieldbox fieldbox-checkbox no-magic\">\n\t\t\t\t<label for=\"rgpd\" class=\"fieldbox-label show-for-sr\">Traitement des donn\u00e9es<span class=\"redstar\">*<\/span><\/label><br \/>\n\t\t\t\t<span class=\"wpcf7-form-control-wrap rgpd\"><span class=\"wpcf7-form-control wpcf7-checkbox wpcf7-validates-as-required fieldbox-field\"><span class=\"wpcf7-list-item first last\"><label><input type=\"checkbox\" name=\"rgpd[]\" value=\"By submitting this form, I accept that the information provided will be used to evaluate my application and to contact me. *\" \/><span class=\"wpcf7-list-item-label\">By submitting this form, I accept that the information provided will be used to evaluate my application and to contact me. *<\/span><\/label><\/span><\/span><\/span>\n\t\t\t<\/div>\n<\/p><\/div>\n<\/p><\/div>\n<div class=\"row\">\n<div class=\"columns large-12\">\n<div class=\"formsite-sepline\"><\/div>\n<div class=\"formsite-legaltxt\">\n<p>Les informations recueillies sur ce formulaire sont enregistr\u00e9es dans un fichier informatis\u00e9 par La Villa K pour la gestion des demandes de contact. Elles sont conserv\u00e9es pendant 12 mois et sont destin\u00e9es uniquement \u00e0 l\u2019\u00e9quipe de La Villa K. Conform\u00e9ment \u00e0 la loi \u00ab informatique et libert\u00e9s \u00bb, vous pouvez exercer votre droit d&#8217;acc\u00e8s aux donn\u00e9es vous concernant et les faire rectifier en contactant La Villa K via ce m\u00eame formulaire ou par courrier postal \u00e0 l&#8217;adresse suivante : La Villa K &#8211; 1 rue de Lectoure &#8211; 68300 Saint-Louis. <a target=\"_blank\" href=\"https:\/\/www.lavillak.com\/mentions-legales\/\" rel=\"noopener\">En savoir plus sur notre politique de protection des donn\u00e9es personnelles<\/a><\/p>\n<p class=\"google-recaptcha-privacy-text\">This site is protected by reCAPTCHA and the Google <a href=\"https:\/\/policies.google.com\/privacy\" target=\"_blank\" rel=\"noopener noreferrer external\">Privacy Policy<\/a> and <a href=\"https:\/\/policies.google.com\/terms\" target=\"_blank\" rel=\"noopener noreferrer external\"> Terms of Service<\/a> apply.<\/p>\n<\/p><\/div>\n<div class=\"formsite-sepline\"><\/div>\n<\/p><\/div>\n<\/p><\/div>\n<div class=\"row\">\n<div class=\"columns medium-12 formsite-submit-col\">\n\t\t\t<span class=\"formsite-txt-info\"><span class=\"redstar\">*<\/span>Mandatory fields<\/span><br \/>\n\t\t\t<span class=\"formsite-submit-box\"><br \/>\n\t\t\t\t<input type=\"submit\" value=\"Envoyer\" class=\"wpcf7-form-control wpcf7-submit button-box\" \/><br \/>\n\t\t\t<\/span>\n\t\t<\/div>\n<\/p><\/div>\n<div class=\"row\">\n<div class=\"columns large-12\">\n<div class=\"formsite-legaltxt\">\n<p>The information collected by this form is stored by La Villa K in a computerized file used for managing unsolicited applications. The data will be stored for 12 months and is intended only for use by the La Villa K team. In accordance with the French \u201cData Protection\u201d law, you can exercise your right to access your personal data and have it modified by contacting La Villa K via the <a href=\"https:\/\/www.lavillak.com\/en\/contact-access\/\" target=\"_blank\" rel=\"noopener\">contact form<\/a> or by postal mail at the following address: La Villa K &#8211; 1 rue de Lectoure &#8211; 68300 Saint-Louis. <a target=\"_blank\" href=\"https:\/\/www.lavillak.com\/mentions-legales\/\" rel=\"noopener\">En savoir plus sur notre politique de protection des donn\u00e9es personnelles<\/a><\/p>\n<\/p><\/div>\n<\/p><\/div>\n<\/p><\/div>\n<\/div>\n<div class=\"wpcf7-response-output\" aria-hidden=\"true\"><\/div>\n<\/form>\n<\/div><\/div>\n<\/p><\/div>\n<\/p><\/div>\n<\/p><\/div>\n<\/p><\/div>\n<\/p><\/div>\n<\/div>\n<\/div>\n<p><!-- \/flzn:zn_text --><\/p>\n","protected":false},"excerpt":{"rendered":"<p>Position openings Hotel Restaurant Spa Receptionist English an German speaking waiters No offers for the moment. Submit your application Name* Last name* Phone* E-mail* Are you looking for a job? [&hellip;]<\/p>\n","protected":false},"author":3,"featured_media":0,"parent":0,"menu_order":50,"comment_status":"closed","ping_status":"closed","template":"","meta":{"_acf_changed":false,"footnotes":""},"class_list":["post-9667","page","type-page","status-publish","hentry","wp-sticky"],"acf":[],"yoast_head":"<!-- This site is optimized with the Yoast SEO plugin v27.5 - https:\/\/yoast.com\/product\/yoast-seo-wordpress\/ -->\n<title>Offres d&#039;emploi H\u00f4tel-Restaurant Saint-Louis Haut-Rhin<\/title>\n<meta name=\"robots\" content=\"index, follow, max-snippet:-1, max-image-preview:large, max-video-preview:-1\" \/>\n<link rel=\"canonical\" href=\"https:\/\/www.lavillak.com\/en\/recruitment\/\" \/>\n<meta property=\"og:locale\" content=\"en_US\" \/>\n<meta property=\"og:type\" content=\"article\" \/>\n<meta property=\"og:title\" content=\"Offres d&#039;emploi H\u00f4tel-Restaurant Saint-Louis Haut-Rhin\" \/>\n<meta property=\"og:description\" content=\"Position openings Hotel Restaurant Spa Receptionist English an German speaking waiters No offers for the moment. Submit your application Name* Last name* Phone* E-mail* Are you looking for a job? [&hellip;]\" \/>\n<meta property=\"og:url\" content=\"https:\/\/www.lavillak.com\/en\/recruitment\/\" \/>\n<meta property=\"og:site_name\" content=\"La Villa K\" \/>\n<meta property=\"article:publisher\" content=\"https:\/\/www.facebook.com\/lavillak\/\" \/>\n<meta property=\"article:modified_time\" content=\"2021-05-26T07:32:33+00:00\" \/>\n<meta property=\"og:image\" content=\"https:\/\/www.lavillak.com\/wp-inside\/uploads\/2021\/05\/2021-05-27-lavillak-logo-1200-630.jpg\" \/>\n\t<meta property=\"og:image:width\" content=\"1200\" \/>\n\t<meta property=\"og:image:height\" content=\"630\" \/>\n\t<meta property=\"og:image:type\" content=\"image\/jpeg\" \/>\n<meta name=\"twitter:card\" content=\"summary_large_image\" \/>\n<meta name=\"twitter:label1\" content=\"Est. reading time\" \/>\n\t<meta name=\"twitter:data1\" content=\"1 minute\" \/>\n<script type=\"application\/ld+json\" class=\"yoast-schema-graph\">{\"@context\":\"https:\\\/\\\/schema.org\",\"@graph\":[{\"@type\":\"WebPage\",\"@id\":\"https:\\\/\\\/www.lavillak.com\\\/en\\\/recruitment\\\/\",\"url\":\"https:\\\/\\\/www.lavillak.com\\\/en\\\/recruitment\\\/\",\"name\":\"Offres d'emploi H\u00f4tel-Restaurant Saint-Louis Haut-Rhin\",\"isPartOf\":{\"@id\":\"https:\\\/\\\/www.lavillak.com\\\/en\\\/#website\"},\"datePublished\":\"2021-02-08T08:31:43+00:00\",\"dateModified\":\"2021-05-26T07:32:33+00:00\",\"breadcrumb\":{\"@id\":\"https:\\\/\\\/www.lavillak.com\\\/en\\\/recruitment\\\/#breadcrumb\"},\"inLanguage\":\"en-US\",\"potentialAction\":[{\"@type\":\"ReadAction\",\"target\":[\"https:\\\/\\\/www.lavillak.com\\\/en\\\/recruitment\\\/\"]}]},{\"@type\":\"BreadcrumbList\",\"@id\":\"https:\\\/\\\/www.lavillak.com\\\/en\\\/recruitment\\\/#breadcrumb\",\"itemListElement\":[{\"@type\":\"ListItem\",\"position\":1,\"name\":\"Home\",\"item\":\"https:\\\/\\\/www.lavillak.com\\\/en\\\/\"},{\"@type\":\"ListItem\",\"position\":2,\"name\":\"Recruitment\"}]},{\"@type\":\"WebSite\",\"@id\":\"https:\\\/\\\/www.lavillak.com\\\/en\\\/#website\",\"url\":\"https:\\\/\\\/www.lavillak.com\\\/en\\\/\",\"name\":\"La Villa K\",\"description\":\"H\u00f4tel Spa Restaurant 4 \u00e9toiles\",\"publisher\":{\"@id\":\"https:\\\/\\\/www.lavillak.com\\\/en\\\/#organization\"},\"potentialAction\":[{\"@type\":\"SearchAction\",\"target\":{\"@type\":\"EntryPoint\",\"urlTemplate\":\"https:\\\/\\\/www.lavillak.com\\\/en\\\/?s={search_term_string}\"},\"query-input\":{\"@type\":\"PropertyValueSpecification\",\"valueRequired\":true,\"valueName\":\"search_term_string\"}}],\"inLanguage\":\"en-US\"},{\"@type\":\"Organization\",\"@id\":\"https:\\\/\\\/www.lavillak.com\\\/en\\\/#organization\",\"name\":\"La Villa K\",\"url\":\"https:\\\/\\\/www.lavillak.com\\\/en\\\/\",\"logo\":{\"@type\":\"ImageObject\",\"inLanguage\":\"en-US\",\"@id\":\"https:\\\/\\\/www.lavillak.com\\\/en\\\/#\\\/schema\\\/logo\\\/image\\\/\",\"url\":\"https:\\\/\\\/www.lavillak.com\\\/wp-inside\\\/uploads\\\/2021\\\/05\\\/logo-hotel-lavillak-230x144_2x.png\",\"contentUrl\":\"https:\\\/\\\/www.lavillak.com\\\/wp-inside\\\/uploads\\\/2021\\\/05\\\/logo-hotel-lavillak-230x144_2x.png\",\"width\":460,\"height\":288,\"caption\":\"La Villa K\"},\"image\":{\"@id\":\"https:\\\/\\\/www.lavillak.com\\\/en\\\/#\\\/schema\\\/logo\\\/image\\\/\"},\"sameAs\":[\"https:\\\/\\\/www.facebook.com\\\/lavillak\\\/\",\"https:\\\/\\\/www.instagram.com\\\/hotellavillak\\\/\",\"https:\\\/\\\/fr.pinterest.com\\\/hotellavillaket\\\/\"]}]}<\/script>\n<!-- \/ Yoast SEO plugin. -->","yoast_head_json":{"title":"Offres d'emploi H\u00f4tel-Restaurant Saint-Louis Haut-Rhin","robots":{"index":"index","follow":"follow","max-snippet":"max-snippet:-1","max-image-preview":"max-image-preview:large","max-video-preview":"max-video-preview:-1"},"canonical":"https:\/\/www.lavillak.com\/en\/recruitment\/","og_locale":"en_US","og_type":"article","og_title":"Offres d'emploi H\u00f4tel-Restaurant Saint-Louis Haut-Rhin","og_description":"Position openings Hotel Restaurant Spa Receptionist English an German speaking waiters No offers for the moment. Submit your application Name* Last name* Phone* E-mail* Are you looking for a job? [&hellip;]","og_url":"https:\/\/www.lavillak.com\/en\/recruitment\/","og_site_name":"La Villa K","article_publisher":"https:\/\/www.facebook.com\/lavillak\/","article_modified_time":"2021-05-26T07:32:33+00:00","og_image":[{"width":1200,"height":630,"url":"https:\/\/www.lavillak.com\/wp-inside\/uploads\/2021\/05\/2021-05-27-lavillak-logo-1200-630.jpg","type":"image\/jpeg"}],"twitter_card":"summary_large_image","twitter_misc":{"Est. reading time":"1 minute"},"schema":{"@context":"https:\/\/schema.org","@graph":[{"@type":"WebPage","@id":"https:\/\/www.lavillak.com\/en\/recruitment\/","url":"https:\/\/www.lavillak.com\/en\/recruitment\/","name":"Offres d'emploi H\u00f4tel-Restaurant Saint-Louis Haut-Rhin","isPartOf":{"@id":"https:\/\/www.lavillak.com\/en\/#website"},"datePublished":"2021-02-08T08:31:43+00:00","dateModified":"2021-05-26T07:32:33+00:00","breadcrumb":{"@id":"https:\/\/www.lavillak.com\/en\/recruitment\/#breadcrumb"},"inLanguage":"en-US","potentialAction":[{"@type":"ReadAction","target":["https:\/\/www.lavillak.com\/en\/recruitment\/"]}]},{"@type":"BreadcrumbList","@id":"https:\/\/www.lavillak.com\/en\/recruitment\/#breadcrumb","itemListElement":[{"@type":"ListItem","position":1,"name":"Home","item":"https:\/\/www.lavillak.com\/en\/"},{"@type":"ListItem","position":2,"name":"Recruitment"}]},{"@type":"WebSite","@id":"https:\/\/www.lavillak.com\/en\/#website","url":"https:\/\/www.lavillak.com\/en\/","name":"La Villa K","description":"H\u00f4tel Spa Restaurant 4 \u00e9toiles","publisher":{"@id":"https:\/\/www.lavillak.com\/en\/#organization"},"potentialAction":[{"@type":"SearchAction","target":{"@type":"EntryPoint","urlTemplate":"https:\/\/www.lavillak.com\/en\/?s={search_term_string}"},"query-input":{"@type":"PropertyValueSpecification","valueRequired":true,"valueName":"search_term_string"}}],"inLanguage":"en-US"},{"@type":"Organization","@id":"https:\/\/www.lavillak.com\/en\/#organization","name":"La Villa K","url":"https:\/\/www.lavillak.com\/en\/","logo":{"@type":"ImageObject","inLanguage":"en-US","@id":"https:\/\/www.lavillak.com\/en\/#\/schema\/logo\/image\/","url":"https:\/\/www.lavillak.com\/wp-inside\/uploads\/2021\/05\/logo-hotel-lavillak-230x144_2x.png","contentUrl":"https:\/\/www.lavillak.com\/wp-inside\/uploads\/2021\/05\/logo-hotel-lavillak-230x144_2x.png","width":460,"height":288,"caption":"La Villa K"},"image":{"@id":"https:\/\/www.lavillak.com\/en\/#\/schema\/logo\/image\/"},"sameAs":["https:\/\/www.facebook.com\/lavillak\/","https:\/\/www.instagram.com\/hotellavillak\/","https:\/\/fr.pinterest.com\/hotellavillaket\/"]}]}},"_links":{"self":[{"href":"https:\/\/www.lavillak.com\/en\/wp-json\/wp\/v2\/pages\/9667","targetHints":{"allow":["GET"]}}],"collection":[{"href":"https:\/\/www.lavillak.com\/en\/wp-json\/wp\/v2\/pages"}],"about":[{"href":"https:\/\/www.lavillak.com\/en\/wp-json\/wp\/v2\/types\/page"}],"author":[{"embeddable":true,"href":"https:\/\/www.lavillak.com\/en\/wp-json\/wp\/v2\/users\/3"}],"replies":[{"embeddable":true,"href":"https:\/\/www.lavillak.com\/en\/wp-json\/wp\/v2\/comments?post=9667"}],"version-history":[{"count":4,"href":"https:\/\/www.lavillak.com\/en\/wp-json\/wp\/v2\/pages\/9667\/revisions"}],"predecessor-version":[{"id":10149,"href":"https:\/\/www.lavillak.com\/en\/wp-json\/wp\/v2\/pages\/9667\/revisions\/10149"}],"wp:attachment":[{"href":"https:\/\/www.lavillak.com\/en\/wp-json\/wp\/v2\/media?parent=9667"}],"curies":[{"name":"wp","href":"https:\/\/api.w.org\/{rel}","templated":true}]}}