{"id":9780,"date":"2021-02-08T09:32:23","date_gmt":"2021-02-08T08:32:23","guid":{"rendered":"https:\/\/www.lavillak.com\/contact\/"},"modified":"2023-11-07T11:36:20","modified_gmt":"2023-11-07T10:36:20","slug":"contact-access","status":"publish","type":"page","link":"https:\/\/www.lavillak.com\/en\/contact-access\/","title":{"rendered":"Contact &#038; access"},"content":{"rendered":"<p><!-- flzn:zn_pagebanner --><\/p>\n<header id=\"flzn-pagebanner-1\" class=\"zone zn-pagebanner\">\n<div class=\"zone-block zn-pagebanner-block alignfull va-center\"><\/div>\n<\/header>\n<p><!-- \/flzn:zn_pagebanner --><br \/>\n<!-- flzn:zn_gmaps --><\/p>\n<div id=\"flzn-gmaps-1\" class=\"zone zn-gmaps\">\n<div class=\"zone-block zn-gmaps-block alignwide va-top\">\n<div class=\"row\">\n<div class=\"columns large-12\">\n<div class=\"zn-gmaps-descbox\">\n<div class=\"wig-content mw-content zn-gmaps-desc\">\n<p style=\"text-align: center;\"><strong>La Villa K &#8211; BaselAirport<br \/>\n<\/strong>1 rue de Lectoure<br \/>\n68300 Saint-Louis<br \/>\nTel <a class=\"-badge\" title=\"Call us\" href=\"tel:+33389709340\" data-hidenum=\"Call us\">+33 (0) 03 89 70 93 40<\/a><br \/>\n<a href=\"mailto:reception@lavillak.com\">reception@lavillak.com<\/a><\/p>\n<\/p><\/div>\n<\/p><\/div>\n<div class=\"mapblock googlemaps-gmaps-flzn-gmaps-1\">\n<div class=\"mapblock-wait\">\n\t\t\t\t\t<button class=\"button secondary mapblock-loadbtn with-ico\" data-skp-load-gmap=\"gmaps-flzn-gmaps-1\"><i class=\"skf-location\"><\/i>Localiser sur la carte<\/button>\n\t\t\t\t<\/div>\n<div class=\"mapblock-gmap\"><\/div>\n<\/p><\/div>\n<p>\t\t\t<script type=\"text\/javascript\">\n\t\t\t\tjQuery('[data-skp-load-gmap]').click(function() {\n\t\t\t\t\tvar map_id = jQuery(this).attr('data-skp-load-gmap');\n\t\t\t\t\tvar map_block = jQuery('.mapblock.googlemaps-' + map_id);\n\t\t\t\t\tvar map_is_load = map_block.hasClass('is-load');\n\t\t\t\t\tvar map_container = map_block.find('.mapblock-gmap');<\/p>\n<p>\t\t\t\t\tif( !map_is_load ) {\n\t\t\t\t\t\tjQuery.post(skp.ajax_url, {\n\t\t\t\t\t\t\t\t'action': \t\t\t\t\t'skp_ajax_load_google_maps',\n\t\t\t\t\t\t\t\t'map_points': \t\t\t[{\"name\":\"H\u00f4tel La Villa K\",\"type\":\"\",\"lat\":47.5849335,\"lng\":7.564831199999999,\"infowindow\":\"u003Ch3u003EH\u00f4tel La Villa Ku003C\/h3u003Eu003Cpu003Eu003Ca href=u0022https:\/\/www.google.com\/maps\/dir\/\/1+Rue+de+Lectoure,+68300+Saint-Louis,+France\/@47.5849335,7.5648312,17zu0022 title=u0022Itin\u00e9raire Google Mapsu0022 target=u0022_blanku0022u003E1 Rue de Lectoure, 68300 Saint-Louis, Franceu003C\/au003Eu003C\/pu003E\"}],\n\t\t\t\t\t\t\t\t'map_id': \t\t\t\t\tmap_id,\n\t\t\t\t\t\t\t\t'map_zoom': \t\t\t\t'',\n\t\t\t\t\t\t\t}, function(response){\n\t\t\t\t\t\t\t\tresponse = JSON.parse(response);\n\t\t\t\t\t\t\t\tvar map_render = response.html;<\/p>\n<p>\t\t\t\t\t\t\t\tmap_container.html(map_render);\n\t\t\t\t\t\t\t\tmap_block.addClass('is-load');\n\t\t\t\t\t\t});\n\t\t\t\t\t}\n\t\t\t\t});\n\t\t\t<\/script><\/p><\/div>\n<\/p><\/div>\n<\/div>\n<\/div>\n<p><!-- \/flzn:zn_gmaps --><br \/>\n<!-- flzn:zn_text --><\/p>\n<div id=\"flzn-text-1\" class=\"zone zn-text\">\n<div class=\"zone-block zn-text-block pdd-top-off alignwide va-top\">\n<div class=\"row mw-content-zone\">\n<div class=\"columns large-12\">\n<div class=\"row large-up-1 with-nice-alignment nbloc-1\">\n<div class=\"column zn-text-col\">\n<div class=\"column-inner\">\n<div class=\"wig-content mw-content\">\n<h2>Transport to the hotel****<\/h2>\n<ul>\n<li>Plane: our hotel is located near the Basel-Mulhouse-Fribourg EuroAirport (5 minutes). We offer a <strong>free shuttle<\/strong> service and can pick you up from, or drop you off to, the airport. For more information, contact reception at +33 3 89 70 93 40.<\/li>\n<li>Train: the Saint-Louis station is 2 minutes by car, and a 15-minute walk, from the hotel.<br \/>\nThe Basel station: take tram 11 from the station until the border, and then bus 604 until the hotel.<\/li>\n<li>Car: A35 motorway from Colmar \u2013 When coming by motorway from Mulhouse, take the Saint-Louis\/L\u00f6rrach exit until you reach the Saint-Louis city centre. We have a parking lot available.<\/li>\n<li>Bus 604: it drops you off at the \u201cFerrette\u201d stop a few metres from the hotel.<\/li>\n<\/ul>\n<h2>Free EuroAirport shuttle and Sleep, Park &amp; Fly package<\/h2>\n<p>La Villa K offers a free shuttle service from the EuroAirport to the hotel.<\/p>\n<p>By car, take advantage of our <strong>\u201cPark\u2019n\u2019Fly\u201d package<\/strong> which enables you to park your car close to the airport while benefitting from the advantageous weekly rates: 32\u20ac per week (+20\u20ac per additional week).<\/p>\n<p>Enjoy a night in our spa hotel and leave with peace of mind: we drop you off at the airport the next day (service available from 4:30am). You vehicle will be well looked after.<\/p>\n<\/p><\/div>\n<\/p><\/div>\n<\/p><\/div>\n<\/p><\/div>\n<\/p><\/div>\n<\/p><\/div>\n<\/div>\n<\/div>\n<p><!-- \/flzn:zn_text --><\/p>\n","protected":false},"excerpt":{"rendered":"<p>La Villa K &#8211; BaselAirport 1 rue de Lectoure 68300 Saint-Louis Tel +33 (0) 03 89 70 93 40 reception@lavillak.com Localiser sur la carte Transport to the hotel**** Plane: our [&hellip;]<\/p>\n","protected":false},"author":3,"featured_media":0,"parent":0,"menu_order":55,"comment_status":"closed","ping_status":"closed","template":"","meta":{"_acf_changed":false,"footnotes":""},"class_list":["post-9780","page","type-page","status-publish","hentry","wp-sticky"],"acf":[],"yoast_head":"<!-- This site is optimized with the Yoast SEO plugin v27.4 - https:\/\/yoast.com\/product\/yoast-seo-wordpress\/ -->\n<title>La Villa K | H\u00f4tel 4* Saint-Louis, prox. B\u00e2le, L\u00f6rrach<\/title>\n<meta name=\"robots\" content=\"index, follow, max-snippet:-1, max-image-preview:large, max-video-preview:-1\" \/>\n<link rel=\"canonical\" href=\"https:\/\/www.lavillak.com\/en\/contact-access\/\" \/>\n<meta property=\"og:locale\" content=\"en_US\" \/>\n<meta property=\"og:type\" content=\"article\" \/>\n<meta property=\"og:title\" content=\"La Villa K | H\u00f4tel 4* Saint-Louis, prox. B\u00e2le, L\u00f6rrach\" \/>\n<meta property=\"og:description\" content=\"La Villa K &#8211; BaselAirport 1 rue de Lectoure 68300 Saint-Louis Tel +33 (0) 03 89 70 93 40 reception@lavillak.com Localiser sur la carte Transport to the hotel**** Plane: our [&hellip;]\" \/>\n<meta property=\"og:url\" content=\"https:\/\/www.lavillak.com\/en\/contact-access\/\" \/>\n<meta property=\"og:site_name\" content=\"La Villa K\" \/>\n<meta property=\"article:publisher\" content=\"https:\/\/www.facebook.com\/lavillak\/\" \/>\n<meta property=\"article:modified_time\" content=\"2023-11-07T10:36:20+00:00\" \/>\n<meta property=\"og:image\" content=\"https:\/\/www.lavillak.com\/wp-inside\/uploads\/2021\/05\/2021-05-27-lavillak-logo-1200-630.jpg\" \/>\n\t<meta property=\"og:image:width\" content=\"1200\" \/>\n\t<meta property=\"og:image:height\" content=\"630\" \/>\n\t<meta property=\"og:image:type\" content=\"image\/jpeg\" \/>\n<meta name=\"twitter:card\" content=\"summary_large_image\" \/>\n<meta name=\"twitter:label1\" content=\"Est. reading time\" \/>\n\t<meta name=\"twitter:data1\" content=\"1 minute\" \/>\n<script type=\"application\/ld+json\" class=\"yoast-schema-graph\">{\"@context\":\"https:\\\/\\\/schema.org\",\"@graph\":[{\"@type\":\"WebPage\",\"@id\":\"https:\\\/\\\/www.lavillak.com\\\/en\\\/contact-access\\\/\",\"url\":\"https:\\\/\\\/www.lavillak.com\\\/en\\\/contact-access\\\/\",\"name\":\"La Villa K | H\u00f4tel 4* Saint-Louis, prox. B\u00e2le, L\u00f6rrach\",\"isPartOf\":{\"@id\":\"https:\\\/\\\/www.lavillak.com\\\/en\\\/#website\"},\"datePublished\":\"2021-02-08T08:32:23+00:00\",\"dateModified\":\"2023-11-07T10:36:20+00:00\",\"breadcrumb\":{\"@id\":\"https:\\\/\\\/www.lavillak.com\\\/en\\\/contact-access\\\/#breadcrumb\"},\"inLanguage\":\"en-US\",\"potentialAction\":[{\"@type\":\"ReadAction\",\"target\":[\"https:\\\/\\\/www.lavillak.com\\\/en\\\/contact-access\\\/\"]}]},{\"@type\":\"BreadcrumbList\",\"@id\":\"https:\\\/\\\/www.lavillak.com\\\/en\\\/contact-access\\\/#breadcrumb\",\"itemListElement\":[{\"@type\":\"ListItem\",\"position\":1,\"name\":\"Home\",\"item\":\"https:\\\/\\\/www.lavillak.com\\\/en\\\/\"},{\"@type\":\"ListItem\",\"position\":2,\"name\":\"Contact &#038; access\"}]},{\"@type\":\"WebSite\",\"@id\":\"https:\\\/\\\/www.lavillak.com\\\/en\\\/#website\",\"url\":\"https:\\\/\\\/www.lavillak.com\\\/en\\\/\",\"name\":\"La Villa K\",\"description\":\"H\u00f4tel Spa Restaurant 4 \u00e9toiles\",\"publisher\":{\"@id\":\"https:\\\/\\\/www.lavillak.com\\\/en\\\/#organization\"},\"potentialAction\":[{\"@type\":\"SearchAction\",\"target\":{\"@type\":\"EntryPoint\",\"urlTemplate\":\"https:\\\/\\\/www.lavillak.com\\\/en\\\/?s={search_term_string}\"},\"query-input\":{\"@type\":\"PropertyValueSpecification\",\"valueRequired\":true,\"valueName\":\"search_term_string\"}}],\"inLanguage\":\"en-US\"},{\"@type\":\"Organization\",\"@id\":\"https:\\\/\\\/www.lavillak.com\\\/en\\\/#organization\",\"name\":\"La Villa K\",\"url\":\"https:\\\/\\\/www.lavillak.com\\\/en\\\/\",\"logo\":{\"@type\":\"ImageObject\",\"inLanguage\":\"en-US\",\"@id\":\"https:\\\/\\\/www.lavillak.com\\\/en\\\/#\\\/schema\\\/logo\\\/image\\\/\",\"url\":\"https:\\\/\\\/www.lavillak.com\\\/wp-inside\\\/uploads\\\/2021\\\/05\\\/logo-hotel-lavillak-230x144_2x.png\",\"contentUrl\":\"https:\\\/\\\/www.lavillak.com\\\/wp-inside\\\/uploads\\\/2021\\\/05\\\/logo-hotel-lavillak-230x144_2x.png\",\"width\":460,\"height\":288,\"caption\":\"La Villa K\"},\"image\":{\"@id\":\"https:\\\/\\\/www.lavillak.com\\\/en\\\/#\\\/schema\\\/logo\\\/image\\\/\"},\"sameAs\":[\"https:\\\/\\\/www.facebook.com\\\/lavillak\\\/\",\"https:\\\/\\\/www.instagram.com\\\/hotellavillak\\\/\",\"https:\\\/\\\/fr.pinterest.com\\\/hotellavillaket\\\/\"]}]}<\/script>\n<!-- \/ Yoast SEO plugin. -->","yoast_head_json":{"title":"La Villa K | H\u00f4tel 4* Saint-Louis, prox. B\u00e2le, L\u00f6rrach","robots":{"index":"index","follow":"follow","max-snippet":"max-snippet:-1","max-image-preview":"max-image-preview:large","max-video-preview":"max-video-preview:-1"},"canonical":"https:\/\/www.lavillak.com\/en\/contact-access\/","og_locale":"en_US","og_type":"article","og_title":"La Villa K | H\u00f4tel 4* Saint-Louis, prox. B\u00e2le, L\u00f6rrach","og_description":"La Villa K &#8211; BaselAirport 1 rue de Lectoure 68300 Saint-Louis Tel +33 (0) 03 89 70 93 40 reception@lavillak.com Localiser sur la carte Transport to the hotel**** Plane: our [&hellip;]","og_url":"https:\/\/www.lavillak.com\/en\/contact-access\/","og_site_name":"La Villa K","article_publisher":"https:\/\/www.facebook.com\/lavillak\/","article_modified_time":"2023-11-07T10:36:20+00:00","og_image":[{"width":1200,"height":630,"url":"https:\/\/www.lavillak.com\/wp-inside\/uploads\/2021\/05\/2021-05-27-lavillak-logo-1200-630.jpg","type":"image\/jpeg"}],"twitter_card":"summary_large_image","twitter_misc":{"Est. reading time":"1 minute"},"schema":{"@context":"https:\/\/schema.org","@graph":[{"@type":"WebPage","@id":"https:\/\/www.lavillak.com\/en\/contact-access\/","url":"https:\/\/www.lavillak.com\/en\/contact-access\/","name":"La Villa K | H\u00f4tel 4* Saint-Louis, prox. B\u00e2le, L\u00f6rrach","isPartOf":{"@id":"https:\/\/www.lavillak.com\/en\/#website"},"datePublished":"2021-02-08T08:32:23+00:00","dateModified":"2023-11-07T10:36:20+00:00","breadcrumb":{"@id":"https:\/\/www.lavillak.com\/en\/contact-access\/#breadcrumb"},"inLanguage":"en-US","potentialAction":[{"@type":"ReadAction","target":["https:\/\/www.lavillak.com\/en\/contact-access\/"]}]},{"@type":"BreadcrumbList","@id":"https:\/\/www.lavillak.com\/en\/contact-access\/#breadcrumb","itemListElement":[{"@type":"ListItem","position":1,"name":"Home","item":"https:\/\/www.lavillak.com\/en\/"},{"@type":"ListItem","position":2,"name":"Contact &#038; access"}]},{"@type":"WebSite","@id":"https:\/\/www.lavillak.com\/en\/#website","url":"https:\/\/www.lavillak.com\/en\/","name":"La Villa K","description":"H\u00f4tel Spa Restaurant 4 \u00e9toiles","publisher":{"@id":"https:\/\/www.lavillak.com\/en\/#organization"},"potentialAction":[{"@type":"SearchAction","target":{"@type":"EntryPoint","urlTemplate":"https:\/\/www.lavillak.com\/en\/?s={search_term_string}"},"query-input":{"@type":"PropertyValueSpecification","valueRequired":true,"valueName":"search_term_string"}}],"inLanguage":"en-US"},{"@type":"Organization","@id":"https:\/\/www.lavillak.com\/en\/#organization","name":"La Villa K","url":"https:\/\/www.lavillak.com\/en\/","logo":{"@type":"ImageObject","inLanguage":"en-US","@id":"https:\/\/www.lavillak.com\/en\/#\/schema\/logo\/image\/","url":"https:\/\/www.lavillak.com\/wp-inside\/uploads\/2021\/05\/logo-hotel-lavillak-230x144_2x.png","contentUrl":"https:\/\/www.lavillak.com\/wp-inside\/uploads\/2021\/05\/logo-hotel-lavillak-230x144_2x.png","width":460,"height":288,"caption":"La Villa K"},"image":{"@id":"https:\/\/www.lavillak.com\/en\/#\/schema\/logo\/image\/"},"sameAs":["https:\/\/www.facebook.com\/lavillak\/","https:\/\/www.instagram.com\/hotellavillak\/","https:\/\/fr.pinterest.com\/hotellavillaket\/"]}]}},"_links":{"self":[{"href":"https:\/\/www.lavillak.com\/en\/wp-json\/wp\/v2\/pages\/9780","targetHints":{"allow":["GET"]}}],"collection":[{"href":"https:\/\/www.lavillak.com\/en\/wp-json\/wp\/v2\/pages"}],"about":[{"href":"https:\/\/www.lavillak.com\/en\/wp-json\/wp\/v2\/types\/page"}],"author":[{"embeddable":true,"href":"https:\/\/www.lavillak.com\/en\/wp-json\/wp\/v2\/users\/3"}],"replies":[{"embeddable":true,"href":"https:\/\/www.lavillak.com\/en\/wp-json\/wp\/v2\/comments?post=9780"}],"version-history":[{"count":5,"href":"https:\/\/www.lavillak.com\/en\/wp-json\/wp\/v2\/pages\/9780\/revisions"}],"predecessor-version":[{"id":16978,"href":"https:\/\/www.lavillak.com\/en\/wp-json\/wp\/v2\/pages\/9780\/revisions\/16978"}],"wp:attachment":[{"href":"https:\/\/www.lavillak.com\/en\/wp-json\/wp\/v2\/media?parent=9780"}],"curies":[{"name":"wp","href":"https:\/\/api.w.org\/{rel}","templated":true}]}}